{"id":18045,"date":"2018-06-13T14:28:34","date_gmt":"2018-06-13T12:28:34","guid":{"rendered":"https:\/\/saksavorst.ee\/product\/300-x-600-mm-raakakypstyspussit-tublin-10\/"},"modified":"2026-03-09T13:52:55","modified_gmt":"2026-03-09T11:52:55","slug":"300x600mm-kuivakypsytyspussit-tublin10","status":"publish","type":"product","link":"https:\/\/saksavorst.ee\/fi\/tuote\/300x600mm-kuivakypsytyspussit-tublin10\/","title":{"rendered":"300x600mm kuivakypsytyspussit Tublin\u00ae10"},"content":{"rendered":"<h4><strong>KUVAUS:<\/strong><\/h4>\n<p>M\u00e4\u00e4r\u00e4: 5 kpl<\/p>\n<p>Koko: 300 x 600 mm<\/p>\n<p>Paksuus: 40-80 mic<\/p>\n<p>S\u00e4ilytet\u00e4\u00e4n viile\u00e4ss\u00e4 (11-25 \u00b0C), kuivassa ja valolta suojattuna<\/p>\n<p>Alkuper\u00e4maa: Tanska<\/p>\n<p>Valmistaja: Tub-Ex ApS<\/p>\n<h4><strong>NAUDANLIHAN KUIVAKYPSYTYS<\/strong><\/h4>\n<p>N\u00e4in k\u00e4yt\u00e4t kuivakypsytykseen tarkoitettuja Tub-Ex Tublin\u00ae -tyhji\u00f6pusseja:<\/p>\n<p>Valitse sopiva naudanlihapala, joka voi olla my\u00f6s kyljyspala, ja laita se pussiin.<\/p>\n<p>K\u00e4yt\u00e4 putkella tai kammiolla varustettua tyhji\u00f6pakkauslaitetta, jotta kaikki ilma saadaan varmasti pois pussista ja pussi voidaan hitsata kiinni.<\/p>\n<p>Pelkk\u00e4 kevyt tyhji\u00f6 riitt\u00e4\u00e4 pussin asettumiseen lihan ymp\u00e4rille.<\/p>\n<p>Laita pakattu liha varovasti ilmanvaihdolla varustetun kylm\u00e4huoneen ritil\u00e4lle (kuivakypsennett\u00e4v\u00e4n lihan ymp\u00e4rill\u00e4 on oltava riitt\u00e4v\u00e4 ilmanvaihto, jotta kuivakypsytys tapahtuu asianmukaisesti).<\/p>\n<p>Lihaisempi puoli kannattaa asettaa alasp\u00e4in, ja rasvaisempi puoli puolestaan yl\u00f6sp\u00e4in.<\/p>\n<p>Ensimm\u00e4isen viikon kuluessa prosessi vaikuttaa lihan ja pussin v\u00e4liss\u00e4 ja liha tummuu.<\/p>\n<p>Lihan on kuivakypsytt\u00e4v\u00e4 v\u00e4hint\u00e4\u00e4n 21 p\u00e4iv\u00e4\u00e4. Lihan painosta h\u00e4vi\u00e4\u00e4 t\u00e4ll\u00f6in noin 10 %. Sopiva kuivakypsytyksen kesto on 28 p\u00e4iv\u00e4\u00e4. Jos kypsennys kest\u00e4\u00e4 pidemp\u00e4\u00e4n (yli 35 p\u00e4iv\u00e4\u00e4), liha on sy\u00f6m\u00e4kelpoista, mutta sen mehukkuus katoaa ja se alkaa muistuttaa maultaan kuivattua lihaa.<\/p>\n<p>Sopivan kuivakypsytysajan j\u00e4lkeen lihan voi ottaa pois pussista ja kuivunut pinta leikataan pois ennen viipalointia.<\/p>\n","protected":false},"excerpt":{"rendered":"<p>Kuivakypsytyspussit on tarkoitettu tuoreen lihan kuivakypsytykseen.<\/p>\n","protected":false},"featured_media":39500,"template":"","meta":{"_acf_changed":false},"product_brand":[],"product_cat":[249,256,248],"product_tag":[],"class_list":{"0":"post-18045","1":"product","2":"type-product","3":"status-publish","4":"has-post-thumbnail","6":"product_cat-vakuumipussit","7":"product_cat-raakakypstyspussit","8":"product_cat-pakkaukset","10":"first","11":"instock","12":"taxable","13":"shipping-taxable","14":"purchasable","15":"product-type-simple"},"acf":[],"yoast_head":"<!-- This site is optimized with the Yoast SEO plugin v27.3 - https:\/\/yoast.com\/product\/yoast-seo-wordpress\/ -->\n<title>300x600mm kuivakypsytyspussit Tublin\u00ae10 - Saksavorst<\/title>\n<meta name=\"robots\" content=\"index, follow, max-snippet:-1, max-image-preview:large, max-video-preview:-1\" \/>\n<link rel=\"canonical\" href=\"https:\/\/saksavorst.ee\/fi\/tuote\/300x600mm-kuivakypsytyspussit-tublin10\/\" \/>\n<meta property=\"og:locale\" content=\"fi_FI\" \/>\n<meta property=\"og:type\" content=\"article\" \/>\n<meta property=\"og:title\" content=\"300x600mm kuivakypsytyspussit Tublin\u00ae10 - Saksavorst\" \/>\n<meta property=\"og:description\" content=\"Kuivakypsytyspussit on tarkoitettu tuoreen lihan kuivakypsytykseen.\" \/>\n<meta property=\"og:url\" content=\"https:\/\/saksavorst.ee\/fi\/tuote\/300x600mm-kuivakypsytyspussit-tublin10\/\" \/>\n<meta property=\"og:site_name\" content=\"Saksavorst\" \/>\n<meta property=\"article:publisher\" content=\"https:\/\/www.facebook.com\/Veikand\" \/>\n<meta property=\"article:modified_time\" content=\"2026-03-09T11:52:55+00:00\" \/>\n<meta property=\"og:image\" content=\"https:\/\/saksavorst.ee\/wp-content\/uploads\/2018\/06\/300x600mm-kuivlaagerdus-vaakumkotid-tublin\u00ae10-5tk-1.png\" \/>\n\t<meta property=\"og:image:width\" content=\"800\" \/>\n\t<meta property=\"og:image:height\" content=\"800\" \/>\n\t<meta property=\"og:image:type\" content=\"image\/png\" \/>\n<meta name=\"twitter:card\" content=\"summary_large_image\" \/>\n<meta name=\"twitter:label1\" content=\"Arvioitu lukuaika\" \/>\n\t<meta name=\"twitter:data1\" content=\"2 minuuttia\" \/>\n<script type=\"application\/ld+json\" class=\"yoast-schema-graph\">{\"@context\":\"https:\\\/\\\/schema.org\",\"@graph\":[{\"@type\":\"WebPage\",\"@id\":\"https:\\\/\\\/saksavorst.ee\\\/fi\\\/tuote\\\/300x600mm-kuivakypsytyspussit-tublin10\\\/\",\"url\":\"https:\\\/\\\/saksavorst.ee\\\/fi\\\/tuote\\\/300x600mm-kuivakypsytyspussit-tublin10\\\/\",\"name\":\"300x600mm kuivakypsytyspussit Tublin\u00ae10 - Saksavorst\",\"isPartOf\":{\"@id\":\"https:\\\/\\\/saksavorst.ee\\\/fi\\\/#website\"},\"primaryImageOfPage\":{\"@id\":\"https:\\\/\\\/saksavorst.ee\\\/fi\\\/tuote\\\/300x600mm-kuivakypsytyspussit-tublin10\\\/#primaryimage\"},\"image\":{\"@id\":\"https:\\\/\\\/saksavorst.ee\\\/fi\\\/tuote\\\/300x600mm-kuivakypsytyspussit-tublin10\\\/#primaryimage\"},\"thumbnailUrl\":\"https:\\\/\\\/saksavorst.ee\\\/wp-content\\\/uploads\\\/2018\\\/06\\\/300x600mm-kuivlaagerdus-vaakumkotid-tublin\u00ae10-5tk-1.png\",\"datePublished\":\"2018-06-13T12:28:34+00:00\",\"dateModified\":\"2026-03-09T11:52:55+00:00\",\"breadcrumb\":{\"@id\":\"https:\\\/\\\/saksavorst.ee\\\/fi\\\/tuote\\\/300x600mm-kuivakypsytyspussit-tublin10\\\/#breadcrumb\"},\"inLanguage\":\"fi\",\"potentialAction\":[{\"@type\":\"ReadAction\",\"target\":[\"https:\\\/\\\/saksavorst.ee\\\/fi\\\/tuote\\\/300x600mm-kuivakypsytyspussit-tublin10\\\/\"]}]},{\"@type\":\"ImageObject\",\"inLanguage\":\"fi\",\"@id\":\"https:\\\/\\\/saksavorst.ee\\\/fi\\\/tuote\\\/300x600mm-kuivakypsytyspussit-tublin10\\\/#primaryimage\",\"url\":\"https:\\\/\\\/saksavorst.ee\\\/wp-content\\\/uploads\\\/2018\\\/06\\\/300x600mm-kuivlaagerdus-vaakumkotid-tublin\u00ae10-5tk-1.png\",\"contentUrl\":\"https:\\\/\\\/saksavorst.ee\\\/wp-content\\\/uploads\\\/2018\\\/06\\\/300x600mm-kuivlaagerdus-vaakumkotid-tublin\u00ae10-5tk-1.png\",\"width\":800,\"height\":800},{\"@type\":\"BreadcrumbList\",\"@id\":\"https:\\\/\\\/saksavorst.ee\\\/fi\\\/tuote\\\/300x600mm-kuivakypsytyspussit-tublin10\\\/#breadcrumb\",\"itemListElement\":[{\"@type\":\"ListItem\",\"position\":1,\"name\":\"Home\",\"item\":\"https:\\\/\\\/saksavorst.ee\\\/fi\\\/\"},{\"@type\":\"ListItem\",\"position\":2,\"name\":\"Kauppa\",\"item\":\"https:\\\/\\\/saksavorst.ee\\\/fi\\\/kauppa\\\/\"},{\"@type\":\"ListItem\",\"position\":3,\"name\":\"300x600mm kuivakypsytyspussit Tublin\u00ae10\"}]},{\"@type\":\"WebSite\",\"@id\":\"https:\\\/\\\/saksavorst.ee\\\/fi\\\/#website\",\"url\":\"https:\\\/\\\/saksavorst.ee\\\/fi\\\/\",\"name\":\"Saksavorst\",\"description\":\"Feel the taste of emotions\",\"publisher\":{\"@id\":\"https:\\\/\\\/saksavorst.ee\\\/fi\\\/#organization\"},\"alternateName\":\"Veikand\",\"potentialAction\":[{\"@type\":\"SearchAction\",\"target\":{\"@type\":\"EntryPoint\",\"urlTemplate\":\"https:\\\/\\\/saksavorst.ee\\\/fi\\\/?s={search_term_string}\"},\"query-input\":{\"@type\":\"PropertyValueSpecification\",\"valueRequired\":true,\"valueName\":\"search_term_string\"}}],\"inLanguage\":\"fi\"},{\"@type\":\"Organization\",\"@id\":\"https:\\\/\\\/saksavorst.ee\\\/fi\\\/#organization\",\"name\":\"Saksavorst\",\"alternateName\":\"Veikand\",\"url\":\"https:\\\/\\\/saksavorst.ee\\\/fi\\\/\",\"logo\":{\"@type\":\"ImageObject\",\"inLanguage\":\"fi\",\"@id\":\"https:\\\/\\\/saksavorst.ee\\\/fi\\\/#\\\/schema\\\/logo\\\/image\\\/\",\"url\":\"https:\\\/\\\/saksavorst.ee\\\/wp-content\\\/uploads\\\/2023\\\/05\\\/veikand-logo.jpg\",\"contentUrl\":\"https:\\\/\\\/saksavorst.ee\\\/wp-content\\\/uploads\\\/2023\\\/05\\\/veikand-logo.jpg\",\"width\":217,\"height\":217,\"caption\":\"Saksavorst\"},\"image\":{\"@id\":\"https:\\\/\\\/saksavorst.ee\\\/fi\\\/#\\\/schema\\\/logo\\\/image\\\/\"},\"sameAs\":[\"https:\\\/\\\/www.facebook.com\\\/Veikand\"]}]}<\/script>\n<!-- \/ Yoast SEO plugin. -->","yoast_head_json":{"title":"300x600mm kuivakypsytyspussit Tublin\u00ae10 - Saksavorst","robots":{"index":"index","follow":"follow","max-snippet":"max-snippet:-1","max-image-preview":"max-image-preview:large","max-video-preview":"max-video-preview:-1"},"canonical":"https:\/\/saksavorst.ee\/fi\/tuote\/300x600mm-kuivakypsytyspussit-tublin10\/","og_locale":"fi_FI","og_type":"article","og_title":"300x600mm kuivakypsytyspussit Tublin\u00ae10 - Saksavorst","og_description":"Kuivakypsytyspussit on tarkoitettu tuoreen lihan kuivakypsytykseen.","og_url":"https:\/\/saksavorst.ee\/fi\/tuote\/300x600mm-kuivakypsytyspussit-tublin10\/","og_site_name":"Saksavorst","article_publisher":"https:\/\/www.facebook.com\/Veikand","article_modified_time":"2026-03-09T11:52:55+00:00","og_image":[{"width":800,"height":800,"url":"https:\/\/saksavorst.ee\/wp-content\/uploads\/2018\/06\/300x600mm-kuivlaagerdus-vaakumkotid-tublin\u00ae10-5tk-1.png","type":"image\/png"}],"twitter_card":"summary_large_image","twitter_misc":{"Arvioitu lukuaika":"2 minuuttia"},"schema":{"@context":"https:\/\/schema.org","@graph":[{"@type":"WebPage","@id":"https:\/\/saksavorst.ee\/fi\/tuote\/300x600mm-kuivakypsytyspussit-tublin10\/","url":"https:\/\/saksavorst.ee\/fi\/tuote\/300x600mm-kuivakypsytyspussit-tublin10\/","name":"300x600mm kuivakypsytyspussit Tublin\u00ae10 - Saksavorst","isPartOf":{"@id":"https:\/\/saksavorst.ee\/fi\/#website"},"primaryImageOfPage":{"@id":"https:\/\/saksavorst.ee\/fi\/tuote\/300x600mm-kuivakypsytyspussit-tublin10\/#primaryimage"},"image":{"@id":"https:\/\/saksavorst.ee\/fi\/tuote\/300x600mm-kuivakypsytyspussit-tublin10\/#primaryimage"},"thumbnailUrl":"https:\/\/saksavorst.ee\/wp-content\/uploads\/2018\/06\/300x600mm-kuivlaagerdus-vaakumkotid-tublin\u00ae10-5tk-1.png","datePublished":"2018-06-13T12:28:34+00:00","dateModified":"2026-03-09T11:52:55+00:00","breadcrumb":{"@id":"https:\/\/saksavorst.ee\/fi\/tuote\/300x600mm-kuivakypsytyspussit-tublin10\/#breadcrumb"},"inLanguage":"fi","potentialAction":[{"@type":"ReadAction","target":["https:\/\/saksavorst.ee\/fi\/tuote\/300x600mm-kuivakypsytyspussit-tublin10\/"]}]},{"@type":"ImageObject","inLanguage":"fi","@id":"https:\/\/saksavorst.ee\/fi\/tuote\/300x600mm-kuivakypsytyspussit-tublin10\/#primaryimage","url":"https:\/\/saksavorst.ee\/wp-content\/uploads\/2018\/06\/300x600mm-kuivlaagerdus-vaakumkotid-tublin\u00ae10-5tk-1.png","contentUrl":"https:\/\/saksavorst.ee\/wp-content\/uploads\/2018\/06\/300x600mm-kuivlaagerdus-vaakumkotid-tublin\u00ae10-5tk-1.png","width":800,"height":800},{"@type":"BreadcrumbList","@id":"https:\/\/saksavorst.ee\/fi\/tuote\/300x600mm-kuivakypsytyspussit-tublin10\/#breadcrumb","itemListElement":[{"@type":"ListItem","position":1,"name":"Home","item":"https:\/\/saksavorst.ee\/fi\/"},{"@type":"ListItem","position":2,"name":"Kauppa","item":"https:\/\/saksavorst.ee\/fi\/kauppa\/"},{"@type":"ListItem","position":3,"name":"300x600mm kuivakypsytyspussit Tublin\u00ae10"}]},{"@type":"WebSite","@id":"https:\/\/saksavorst.ee\/fi\/#website","url":"https:\/\/saksavorst.ee\/fi\/","name":"Saksavorst","description":"Feel the taste of emotions","publisher":{"@id":"https:\/\/saksavorst.ee\/fi\/#organization"},"alternateName":"Veikand","potentialAction":[{"@type":"SearchAction","target":{"@type":"EntryPoint","urlTemplate":"https:\/\/saksavorst.ee\/fi\/?s={search_term_string}"},"query-input":{"@type":"PropertyValueSpecification","valueRequired":true,"valueName":"search_term_string"}}],"inLanguage":"fi"},{"@type":"Organization","@id":"https:\/\/saksavorst.ee\/fi\/#organization","name":"Saksavorst","alternateName":"Veikand","url":"https:\/\/saksavorst.ee\/fi\/","logo":{"@type":"ImageObject","inLanguage":"fi","@id":"https:\/\/saksavorst.ee\/fi\/#\/schema\/logo\/image\/","url":"https:\/\/saksavorst.ee\/wp-content\/uploads\/2023\/05\/veikand-logo.jpg","contentUrl":"https:\/\/saksavorst.ee\/wp-content\/uploads\/2023\/05\/veikand-logo.jpg","width":217,"height":217,"caption":"Saksavorst"},"image":{"@id":"https:\/\/saksavorst.ee\/fi\/#\/schema\/logo\/image\/"},"sameAs":["https:\/\/www.facebook.com\/Veikand"]}]}},"_links":{"self":[{"href":"https:\/\/saksavorst.ee\/fi\/wp-json\/wp\/v2\/product\/18045","targetHints":{"allow":["GET"]}}],"collection":[{"href":"https:\/\/saksavorst.ee\/fi\/wp-json\/wp\/v2\/product"}],"about":[{"href":"https:\/\/saksavorst.ee\/fi\/wp-json\/wp\/v2\/types\/product"}],"version-history":[{"count":1,"href":"https:\/\/saksavorst.ee\/fi\/wp-json\/wp\/v2\/product\/18045\/revisions"}],"predecessor-version":[{"id":42578,"href":"https:\/\/saksavorst.ee\/fi\/wp-json\/wp\/v2\/product\/18045\/revisions\/42578"}],"wp:featuredmedia":[{"embeddable":true,"href":"https:\/\/saksavorst.ee\/fi\/wp-json\/wp\/v2\/media\/39500"}],"wp:attachment":[{"href":"https:\/\/saksavorst.ee\/fi\/wp-json\/wp\/v2\/media?parent=18045"}],"wp:term":[{"taxonomy":"product_brand","embeddable":true,"href":"https:\/\/saksavorst.ee\/fi\/wp-json\/wp\/v2\/product_brand?post=18045"},{"taxonomy":"product_cat","embeddable":true,"href":"https:\/\/saksavorst.ee\/fi\/wp-json\/wp\/v2\/product_cat?post=18045"},{"taxonomy":"product_tag","embeddable":true,"href":"https:\/\/saksavorst.ee\/fi\/wp-json\/wp\/v2\/product_tag?post=18045"}],"curies":[{"name":"wp","href":"https:\/\/api.w.org\/{rel}","templated":true}]}}