{"id":17999,"date":"2017-09-11T13:01:55","date_gmt":"2017-09-11T13:01:55","guid":{"rendered":"https:\/\/saksavorst.ee\/product\/sahkoinen-poytasekoitin-40-l\/"},"modified":"2025-09-15T15:40:42","modified_gmt":"2025-09-15T13:40:42","slug":"40l-sailion-sahkoinen-lihasekoitin-moottorilla","status":"publish","type":"product","link":"https:\/\/saksavorst.ee\/fi\/tuote\/40l-sailion-sahkoinen-lihasekoitin-moottorilla\/","title":{"rendered":"40L s\u00e4ili\u00f6n s\u00e4hk\u00f6inen lihasekoitin moottorilla"},"content":{"rendered":"<p>Valmistaja: Hakka Brothers<\/p>\n<p>Tyyppi\/malli: FME40B<\/p>\n<p>Ruostumaton ter\u00e4s<\/p>\n<p>Vispil\u00e4t<\/p>\n<p>Tilavuus: 40 L \/ enint\u00e4\u00e4n ~35 kg<\/p>\n<p>Teho: 1,1 kW \/ 230 V \/ 50 Hz<\/p>\n<p>Ulkomitat P x L x K: 600 x 400 x 380 mm<\/p>\n<p>Paino: 43 kg<\/p>\n<p>Manuaalinen <a href=\"https:\/\/saksavorst.ee\/wp-content\/uploads\/2024\/03\/meat-mixer-manual.pdf\">Meat mixer manual<\/a><\/p>\n<p>&nbsp;<\/p>\n<div style=\"width: 854px;\" class=\"wp-video\"><video class=\"wp-video-shortcode\" id=\"video-17999-1\" width=\"854\" height=\"480\" preload=\"metadata\" controls=\"controls\"><source type=\"video\/mp4\" src=\"https:\/\/saksavorst.ee\/wp-content\/uploads\/2024\/03\/lauapealne-elektriline-segaja-video.mp4?_=1\" \/><a href=\"https:\/\/saksavorst.ee\/wp-content\/uploads\/2024\/03\/lauapealne-elektriline-segaja-video.mp4\">https:\/\/saksavorst.ee\/wp-content\/uploads\/2024\/03\/lauapealne-elektriline-segaja-video.mp4<\/a><\/video><\/div>\n","protected":false},"excerpt":{"rendered":"<p>Makkaraseoksen ja mausteiden sekoittamiseen. Sopii sek\u00e4 mets\u00e4st\u00e4jille ett\u00e4 kotik\u00e4ytt\u00f6\u00f6n.<\/p>\n","protected":false},"featured_media":23342,"template":"","meta":{"_acf_changed":false},"product_brand":[],"product_cat":[325,221,237],"product_tag":[],"class_list":{"0":"post-17999","1":"product","2":"type-product","3":"status-publish","4":"has-post-thumbnail","6":"product_cat-laitteet","7":"product_cat-kaikki-tuotteet","8":"product_cat-sekoittimet-leikkurit","9":"product_shipping_class-ei-mahdu-pakettiautomaattiin","11":"first","12":"instock","13":"taxable","14":"shipping-taxable","15":"purchasable","16":"product-type-simple"},"acf":[],"yoast_head":"<!-- This site is optimized with the Yoast SEO plugin v27.3 - https:\/\/yoast.com\/product\/yoast-seo-wordpress\/ -->\n<title>40L s\u00e4ili\u00f6n s\u00e4hk\u00f6inen lihasekoitin moottorilla - Saksavorst<\/title>\n<meta name=\"robots\" content=\"index, follow, max-snippet:-1, max-image-preview:large, max-video-preview:-1\" \/>\n<link rel=\"canonical\" href=\"https:\/\/saksavorst.ee\/fi\/tuote\/40l-sailion-sahkoinen-lihasekoitin-moottorilla\/\" \/>\n<meta property=\"og:locale\" content=\"fi_FI\" \/>\n<meta property=\"og:type\" content=\"article\" \/>\n<meta property=\"og:title\" content=\"40L s\u00e4ili\u00f6n s\u00e4hk\u00f6inen lihasekoitin moottorilla - Saksavorst\" \/>\n<meta property=\"og:description\" content=\"Makkaraseoksen ja mausteiden sekoittamiseen. Sopii sek\u00e4 mets\u00e4st\u00e4jille ett\u00e4 kotik\u00e4ytt\u00f6\u00f6n.\" \/>\n<meta property=\"og:url\" content=\"https:\/\/saksavorst.ee\/fi\/tuote\/40l-sailion-sahkoinen-lihasekoitin-moottorilla\/\" \/>\n<meta property=\"og:site_name\" content=\"Saksavorst\" \/>\n<meta property=\"article:publisher\" content=\"https:\/\/www.facebook.com\/Veikand\" \/>\n<meta property=\"article:modified_time\" content=\"2025-09-15T13:40:42+00:00\" \/>\n<meta property=\"og:image\" content=\"https:\/\/saksavorst.ee\/wp-content\/uploads\/2017\/09\/Lauapealne-elektriline-segaja-1-segamisvolliga-40-L-1.png\" \/>\n\t<meta property=\"og:image:width\" content=\"800\" \/>\n\t<meta property=\"og:image:height\" content=\"800\" \/>\n\t<meta property=\"og:image:type\" content=\"image\/png\" \/>\n<meta name=\"twitter:card\" content=\"summary_large_image\" \/>\n<meta name=\"twitter:label1\" content=\"Arvioitu lukuaika\" \/>\n\t<meta name=\"twitter:data1\" content=\"1 minuutti\" \/>\n<script type=\"application\/ld+json\" class=\"yoast-schema-graph\">{\"@context\":\"https:\\\/\\\/schema.org\",\"@graph\":[{\"@type\":\"WebPage\",\"@id\":\"https:\\\/\\\/saksavorst.ee\\\/fi\\\/tuote\\\/40l-sailion-sahkoinen-lihasekoitin-moottorilla\\\/\",\"url\":\"https:\\\/\\\/saksavorst.ee\\\/fi\\\/tuote\\\/40l-sailion-sahkoinen-lihasekoitin-moottorilla\\\/\",\"name\":\"40L s\u00e4ili\u00f6n s\u00e4hk\u00f6inen lihasekoitin moottorilla - Saksavorst\",\"isPartOf\":{\"@id\":\"https:\\\/\\\/saksavorst.ee\\\/fi\\\/#website\"},\"primaryImageOfPage\":{\"@id\":\"https:\\\/\\\/saksavorst.ee\\\/fi\\\/tuote\\\/40l-sailion-sahkoinen-lihasekoitin-moottorilla\\\/#primaryimage\"},\"image\":{\"@id\":\"https:\\\/\\\/saksavorst.ee\\\/fi\\\/tuote\\\/40l-sailion-sahkoinen-lihasekoitin-moottorilla\\\/#primaryimage\"},\"thumbnailUrl\":\"https:\\\/\\\/saksavorst.ee\\\/wp-content\\\/uploads\\\/2017\\\/09\\\/Lauapealne-elektriline-segaja-1-segamisvolliga-40-L-1.png\",\"datePublished\":\"2017-09-11T13:01:55+00:00\",\"dateModified\":\"2025-09-15T13:40:42+00:00\",\"breadcrumb\":{\"@id\":\"https:\\\/\\\/saksavorst.ee\\\/fi\\\/tuote\\\/40l-sailion-sahkoinen-lihasekoitin-moottorilla\\\/#breadcrumb\"},\"inLanguage\":\"fi\",\"potentialAction\":[{\"@type\":\"ReadAction\",\"target\":[\"https:\\\/\\\/saksavorst.ee\\\/fi\\\/tuote\\\/40l-sailion-sahkoinen-lihasekoitin-moottorilla\\\/\"]}]},{\"@type\":\"ImageObject\",\"inLanguage\":\"fi\",\"@id\":\"https:\\\/\\\/saksavorst.ee\\\/fi\\\/tuote\\\/40l-sailion-sahkoinen-lihasekoitin-moottorilla\\\/#primaryimage\",\"url\":\"https:\\\/\\\/saksavorst.ee\\\/wp-content\\\/uploads\\\/2017\\\/09\\\/Lauapealne-elektriline-segaja-1-segamisvolliga-40-L-1.png\",\"contentUrl\":\"https:\\\/\\\/saksavorst.ee\\\/wp-content\\\/uploads\\\/2017\\\/09\\\/Lauapealne-elektriline-segaja-1-segamisvolliga-40-L-1.png\",\"width\":800,\"height\":800},{\"@type\":\"BreadcrumbList\",\"@id\":\"https:\\\/\\\/saksavorst.ee\\\/fi\\\/tuote\\\/40l-sailion-sahkoinen-lihasekoitin-moottorilla\\\/#breadcrumb\",\"itemListElement\":[{\"@type\":\"ListItem\",\"position\":1,\"name\":\"Home\",\"item\":\"https:\\\/\\\/saksavorst.ee\\\/fi\\\/\"},{\"@type\":\"ListItem\",\"position\":2,\"name\":\"Kauppa\",\"item\":\"https:\\\/\\\/saksavorst.ee\\\/fi\\\/kauppa\\\/\"},{\"@type\":\"ListItem\",\"position\":3,\"name\":\"40L s\u00e4ili\u00f6n s\u00e4hk\u00f6inen lihasekoitin moottorilla\"}]},{\"@type\":\"WebSite\",\"@id\":\"https:\\\/\\\/saksavorst.ee\\\/fi\\\/#website\",\"url\":\"https:\\\/\\\/saksavorst.ee\\\/fi\\\/\",\"name\":\"Saksavorst\",\"description\":\"Feel the taste of emotions\",\"publisher\":{\"@id\":\"https:\\\/\\\/saksavorst.ee\\\/fi\\\/#organization\"},\"alternateName\":\"Veikand\",\"potentialAction\":[{\"@type\":\"SearchAction\",\"target\":{\"@type\":\"EntryPoint\",\"urlTemplate\":\"https:\\\/\\\/saksavorst.ee\\\/fi\\\/?s={search_term_string}\"},\"query-input\":{\"@type\":\"PropertyValueSpecification\",\"valueRequired\":true,\"valueName\":\"search_term_string\"}}],\"inLanguage\":\"fi\"},{\"@type\":\"Organization\",\"@id\":\"https:\\\/\\\/saksavorst.ee\\\/fi\\\/#organization\",\"name\":\"Saksavorst\",\"alternateName\":\"Veikand\",\"url\":\"https:\\\/\\\/saksavorst.ee\\\/fi\\\/\",\"logo\":{\"@type\":\"ImageObject\",\"inLanguage\":\"fi\",\"@id\":\"https:\\\/\\\/saksavorst.ee\\\/fi\\\/#\\\/schema\\\/logo\\\/image\\\/\",\"url\":\"https:\\\/\\\/saksavorst.ee\\\/wp-content\\\/uploads\\\/2023\\\/05\\\/veikand-logo.jpg\",\"contentUrl\":\"https:\\\/\\\/saksavorst.ee\\\/wp-content\\\/uploads\\\/2023\\\/05\\\/veikand-logo.jpg\",\"width\":217,\"height\":217,\"caption\":\"Saksavorst\"},\"image\":{\"@id\":\"https:\\\/\\\/saksavorst.ee\\\/fi\\\/#\\\/schema\\\/logo\\\/image\\\/\"},\"sameAs\":[\"https:\\\/\\\/www.facebook.com\\\/Veikand\"]}]}<\/script>\n<!-- \/ Yoast SEO plugin. -->","yoast_head_json":{"title":"40L s\u00e4ili\u00f6n s\u00e4hk\u00f6inen lihasekoitin moottorilla - Saksavorst","robots":{"index":"index","follow":"follow","max-snippet":"max-snippet:-1","max-image-preview":"max-image-preview:large","max-video-preview":"max-video-preview:-1"},"canonical":"https:\/\/saksavorst.ee\/fi\/tuote\/40l-sailion-sahkoinen-lihasekoitin-moottorilla\/","og_locale":"fi_FI","og_type":"article","og_title":"40L s\u00e4ili\u00f6n s\u00e4hk\u00f6inen lihasekoitin moottorilla - Saksavorst","og_description":"Makkaraseoksen ja mausteiden sekoittamiseen. Sopii sek\u00e4 mets\u00e4st\u00e4jille ett\u00e4 kotik\u00e4ytt\u00f6\u00f6n.","og_url":"https:\/\/saksavorst.ee\/fi\/tuote\/40l-sailion-sahkoinen-lihasekoitin-moottorilla\/","og_site_name":"Saksavorst","article_publisher":"https:\/\/www.facebook.com\/Veikand","article_modified_time":"2025-09-15T13:40:42+00:00","og_image":[{"width":800,"height":800,"url":"https:\/\/saksavorst.ee\/wp-content\/uploads\/2017\/09\/Lauapealne-elektriline-segaja-1-segamisvolliga-40-L-1.png","type":"image\/png"}],"twitter_card":"summary_large_image","twitter_misc":{"Arvioitu lukuaika":"1 minuutti"},"schema":{"@context":"https:\/\/schema.org","@graph":[{"@type":"WebPage","@id":"https:\/\/saksavorst.ee\/fi\/tuote\/40l-sailion-sahkoinen-lihasekoitin-moottorilla\/","url":"https:\/\/saksavorst.ee\/fi\/tuote\/40l-sailion-sahkoinen-lihasekoitin-moottorilla\/","name":"40L s\u00e4ili\u00f6n s\u00e4hk\u00f6inen lihasekoitin moottorilla - Saksavorst","isPartOf":{"@id":"https:\/\/saksavorst.ee\/fi\/#website"},"primaryImageOfPage":{"@id":"https:\/\/saksavorst.ee\/fi\/tuote\/40l-sailion-sahkoinen-lihasekoitin-moottorilla\/#primaryimage"},"image":{"@id":"https:\/\/saksavorst.ee\/fi\/tuote\/40l-sailion-sahkoinen-lihasekoitin-moottorilla\/#primaryimage"},"thumbnailUrl":"https:\/\/saksavorst.ee\/wp-content\/uploads\/2017\/09\/Lauapealne-elektriline-segaja-1-segamisvolliga-40-L-1.png","datePublished":"2017-09-11T13:01:55+00:00","dateModified":"2025-09-15T13:40:42+00:00","breadcrumb":{"@id":"https:\/\/saksavorst.ee\/fi\/tuote\/40l-sailion-sahkoinen-lihasekoitin-moottorilla\/#breadcrumb"},"inLanguage":"fi","potentialAction":[{"@type":"ReadAction","target":["https:\/\/saksavorst.ee\/fi\/tuote\/40l-sailion-sahkoinen-lihasekoitin-moottorilla\/"]}]},{"@type":"ImageObject","inLanguage":"fi","@id":"https:\/\/saksavorst.ee\/fi\/tuote\/40l-sailion-sahkoinen-lihasekoitin-moottorilla\/#primaryimage","url":"https:\/\/saksavorst.ee\/wp-content\/uploads\/2017\/09\/Lauapealne-elektriline-segaja-1-segamisvolliga-40-L-1.png","contentUrl":"https:\/\/saksavorst.ee\/wp-content\/uploads\/2017\/09\/Lauapealne-elektriline-segaja-1-segamisvolliga-40-L-1.png","width":800,"height":800},{"@type":"BreadcrumbList","@id":"https:\/\/saksavorst.ee\/fi\/tuote\/40l-sailion-sahkoinen-lihasekoitin-moottorilla\/#breadcrumb","itemListElement":[{"@type":"ListItem","position":1,"name":"Home","item":"https:\/\/saksavorst.ee\/fi\/"},{"@type":"ListItem","position":2,"name":"Kauppa","item":"https:\/\/saksavorst.ee\/fi\/kauppa\/"},{"@type":"ListItem","position":3,"name":"40L s\u00e4ili\u00f6n s\u00e4hk\u00f6inen lihasekoitin moottorilla"}]},{"@type":"WebSite","@id":"https:\/\/saksavorst.ee\/fi\/#website","url":"https:\/\/saksavorst.ee\/fi\/","name":"Saksavorst","description":"Feel the taste of emotions","publisher":{"@id":"https:\/\/saksavorst.ee\/fi\/#organization"},"alternateName":"Veikand","potentialAction":[{"@type":"SearchAction","target":{"@type":"EntryPoint","urlTemplate":"https:\/\/saksavorst.ee\/fi\/?s={search_term_string}"},"query-input":{"@type":"PropertyValueSpecification","valueRequired":true,"valueName":"search_term_string"}}],"inLanguage":"fi"},{"@type":"Organization","@id":"https:\/\/saksavorst.ee\/fi\/#organization","name":"Saksavorst","alternateName":"Veikand","url":"https:\/\/saksavorst.ee\/fi\/","logo":{"@type":"ImageObject","inLanguage":"fi","@id":"https:\/\/saksavorst.ee\/fi\/#\/schema\/logo\/image\/","url":"https:\/\/saksavorst.ee\/wp-content\/uploads\/2023\/05\/veikand-logo.jpg","contentUrl":"https:\/\/saksavorst.ee\/wp-content\/uploads\/2023\/05\/veikand-logo.jpg","width":217,"height":217,"caption":"Saksavorst"},"image":{"@id":"https:\/\/saksavorst.ee\/fi\/#\/schema\/logo\/image\/"},"sameAs":["https:\/\/www.facebook.com\/Veikand"]}]}},"_links":{"self":[{"href":"https:\/\/saksavorst.ee\/fi\/wp-json\/wp\/v2\/product\/17999","targetHints":{"allow":["GET"]}}],"collection":[{"href":"https:\/\/saksavorst.ee\/fi\/wp-json\/wp\/v2\/product"}],"about":[{"href":"https:\/\/saksavorst.ee\/fi\/wp-json\/wp\/v2\/types\/product"}],"version-history":[{"count":1,"href":"https:\/\/saksavorst.ee\/fi\/wp-json\/wp\/v2\/product\/17999\/revisions"}],"predecessor-version":[{"id":45778,"href":"https:\/\/saksavorst.ee\/fi\/wp-json\/wp\/v2\/product\/17999\/revisions\/45778"}],"wp:featuredmedia":[{"embeddable":true,"href":"https:\/\/saksavorst.ee\/fi\/wp-json\/wp\/v2\/media\/23342"}],"wp:attachment":[{"href":"https:\/\/saksavorst.ee\/fi\/wp-json\/wp\/v2\/media?parent=17999"}],"wp:term":[{"taxonomy":"product_brand","embeddable":true,"href":"https:\/\/saksavorst.ee\/fi\/wp-json\/wp\/v2\/product_brand?post=17999"},{"taxonomy":"product_cat","embeddable":true,"href":"https:\/\/saksavorst.ee\/fi\/wp-json\/wp\/v2\/product_cat?post=17999"},{"taxonomy":"product_tag","embeddable":true,"href":"https:\/\/saksavorst.ee\/fi\/wp-json\/wp\/v2\/product_tag?post=17999"}],"curies":[{"name":"wp","href":"https:\/\/api.w.org\/{rel}","templated":true}]}}