{"id":17944,"date":"2015-09-17T08:55:32","date_gmt":"2015-09-17T06:55:32","guid":{"rendered":"https:\/\/saksavorst.ee\/product\/mausteseos-pampa-1kg\/"},"modified":"2025-09-16T13:46:06","modified_gmt":"2025-09-16T11:46:06","slug":"mausteseos-lihatuotteille-pampa-1kg","status":"publish","type":"product","link":"https:\/\/saksavorst.ee\/fi\/tuote\/mausteseos-lihatuotteille-pampa-1kg\/","title":{"rendered":"Mausteseos lihatuotteille PAMPA 1kg"},"content":{"rendered":"<h4><strong>PAMPA<\/strong><\/h4>\n<h4><strong>Ainesosat:<\/strong><\/h4>\n<p>Pippuri, sokeri, paprika, oregano, sipuli ja valkosipuli<\/p>\n<p>M\u00e4\u00e4r\u00e4: 1 kg<\/p>\n<p>Suositeltu annostus: 8-10 g\/kg + suola<\/p>\n<p>S\u00e4ilytet\u00e4\u00e4n viile\u00e4ss\u00e4 (11-25 \u00b0C), kuivassa ja valolta suojattuna<\/p>\n<p>Parasta ennen: katso pakkauksesta<\/p>\n<h4><strong>Ravintoarvo 100 g tuotetta kohden:<\/strong><\/h4>\n<p>Energiasis\u00e4lt\u00f6 1395 kJ \/ 330 kcal<br \/>\nRasvoja 2,3 g<br \/>\njosta tyydyttyneit\u00e4 0,5 g<br \/>\nHiilihydraatteja 62 g<br \/>\njosta sokereita 60 g<br \/>\nProteiinia 9,2 g<br \/>\nSuolaa 0 g<\/p>\n<p>Valmistusmaa: Saksa<\/p>\n<p>Valmistaja: RAPS GmbH &amp; Co. KG<\/p>\n","protected":false},"excerpt":{"rendered":"<p>Pippuriseos liharuokien maustamiseen (pihvit, grillimakkara ja lihas\u00e4ilykkeet).<\/p>\n","protected":false},"featured_media":23479,"template":"","meta":{"_acf_changed":false},"product_brand":[],"product_cat":[230,229,234,235,228,227],"product_tag":[],"class_list":{"0":"post-17944","1":"product","2":"type-product","3":"status-publish","4":"has-post-thumbnail","6":"product_cat-sailykkeiden-maustaminen","7":"product_cat-mausteet-mausteet","8":"product_cat-grillattu-makkaran-mausteet","9":"product_cat-mausteet-savusmakkaralle","10":"product_cat-jauheliha-tuotteiden-mausteet","11":"product_cat-mausteet","13":"first","14":"instock","15":"taxable","16":"shipping-taxable","17":"purchasable","18":"product-type-simple"},"acf":[],"yoast_head":"<!-- This site is optimized with the Yoast SEO plugin v27.3 - https:\/\/yoast.com\/product\/yoast-seo-wordpress\/ -->\n<title>Mausteseos lihatuotteille PAMPA 1kg - Saksavorst<\/title>\n<meta name=\"robots\" content=\"index, follow, max-snippet:-1, max-image-preview:large, max-video-preview:-1\" \/>\n<link rel=\"canonical\" href=\"https:\/\/saksavorst.ee\/fi\/tuote\/mausteseos-lihatuotteille-pampa-1kg\/\" \/>\n<meta property=\"og:locale\" content=\"fi_FI\" \/>\n<meta property=\"og:type\" content=\"article\" \/>\n<meta property=\"og:title\" content=\"Mausteseos lihatuotteille PAMPA 1kg - Saksavorst\" \/>\n<meta property=\"og:description\" content=\"Pippuriseos liharuokien maustamiseen (pihvit, grillimakkara ja lihas\u00e4ilykkeet).\" \/>\n<meta property=\"og:url\" content=\"https:\/\/saksavorst.ee\/fi\/tuote\/mausteseos-lihatuotteille-pampa-1kg\/\" \/>\n<meta property=\"og:site_name\" content=\"Saksavorst\" \/>\n<meta property=\"article:publisher\" content=\"https:\/\/www.facebook.com\/Veikand\" \/>\n<meta property=\"article:modified_time\" content=\"2025-09-16T11:46:06+00:00\" \/>\n<meta property=\"og:image\" content=\"https:\/\/saksavorst.ee\/wp-content\/uploads\/2015\/09\/Maitseainesegu-lihatoodetele-PAMPA.png\" \/>\n\t<meta property=\"og:image:width\" content=\"800\" \/>\n\t<meta property=\"og:image:height\" content=\"800\" \/>\n\t<meta property=\"og:image:type\" content=\"image\/png\" \/>\n<meta name=\"twitter:card\" content=\"summary_large_image\" \/>\n<meta name=\"twitter:label1\" content=\"Arvioitu lukuaika\" \/>\n\t<meta name=\"twitter:data1\" content=\"1 minuutti\" \/>\n<script type=\"application\/ld+json\" class=\"yoast-schema-graph\">{\"@context\":\"https:\\\/\\\/schema.org\",\"@graph\":[{\"@type\":\"WebPage\",\"@id\":\"https:\\\/\\\/saksavorst.ee\\\/fi\\\/tuote\\\/mausteseos-lihatuotteille-pampa-1kg\\\/\",\"url\":\"https:\\\/\\\/saksavorst.ee\\\/fi\\\/tuote\\\/mausteseos-lihatuotteille-pampa-1kg\\\/\",\"name\":\"Mausteseos lihatuotteille PAMPA 1kg - Saksavorst\",\"isPartOf\":{\"@id\":\"https:\\\/\\\/saksavorst.ee\\\/fi\\\/#website\"},\"primaryImageOfPage\":{\"@id\":\"https:\\\/\\\/saksavorst.ee\\\/fi\\\/tuote\\\/mausteseos-lihatuotteille-pampa-1kg\\\/#primaryimage\"},\"image\":{\"@id\":\"https:\\\/\\\/saksavorst.ee\\\/fi\\\/tuote\\\/mausteseos-lihatuotteille-pampa-1kg\\\/#primaryimage\"},\"thumbnailUrl\":\"https:\\\/\\\/saksavorst.ee\\\/wp-content\\\/uploads\\\/2015\\\/09\\\/Maitseainesegu-lihatoodetele-PAMPA.png\",\"datePublished\":\"2015-09-17T06:55:32+00:00\",\"dateModified\":\"2025-09-16T11:46:06+00:00\",\"breadcrumb\":{\"@id\":\"https:\\\/\\\/saksavorst.ee\\\/fi\\\/tuote\\\/mausteseos-lihatuotteille-pampa-1kg\\\/#breadcrumb\"},\"inLanguage\":\"fi\",\"potentialAction\":[{\"@type\":\"ReadAction\",\"target\":[\"https:\\\/\\\/saksavorst.ee\\\/fi\\\/tuote\\\/mausteseos-lihatuotteille-pampa-1kg\\\/\"]}]},{\"@type\":\"ImageObject\",\"inLanguage\":\"fi\",\"@id\":\"https:\\\/\\\/saksavorst.ee\\\/fi\\\/tuote\\\/mausteseos-lihatuotteille-pampa-1kg\\\/#primaryimage\",\"url\":\"https:\\\/\\\/saksavorst.ee\\\/wp-content\\\/uploads\\\/2015\\\/09\\\/Maitseainesegu-lihatoodetele-PAMPA.png\",\"contentUrl\":\"https:\\\/\\\/saksavorst.ee\\\/wp-content\\\/uploads\\\/2015\\\/09\\\/Maitseainesegu-lihatoodetele-PAMPA.png\",\"width\":800,\"height\":800},{\"@type\":\"BreadcrumbList\",\"@id\":\"https:\\\/\\\/saksavorst.ee\\\/fi\\\/tuote\\\/mausteseos-lihatuotteille-pampa-1kg\\\/#breadcrumb\",\"itemListElement\":[{\"@type\":\"ListItem\",\"position\":1,\"name\":\"Home\",\"item\":\"https:\\\/\\\/saksavorst.ee\\\/fi\\\/\"},{\"@type\":\"ListItem\",\"position\":2,\"name\":\"Kauppa\",\"item\":\"https:\\\/\\\/saksavorst.ee\\\/fi\\\/kauppa\\\/\"},{\"@type\":\"ListItem\",\"position\":3,\"name\":\"Mausteseos lihatuotteille PAMPA 1kg\"}]},{\"@type\":\"WebSite\",\"@id\":\"https:\\\/\\\/saksavorst.ee\\\/fi\\\/#website\",\"url\":\"https:\\\/\\\/saksavorst.ee\\\/fi\\\/\",\"name\":\"Saksavorst\",\"description\":\"Feel the taste of emotions\",\"publisher\":{\"@id\":\"https:\\\/\\\/saksavorst.ee\\\/fi\\\/#organization\"},\"alternateName\":\"Veikand\",\"potentialAction\":[{\"@type\":\"SearchAction\",\"target\":{\"@type\":\"EntryPoint\",\"urlTemplate\":\"https:\\\/\\\/saksavorst.ee\\\/fi\\\/?s={search_term_string}\"},\"query-input\":{\"@type\":\"PropertyValueSpecification\",\"valueRequired\":true,\"valueName\":\"search_term_string\"}}],\"inLanguage\":\"fi\"},{\"@type\":\"Organization\",\"@id\":\"https:\\\/\\\/saksavorst.ee\\\/fi\\\/#organization\",\"name\":\"Saksavorst\",\"alternateName\":\"Veikand\",\"url\":\"https:\\\/\\\/saksavorst.ee\\\/fi\\\/\",\"logo\":{\"@type\":\"ImageObject\",\"inLanguage\":\"fi\",\"@id\":\"https:\\\/\\\/saksavorst.ee\\\/fi\\\/#\\\/schema\\\/logo\\\/image\\\/\",\"url\":\"https:\\\/\\\/saksavorst.ee\\\/wp-content\\\/uploads\\\/2023\\\/05\\\/veikand-logo.jpg\",\"contentUrl\":\"https:\\\/\\\/saksavorst.ee\\\/wp-content\\\/uploads\\\/2023\\\/05\\\/veikand-logo.jpg\",\"width\":217,\"height\":217,\"caption\":\"Saksavorst\"},\"image\":{\"@id\":\"https:\\\/\\\/saksavorst.ee\\\/fi\\\/#\\\/schema\\\/logo\\\/image\\\/\"},\"sameAs\":[\"https:\\\/\\\/www.facebook.com\\\/Veikand\"]}]}<\/script>\n<!-- \/ Yoast SEO plugin. -->","yoast_head_json":{"title":"Mausteseos lihatuotteille PAMPA 1kg - Saksavorst","robots":{"index":"index","follow":"follow","max-snippet":"max-snippet:-1","max-image-preview":"max-image-preview:large","max-video-preview":"max-video-preview:-1"},"canonical":"https:\/\/saksavorst.ee\/fi\/tuote\/mausteseos-lihatuotteille-pampa-1kg\/","og_locale":"fi_FI","og_type":"article","og_title":"Mausteseos lihatuotteille PAMPA 1kg - Saksavorst","og_description":"Pippuriseos liharuokien maustamiseen (pihvit, grillimakkara ja lihas\u00e4ilykkeet).","og_url":"https:\/\/saksavorst.ee\/fi\/tuote\/mausteseos-lihatuotteille-pampa-1kg\/","og_site_name":"Saksavorst","article_publisher":"https:\/\/www.facebook.com\/Veikand","article_modified_time":"2025-09-16T11:46:06+00:00","og_image":[{"width":800,"height":800,"url":"https:\/\/saksavorst.ee\/wp-content\/uploads\/2015\/09\/Maitseainesegu-lihatoodetele-PAMPA.png","type":"image\/png"}],"twitter_card":"summary_large_image","twitter_misc":{"Arvioitu lukuaika":"1 minuutti"},"schema":{"@context":"https:\/\/schema.org","@graph":[{"@type":"WebPage","@id":"https:\/\/saksavorst.ee\/fi\/tuote\/mausteseos-lihatuotteille-pampa-1kg\/","url":"https:\/\/saksavorst.ee\/fi\/tuote\/mausteseos-lihatuotteille-pampa-1kg\/","name":"Mausteseos lihatuotteille PAMPA 1kg - Saksavorst","isPartOf":{"@id":"https:\/\/saksavorst.ee\/fi\/#website"},"primaryImageOfPage":{"@id":"https:\/\/saksavorst.ee\/fi\/tuote\/mausteseos-lihatuotteille-pampa-1kg\/#primaryimage"},"image":{"@id":"https:\/\/saksavorst.ee\/fi\/tuote\/mausteseos-lihatuotteille-pampa-1kg\/#primaryimage"},"thumbnailUrl":"https:\/\/saksavorst.ee\/wp-content\/uploads\/2015\/09\/Maitseainesegu-lihatoodetele-PAMPA.png","datePublished":"2015-09-17T06:55:32+00:00","dateModified":"2025-09-16T11:46:06+00:00","breadcrumb":{"@id":"https:\/\/saksavorst.ee\/fi\/tuote\/mausteseos-lihatuotteille-pampa-1kg\/#breadcrumb"},"inLanguage":"fi","potentialAction":[{"@type":"ReadAction","target":["https:\/\/saksavorst.ee\/fi\/tuote\/mausteseos-lihatuotteille-pampa-1kg\/"]}]},{"@type":"ImageObject","inLanguage":"fi","@id":"https:\/\/saksavorst.ee\/fi\/tuote\/mausteseos-lihatuotteille-pampa-1kg\/#primaryimage","url":"https:\/\/saksavorst.ee\/wp-content\/uploads\/2015\/09\/Maitseainesegu-lihatoodetele-PAMPA.png","contentUrl":"https:\/\/saksavorst.ee\/wp-content\/uploads\/2015\/09\/Maitseainesegu-lihatoodetele-PAMPA.png","width":800,"height":800},{"@type":"BreadcrumbList","@id":"https:\/\/saksavorst.ee\/fi\/tuote\/mausteseos-lihatuotteille-pampa-1kg\/#breadcrumb","itemListElement":[{"@type":"ListItem","position":1,"name":"Home","item":"https:\/\/saksavorst.ee\/fi\/"},{"@type":"ListItem","position":2,"name":"Kauppa","item":"https:\/\/saksavorst.ee\/fi\/kauppa\/"},{"@type":"ListItem","position":3,"name":"Mausteseos lihatuotteille PAMPA 1kg"}]},{"@type":"WebSite","@id":"https:\/\/saksavorst.ee\/fi\/#website","url":"https:\/\/saksavorst.ee\/fi\/","name":"Saksavorst","description":"Feel the taste of emotions","publisher":{"@id":"https:\/\/saksavorst.ee\/fi\/#organization"},"alternateName":"Veikand","potentialAction":[{"@type":"SearchAction","target":{"@type":"EntryPoint","urlTemplate":"https:\/\/saksavorst.ee\/fi\/?s={search_term_string}"},"query-input":{"@type":"PropertyValueSpecification","valueRequired":true,"valueName":"search_term_string"}}],"inLanguage":"fi"},{"@type":"Organization","@id":"https:\/\/saksavorst.ee\/fi\/#organization","name":"Saksavorst","alternateName":"Veikand","url":"https:\/\/saksavorst.ee\/fi\/","logo":{"@type":"ImageObject","inLanguage":"fi","@id":"https:\/\/saksavorst.ee\/fi\/#\/schema\/logo\/image\/","url":"https:\/\/saksavorst.ee\/wp-content\/uploads\/2023\/05\/veikand-logo.jpg","contentUrl":"https:\/\/saksavorst.ee\/wp-content\/uploads\/2023\/05\/veikand-logo.jpg","width":217,"height":217,"caption":"Saksavorst"},"image":{"@id":"https:\/\/saksavorst.ee\/fi\/#\/schema\/logo\/image\/"},"sameAs":["https:\/\/www.facebook.com\/Veikand"]}]}},"_links":{"self":[{"href":"https:\/\/saksavorst.ee\/fi\/wp-json\/wp\/v2\/product\/17944","targetHints":{"allow":["GET"]}}],"collection":[{"href":"https:\/\/saksavorst.ee\/fi\/wp-json\/wp\/v2\/product"}],"about":[{"href":"https:\/\/saksavorst.ee\/fi\/wp-json\/wp\/v2\/types\/product"}],"version-history":[{"count":1,"href":"https:\/\/saksavorst.ee\/fi\/wp-json\/wp\/v2\/product\/17944\/revisions"}],"predecessor-version":[{"id":45913,"href":"https:\/\/saksavorst.ee\/fi\/wp-json\/wp\/v2\/product\/17944\/revisions\/45913"}],"wp:featuredmedia":[{"embeddable":true,"href":"https:\/\/saksavorst.ee\/fi\/wp-json\/wp\/v2\/media\/23479"}],"wp:attachment":[{"href":"https:\/\/saksavorst.ee\/fi\/wp-json\/wp\/v2\/media?parent=17944"}],"wp:term":[{"taxonomy":"product_brand","embeddable":true,"href":"https:\/\/saksavorst.ee\/fi\/wp-json\/wp\/v2\/product_brand?post=17944"},{"taxonomy":"product_cat","embeddable":true,"href":"https:\/\/saksavorst.ee\/fi\/wp-json\/wp\/v2\/product_cat?post=17944"},{"taxonomy":"product_tag","embeddable":true,"href":"https:\/\/saksavorst.ee\/fi\/wp-json\/wp\/v2\/product_tag?post=17944"}],"curies":[{"name":"wp","href":"https:\/\/api.w.org\/{rel}","templated":true}]}}