{"id":17879,"date":"2015-01-19T09:36:16","date_gmt":"2015-01-19T09:36:16","guid":{"rendered":"https:\/\/saksavorst.ee\/product\/karhunlaukkapesto-barlauch-pesto-25kg\/"},"modified":"2025-09-19T13:23:21","modified_gmt":"2025-09-19T11:23:21","slug":"karhunlaukkapesto-barlauch-pesto-25kg","status":"publish","type":"product","link":"https:\/\/saksavorst.ee\/fi\/tuote\/karhunlaukkapesto-barlauch-pesto-25kg\/","title":{"rendered":"Karhunlaukkapesto B\u00c4RLAUCH PESTO 2,5kg"},"content":{"rendered":"<h4><strong>B\u00c4RLAUCH PESTO<\/strong><\/h4>\n<h4><strong>Ainesosat:<\/strong><\/h4>\n<p>Osittani hydrogenoitu kasvirasva (rapsinsiemenet, palmu), suola, kuivattu villivalkosipuli (5 %), kuivattu sipuli, kuivattu valkosipuli, maustekasvit ja mustapippuri<\/p>\n<p>M\u00e4\u00e4r\u00e4: 2,5 kg = 2,6 l<\/p>\n<p>Suositeltu annostus: 40-100 g\/kg<\/p>\n<p>S\u00e4ilytet\u00e4\u00e4n viile\u00e4ss\u00e4 (11-25 \u00b0C), kuivassa ja valolta suojattuna<\/p>\n<p>Parasta ennen: katso pakkauksesta<\/p>\n<h4><strong>Ravintoarvo 100 g tuotetta kohden:<\/strong><\/h4>\n<p>Energiasis\u00e4lt\u00f6 2976 kJ \/ 722 kcal<br \/>\nRasvoja 76 g<br \/>\njosta tyydyttyneit\u00e4 12 g<br \/>\nHiilihydraatteja 5,1 g<br \/>\njosta sokereita 1,1 g<br \/>\nProteiinia 2,5 g<br \/>\nSuolaa 10,1 g<\/p>\n<p>Valmistusmaa: Saksa<\/p>\n<p>Valmistaja: RAPS GmbH &amp; Co. KG<\/p>\n","protected":false},"excerpt":{"rendered":"<p>Karhunlaukkapesto sopii erinomaisesti lihalle, kalalle, linnunlihalle, pastoihin ja erityisruokien maustamiseen.<\/p>\n","protected":false},"featured_media":33320,"template":"","meta":{"_acf_changed":false},"product_brand":[],"product_cat":[220,484],"product_tag":[],"class_list":{"0":"post-17879","1":"product","2":"type-product","3":"status-publish","4":"has-post-thumbnail","6":"product_cat-marinadit","7":"product_cat-kausittaiset-suosikit","9":"first","10":"instock","11":"taxable","12":"shipping-taxable","13":"purchasable","14":"product-type-simple"},"acf":[],"yoast_head":"<!-- This site is optimized with the Yoast SEO plugin v27.3 - https:\/\/yoast.com\/product\/yoast-seo-wordpress\/ -->\n<title>Karhunlaukkapesto B\u00c4RLAUCH PESTO 2,5kg - Saksavorst<\/title>\n<meta name=\"robots\" content=\"index, follow, max-snippet:-1, max-image-preview:large, max-video-preview:-1\" \/>\n<link rel=\"canonical\" href=\"https:\/\/saksavorst.ee\/fi\/tuote\/karhunlaukkapesto-barlauch-pesto-25kg\/\" \/>\n<meta property=\"og:locale\" content=\"fi_FI\" \/>\n<meta property=\"og:type\" content=\"article\" \/>\n<meta property=\"og:title\" content=\"Karhunlaukkapesto B\u00c4RLAUCH PESTO 2,5kg - Saksavorst\" \/>\n<meta property=\"og:description\" content=\"Karhunlaukkapesto sopii erinomaisesti lihalle, kalalle, linnunlihalle, pastoihin ja erityisruokien maustamiseen.\" \/>\n<meta property=\"og:url\" content=\"https:\/\/saksavorst.ee\/fi\/tuote\/karhunlaukkapesto-barlauch-pesto-25kg\/\" \/>\n<meta property=\"og:site_name\" content=\"Saksavorst\" \/>\n<meta property=\"article:publisher\" content=\"https:\/\/www.facebook.com\/Veikand\" \/>\n<meta property=\"article:modified_time\" content=\"2025-09-19T11:23:21+00:00\" \/>\n<meta property=\"og:image\" content=\"https:\/\/saksavorst.ee\/wp-content\/uploads\/2015\/01\/karulaugupesto-barlauch-pesto-25kg-1.png\" \/>\n\t<meta property=\"og:image:width\" content=\"800\" \/>\n\t<meta property=\"og:image:height\" content=\"800\" \/>\n\t<meta property=\"og:image:type\" content=\"image\/png\" \/>\n<meta name=\"twitter:card\" content=\"summary_large_image\" \/>\n<meta name=\"twitter:label1\" content=\"Arvioitu lukuaika\" \/>\n\t<meta name=\"twitter:data1\" content=\"1 minuutti\" \/>\n<script type=\"application\/ld+json\" class=\"yoast-schema-graph\">{\"@context\":\"https:\\\/\\\/schema.org\",\"@graph\":[{\"@type\":\"WebPage\",\"@id\":\"https:\\\/\\\/saksavorst.ee\\\/fi\\\/tuote\\\/karhunlaukkapesto-barlauch-pesto-25kg\\\/\",\"url\":\"https:\\\/\\\/saksavorst.ee\\\/fi\\\/tuote\\\/karhunlaukkapesto-barlauch-pesto-25kg\\\/\",\"name\":\"Karhunlaukkapesto B\u00c4RLAUCH PESTO 2,5kg - Saksavorst\",\"isPartOf\":{\"@id\":\"https:\\\/\\\/saksavorst.ee\\\/fi\\\/#website\"},\"primaryImageOfPage\":{\"@id\":\"https:\\\/\\\/saksavorst.ee\\\/fi\\\/tuote\\\/karhunlaukkapesto-barlauch-pesto-25kg\\\/#primaryimage\"},\"image\":{\"@id\":\"https:\\\/\\\/saksavorst.ee\\\/fi\\\/tuote\\\/karhunlaukkapesto-barlauch-pesto-25kg\\\/#primaryimage\"},\"thumbnailUrl\":\"https:\\\/\\\/saksavorst.ee\\\/wp-content\\\/uploads\\\/2015\\\/01\\\/karulaugupesto-barlauch-pesto-25kg-1.png\",\"datePublished\":\"2015-01-19T09:36:16+00:00\",\"dateModified\":\"2025-09-19T11:23:21+00:00\",\"breadcrumb\":{\"@id\":\"https:\\\/\\\/saksavorst.ee\\\/fi\\\/tuote\\\/karhunlaukkapesto-barlauch-pesto-25kg\\\/#breadcrumb\"},\"inLanguage\":\"fi\",\"potentialAction\":[{\"@type\":\"ReadAction\",\"target\":[\"https:\\\/\\\/saksavorst.ee\\\/fi\\\/tuote\\\/karhunlaukkapesto-barlauch-pesto-25kg\\\/\"]}]},{\"@type\":\"ImageObject\",\"inLanguage\":\"fi\",\"@id\":\"https:\\\/\\\/saksavorst.ee\\\/fi\\\/tuote\\\/karhunlaukkapesto-barlauch-pesto-25kg\\\/#primaryimage\",\"url\":\"https:\\\/\\\/saksavorst.ee\\\/wp-content\\\/uploads\\\/2015\\\/01\\\/karulaugupesto-barlauch-pesto-25kg-1.png\",\"contentUrl\":\"https:\\\/\\\/saksavorst.ee\\\/wp-content\\\/uploads\\\/2015\\\/01\\\/karulaugupesto-barlauch-pesto-25kg-1.png\",\"width\":800,\"height\":800},{\"@type\":\"BreadcrumbList\",\"@id\":\"https:\\\/\\\/saksavorst.ee\\\/fi\\\/tuote\\\/karhunlaukkapesto-barlauch-pesto-25kg\\\/#breadcrumb\",\"itemListElement\":[{\"@type\":\"ListItem\",\"position\":1,\"name\":\"Home\",\"item\":\"https:\\\/\\\/saksavorst.ee\\\/fi\\\/\"},{\"@type\":\"ListItem\",\"position\":2,\"name\":\"Kauppa\",\"item\":\"https:\\\/\\\/saksavorst.ee\\\/fi\\\/kauppa\\\/\"},{\"@type\":\"ListItem\",\"position\":3,\"name\":\"Karhunlaukkapesto B\u00c4RLAUCH PESTO 2,5kg\"}]},{\"@type\":\"WebSite\",\"@id\":\"https:\\\/\\\/saksavorst.ee\\\/fi\\\/#website\",\"url\":\"https:\\\/\\\/saksavorst.ee\\\/fi\\\/\",\"name\":\"Saksavorst\",\"description\":\"Feel the taste of emotions\",\"publisher\":{\"@id\":\"https:\\\/\\\/saksavorst.ee\\\/fi\\\/#organization\"},\"alternateName\":\"Veikand\",\"potentialAction\":[{\"@type\":\"SearchAction\",\"target\":{\"@type\":\"EntryPoint\",\"urlTemplate\":\"https:\\\/\\\/saksavorst.ee\\\/fi\\\/?s={search_term_string}\"},\"query-input\":{\"@type\":\"PropertyValueSpecification\",\"valueRequired\":true,\"valueName\":\"search_term_string\"}}],\"inLanguage\":\"fi\"},{\"@type\":\"Organization\",\"@id\":\"https:\\\/\\\/saksavorst.ee\\\/fi\\\/#organization\",\"name\":\"Saksavorst\",\"alternateName\":\"Veikand\",\"url\":\"https:\\\/\\\/saksavorst.ee\\\/fi\\\/\",\"logo\":{\"@type\":\"ImageObject\",\"inLanguage\":\"fi\",\"@id\":\"https:\\\/\\\/saksavorst.ee\\\/fi\\\/#\\\/schema\\\/logo\\\/image\\\/\",\"url\":\"https:\\\/\\\/saksavorst.ee\\\/wp-content\\\/uploads\\\/2023\\\/05\\\/veikand-logo.jpg\",\"contentUrl\":\"https:\\\/\\\/saksavorst.ee\\\/wp-content\\\/uploads\\\/2023\\\/05\\\/veikand-logo.jpg\",\"width\":217,\"height\":217,\"caption\":\"Saksavorst\"},\"image\":{\"@id\":\"https:\\\/\\\/saksavorst.ee\\\/fi\\\/#\\\/schema\\\/logo\\\/image\\\/\"},\"sameAs\":[\"https:\\\/\\\/www.facebook.com\\\/Veikand\"]}]}<\/script>\n<!-- \/ Yoast SEO plugin. -->","yoast_head_json":{"title":"Karhunlaukkapesto B\u00c4RLAUCH PESTO 2,5kg - Saksavorst","robots":{"index":"index","follow":"follow","max-snippet":"max-snippet:-1","max-image-preview":"max-image-preview:large","max-video-preview":"max-video-preview:-1"},"canonical":"https:\/\/saksavorst.ee\/fi\/tuote\/karhunlaukkapesto-barlauch-pesto-25kg\/","og_locale":"fi_FI","og_type":"article","og_title":"Karhunlaukkapesto B\u00c4RLAUCH PESTO 2,5kg - Saksavorst","og_description":"Karhunlaukkapesto sopii erinomaisesti lihalle, kalalle, linnunlihalle, pastoihin ja erityisruokien maustamiseen.","og_url":"https:\/\/saksavorst.ee\/fi\/tuote\/karhunlaukkapesto-barlauch-pesto-25kg\/","og_site_name":"Saksavorst","article_publisher":"https:\/\/www.facebook.com\/Veikand","article_modified_time":"2025-09-19T11:23:21+00:00","og_image":[{"width":800,"height":800,"url":"https:\/\/saksavorst.ee\/wp-content\/uploads\/2015\/01\/karulaugupesto-barlauch-pesto-25kg-1.png","type":"image\/png"}],"twitter_card":"summary_large_image","twitter_misc":{"Arvioitu lukuaika":"1 minuutti"},"schema":{"@context":"https:\/\/schema.org","@graph":[{"@type":"WebPage","@id":"https:\/\/saksavorst.ee\/fi\/tuote\/karhunlaukkapesto-barlauch-pesto-25kg\/","url":"https:\/\/saksavorst.ee\/fi\/tuote\/karhunlaukkapesto-barlauch-pesto-25kg\/","name":"Karhunlaukkapesto B\u00c4RLAUCH PESTO 2,5kg - Saksavorst","isPartOf":{"@id":"https:\/\/saksavorst.ee\/fi\/#website"},"primaryImageOfPage":{"@id":"https:\/\/saksavorst.ee\/fi\/tuote\/karhunlaukkapesto-barlauch-pesto-25kg\/#primaryimage"},"image":{"@id":"https:\/\/saksavorst.ee\/fi\/tuote\/karhunlaukkapesto-barlauch-pesto-25kg\/#primaryimage"},"thumbnailUrl":"https:\/\/saksavorst.ee\/wp-content\/uploads\/2015\/01\/karulaugupesto-barlauch-pesto-25kg-1.png","datePublished":"2015-01-19T09:36:16+00:00","dateModified":"2025-09-19T11:23:21+00:00","breadcrumb":{"@id":"https:\/\/saksavorst.ee\/fi\/tuote\/karhunlaukkapesto-barlauch-pesto-25kg\/#breadcrumb"},"inLanguage":"fi","potentialAction":[{"@type":"ReadAction","target":["https:\/\/saksavorst.ee\/fi\/tuote\/karhunlaukkapesto-barlauch-pesto-25kg\/"]}]},{"@type":"ImageObject","inLanguage":"fi","@id":"https:\/\/saksavorst.ee\/fi\/tuote\/karhunlaukkapesto-barlauch-pesto-25kg\/#primaryimage","url":"https:\/\/saksavorst.ee\/wp-content\/uploads\/2015\/01\/karulaugupesto-barlauch-pesto-25kg-1.png","contentUrl":"https:\/\/saksavorst.ee\/wp-content\/uploads\/2015\/01\/karulaugupesto-barlauch-pesto-25kg-1.png","width":800,"height":800},{"@type":"BreadcrumbList","@id":"https:\/\/saksavorst.ee\/fi\/tuote\/karhunlaukkapesto-barlauch-pesto-25kg\/#breadcrumb","itemListElement":[{"@type":"ListItem","position":1,"name":"Home","item":"https:\/\/saksavorst.ee\/fi\/"},{"@type":"ListItem","position":2,"name":"Kauppa","item":"https:\/\/saksavorst.ee\/fi\/kauppa\/"},{"@type":"ListItem","position":3,"name":"Karhunlaukkapesto B\u00c4RLAUCH PESTO 2,5kg"}]},{"@type":"WebSite","@id":"https:\/\/saksavorst.ee\/fi\/#website","url":"https:\/\/saksavorst.ee\/fi\/","name":"Saksavorst","description":"Feel the taste of emotions","publisher":{"@id":"https:\/\/saksavorst.ee\/fi\/#organization"},"alternateName":"Veikand","potentialAction":[{"@type":"SearchAction","target":{"@type":"EntryPoint","urlTemplate":"https:\/\/saksavorst.ee\/fi\/?s={search_term_string}"},"query-input":{"@type":"PropertyValueSpecification","valueRequired":true,"valueName":"search_term_string"}}],"inLanguage":"fi"},{"@type":"Organization","@id":"https:\/\/saksavorst.ee\/fi\/#organization","name":"Saksavorst","alternateName":"Veikand","url":"https:\/\/saksavorst.ee\/fi\/","logo":{"@type":"ImageObject","inLanguage":"fi","@id":"https:\/\/saksavorst.ee\/fi\/#\/schema\/logo\/image\/","url":"https:\/\/saksavorst.ee\/wp-content\/uploads\/2023\/05\/veikand-logo.jpg","contentUrl":"https:\/\/saksavorst.ee\/wp-content\/uploads\/2023\/05\/veikand-logo.jpg","width":217,"height":217,"caption":"Saksavorst"},"image":{"@id":"https:\/\/saksavorst.ee\/fi\/#\/schema\/logo\/image\/"},"sameAs":["https:\/\/www.facebook.com\/Veikand"]}]}},"_links":{"self":[{"href":"https:\/\/saksavorst.ee\/fi\/wp-json\/wp\/v2\/product\/17879","targetHints":{"allow":["GET"]}}],"collection":[{"href":"https:\/\/saksavorst.ee\/fi\/wp-json\/wp\/v2\/product"}],"about":[{"href":"https:\/\/saksavorst.ee\/fi\/wp-json\/wp\/v2\/types\/product"}],"version-history":[{"count":1,"href":"https:\/\/saksavorst.ee\/fi\/wp-json\/wp\/v2\/product\/17879\/revisions"}],"predecessor-version":[{"id":46054,"href":"https:\/\/saksavorst.ee\/fi\/wp-json\/wp\/v2\/product\/17879\/revisions\/46054"}],"wp:featuredmedia":[{"embeddable":true,"href":"https:\/\/saksavorst.ee\/fi\/wp-json\/wp\/v2\/media\/33320"}],"wp:attachment":[{"href":"https:\/\/saksavorst.ee\/fi\/wp-json\/wp\/v2\/media?parent=17879"}],"wp:term":[{"taxonomy":"product_brand","embeddable":true,"href":"https:\/\/saksavorst.ee\/fi\/wp-json\/wp\/v2\/product_brand?post=17879"},{"taxonomy":"product_cat","embeddable":true,"href":"https:\/\/saksavorst.ee\/fi\/wp-json\/wp\/v2\/product_cat?post=17879"},{"taxonomy":"product_tag","embeddable":true,"href":"https:\/\/saksavorst.ee\/fi\/wp-json\/wp\/v2\/product_tag?post=17879"}],"curies":[{"name":"wp","href":"https:\/\/api.w.org\/{rel}","templated":true}]}}