{"id":17872,"date":"2014-10-24T09:40:19","date_gmt":"2014-10-24T07:40:19","guid":{"rendered":"https:\/\/saksavorst.ee\/product\/laakerinlehdet-50g\/"},"modified":"2025-07-17T13:50:16","modified_gmt":"2025-07-17T11:50:16","slug":"laakerinlehdet-lorbeerblatter-50g","status":"publish","type":"product","link":"https:\/\/saksavorst.ee\/fi\/tuote\/laakerinlehdet-lorbeerblatter-50g\/","title":{"rendered":"Laakerinlehdet LORBEERBL\u00c4TTER 50g"},"content":{"rendered":"<h4><strong>LORBEERBL\u00c4TTER<\/strong><\/h4>\n<h4><strong>Ainesosat:<\/strong><\/h4>\n<p>Laakerinlehdet<\/p>\n<p>M\u00e4\u00e4r\u00e4: 50 g<\/p>\n<p>Suositeltu annostus: maun mukaan<\/p>\n<p>S\u00e4ilytet\u00e4\u00e4n viile\u00e4ss\u00e4 (11-25 \u00b0C), kuivassa ja valolta suojattuna<\/p>\n<p>Parasta ennen: katso pakkauksesta<\/p>\n<h4><strong>Ravintoarvo 100 g tuotetta kohden:<\/strong><\/h4>\n<p>Energiasis\u00e4lt\u00f6 1478 kJ \/ 353 kcal<br \/>\nRasvoja 8,4 g<br \/>\njosta tyydyttyneit\u00e4 2,3 g<br \/>\nHiilihydraatteja 48,6 g<br \/>\njosta sokereita 48,6 g<br \/>\nProteiinia 7,6 g<br \/>\nSuolaa 0,1 g<\/p>\n<p>Valmistusmaa: Saksa<\/p>\n<p>Valmistaja: RAPS GmbH &amp; Co. KG<\/p>\n","protected":false},"excerpt":{"rendered":"<p>Kevyen aromaattinen maustekasvi sopii erinomaisesti useisiin ruokiin, kuten pilahviin, lihacurryihin, pastakastikkeisiin, laatikkoruokiin ja pataruokiin. Sopii hyvin keittoihin ja keitetyn sek\u00e4 haudutetun kalan maustamiseen. Laakerinlehdet sopivat my\u00f6s \u00e4yri\u00e4isruokien maustamiseen. Laakerinlehti\u00e4 k\u00e4ytet\u00e4\u00e4n my\u00f6s vihannesten ja sienten marinointiin.<\/p>\n","protected":false},"featured_media":23727,"template":"","meta":{"_acf_changed":false},"product_brand":[],"product_cat":[230,229,227],"product_tag":[],"class_list":{"0":"post-17872","1":"product","2":"type-product","3":"status-publish","4":"has-post-thumbnail","6":"product_cat-sailykkeiden-maustaminen","7":"product_cat-mausteet-mausteet","8":"product_cat-mausteet","10":"first","11":"instock","12":"taxable","13":"shipping-taxable","14":"purchasable","15":"product-type-simple"},"acf":[],"yoast_head":"<!-- This site is optimized with the Yoast SEO plugin v27.3 - https:\/\/yoast.com\/product\/yoast-seo-wordpress\/ -->\n<title>Laakerinlehdet LORBEERBL\u00c4TTER 50g - Saksavorst<\/title>\n<meta name=\"robots\" content=\"index, follow, max-snippet:-1, max-image-preview:large, max-video-preview:-1\" \/>\n<link rel=\"canonical\" href=\"https:\/\/saksavorst.ee\/fi\/tuote\/laakerinlehdet-lorbeerblatter-50g\/\" \/>\n<meta property=\"og:locale\" content=\"fi_FI\" \/>\n<meta property=\"og:type\" content=\"article\" \/>\n<meta property=\"og:title\" content=\"Laakerinlehdet LORBEERBL\u00c4TTER 50g - Saksavorst\" \/>\n<meta property=\"og:description\" content=\"Kevyen aromaattinen maustekasvi sopii erinomaisesti useisiin ruokiin, kuten pilahviin, lihacurryihin, pastakastikkeisiin, laatikkoruokiin ja pataruokiin. Sopii hyvin keittoihin ja keitetyn sek\u00e4 haudutetun kalan maustamiseen. Laakerinlehdet sopivat my\u00f6s \u00e4yri\u00e4isruokien maustamiseen. Laakerinlehti\u00e4 k\u00e4ytet\u00e4\u00e4n my\u00f6s vihannesten ja sienten marinointiin.\" \/>\n<meta property=\"og:url\" content=\"https:\/\/saksavorst.ee\/fi\/tuote\/laakerinlehdet-lorbeerblatter-50g\/\" \/>\n<meta property=\"og:site_name\" content=\"Saksavorst\" \/>\n<meta property=\"article:publisher\" content=\"https:\/\/www.facebook.com\/Veikand\" \/>\n<meta property=\"article:modified_time\" content=\"2025-07-17T11:50:16+00:00\" \/>\n<meta property=\"og:image\" content=\"https:\/\/saksavorst.ee\/wp-content\/uploads\/2014\/10\/Loorberilehed-LORBEERBLATTER-50g.png\" \/>\n\t<meta property=\"og:image:width\" content=\"800\" \/>\n\t<meta property=\"og:image:height\" content=\"800\" \/>\n\t<meta property=\"og:image:type\" content=\"image\/png\" \/>\n<meta name=\"twitter:card\" content=\"summary_large_image\" \/>\n<meta name=\"twitter:label1\" content=\"Arvioitu lukuaika\" \/>\n\t<meta name=\"twitter:data1\" content=\"1 minuutti\" \/>\n<script type=\"application\/ld+json\" class=\"yoast-schema-graph\">{\"@context\":\"https:\\\/\\\/schema.org\",\"@graph\":[{\"@type\":\"WebPage\",\"@id\":\"https:\\\/\\\/saksavorst.ee\\\/fi\\\/tuote\\\/laakerinlehdet-lorbeerblatter-50g\\\/\",\"url\":\"https:\\\/\\\/saksavorst.ee\\\/fi\\\/tuote\\\/laakerinlehdet-lorbeerblatter-50g\\\/\",\"name\":\"Laakerinlehdet LORBEERBL\u00c4TTER 50g - Saksavorst\",\"isPartOf\":{\"@id\":\"https:\\\/\\\/saksavorst.ee\\\/fi\\\/#website\"},\"primaryImageOfPage\":{\"@id\":\"https:\\\/\\\/saksavorst.ee\\\/fi\\\/tuote\\\/laakerinlehdet-lorbeerblatter-50g\\\/#primaryimage\"},\"image\":{\"@id\":\"https:\\\/\\\/saksavorst.ee\\\/fi\\\/tuote\\\/laakerinlehdet-lorbeerblatter-50g\\\/#primaryimage\"},\"thumbnailUrl\":\"https:\\\/\\\/saksavorst.ee\\\/wp-content\\\/uploads\\\/2014\\\/10\\\/Loorberilehed-LORBEERBLATTER-50g.png\",\"datePublished\":\"2014-10-24T07:40:19+00:00\",\"dateModified\":\"2025-07-17T11:50:16+00:00\",\"breadcrumb\":{\"@id\":\"https:\\\/\\\/saksavorst.ee\\\/fi\\\/tuote\\\/laakerinlehdet-lorbeerblatter-50g\\\/#breadcrumb\"},\"inLanguage\":\"fi\",\"potentialAction\":[{\"@type\":\"ReadAction\",\"target\":[\"https:\\\/\\\/saksavorst.ee\\\/fi\\\/tuote\\\/laakerinlehdet-lorbeerblatter-50g\\\/\"]}]},{\"@type\":\"ImageObject\",\"inLanguage\":\"fi\",\"@id\":\"https:\\\/\\\/saksavorst.ee\\\/fi\\\/tuote\\\/laakerinlehdet-lorbeerblatter-50g\\\/#primaryimage\",\"url\":\"https:\\\/\\\/saksavorst.ee\\\/wp-content\\\/uploads\\\/2014\\\/10\\\/Loorberilehed-LORBEERBLATTER-50g.png\",\"contentUrl\":\"https:\\\/\\\/saksavorst.ee\\\/wp-content\\\/uploads\\\/2014\\\/10\\\/Loorberilehed-LORBEERBLATTER-50g.png\",\"width\":800,\"height\":800},{\"@type\":\"BreadcrumbList\",\"@id\":\"https:\\\/\\\/saksavorst.ee\\\/fi\\\/tuote\\\/laakerinlehdet-lorbeerblatter-50g\\\/#breadcrumb\",\"itemListElement\":[{\"@type\":\"ListItem\",\"position\":1,\"name\":\"Home\",\"item\":\"https:\\\/\\\/saksavorst.ee\\\/fi\\\/\"},{\"@type\":\"ListItem\",\"position\":2,\"name\":\"Kauppa\",\"item\":\"https:\\\/\\\/saksavorst.ee\\\/fi\\\/kauppa\\\/\"},{\"@type\":\"ListItem\",\"position\":3,\"name\":\"Laakerinlehdet LORBEERBL\u00c4TTER 50g\"}]},{\"@type\":\"WebSite\",\"@id\":\"https:\\\/\\\/saksavorst.ee\\\/fi\\\/#website\",\"url\":\"https:\\\/\\\/saksavorst.ee\\\/fi\\\/\",\"name\":\"Saksavorst\",\"description\":\"Feel the taste of emotions\",\"publisher\":{\"@id\":\"https:\\\/\\\/saksavorst.ee\\\/fi\\\/#organization\"},\"alternateName\":\"Veikand\",\"potentialAction\":[{\"@type\":\"SearchAction\",\"target\":{\"@type\":\"EntryPoint\",\"urlTemplate\":\"https:\\\/\\\/saksavorst.ee\\\/fi\\\/?s={search_term_string}\"},\"query-input\":{\"@type\":\"PropertyValueSpecification\",\"valueRequired\":true,\"valueName\":\"search_term_string\"}}],\"inLanguage\":\"fi\"},{\"@type\":\"Organization\",\"@id\":\"https:\\\/\\\/saksavorst.ee\\\/fi\\\/#organization\",\"name\":\"Saksavorst\",\"alternateName\":\"Veikand\",\"url\":\"https:\\\/\\\/saksavorst.ee\\\/fi\\\/\",\"logo\":{\"@type\":\"ImageObject\",\"inLanguage\":\"fi\",\"@id\":\"https:\\\/\\\/saksavorst.ee\\\/fi\\\/#\\\/schema\\\/logo\\\/image\\\/\",\"url\":\"https:\\\/\\\/saksavorst.ee\\\/wp-content\\\/uploads\\\/2023\\\/05\\\/veikand-logo.jpg\",\"contentUrl\":\"https:\\\/\\\/saksavorst.ee\\\/wp-content\\\/uploads\\\/2023\\\/05\\\/veikand-logo.jpg\",\"width\":217,\"height\":217,\"caption\":\"Saksavorst\"},\"image\":{\"@id\":\"https:\\\/\\\/saksavorst.ee\\\/fi\\\/#\\\/schema\\\/logo\\\/image\\\/\"},\"sameAs\":[\"https:\\\/\\\/www.facebook.com\\\/Veikand\"]}]}<\/script>\n<!-- \/ Yoast SEO plugin. -->","yoast_head_json":{"title":"Laakerinlehdet LORBEERBL\u00c4TTER 50g - Saksavorst","robots":{"index":"index","follow":"follow","max-snippet":"max-snippet:-1","max-image-preview":"max-image-preview:large","max-video-preview":"max-video-preview:-1"},"canonical":"https:\/\/saksavorst.ee\/fi\/tuote\/laakerinlehdet-lorbeerblatter-50g\/","og_locale":"fi_FI","og_type":"article","og_title":"Laakerinlehdet LORBEERBL\u00c4TTER 50g - Saksavorst","og_description":"Kevyen aromaattinen maustekasvi sopii erinomaisesti useisiin ruokiin, kuten pilahviin, lihacurryihin, pastakastikkeisiin, laatikkoruokiin ja pataruokiin. Sopii hyvin keittoihin ja keitetyn sek\u00e4 haudutetun kalan maustamiseen. Laakerinlehdet sopivat my\u00f6s \u00e4yri\u00e4isruokien maustamiseen. Laakerinlehti\u00e4 k\u00e4ytet\u00e4\u00e4n my\u00f6s vihannesten ja sienten marinointiin.","og_url":"https:\/\/saksavorst.ee\/fi\/tuote\/laakerinlehdet-lorbeerblatter-50g\/","og_site_name":"Saksavorst","article_publisher":"https:\/\/www.facebook.com\/Veikand","article_modified_time":"2025-07-17T11:50:16+00:00","og_image":[{"width":800,"height":800,"url":"https:\/\/saksavorst.ee\/wp-content\/uploads\/2014\/10\/Loorberilehed-LORBEERBLATTER-50g.png","type":"image\/png"}],"twitter_card":"summary_large_image","twitter_misc":{"Arvioitu lukuaika":"1 minuutti"},"schema":{"@context":"https:\/\/schema.org","@graph":[{"@type":"WebPage","@id":"https:\/\/saksavorst.ee\/fi\/tuote\/laakerinlehdet-lorbeerblatter-50g\/","url":"https:\/\/saksavorst.ee\/fi\/tuote\/laakerinlehdet-lorbeerblatter-50g\/","name":"Laakerinlehdet LORBEERBL\u00c4TTER 50g - Saksavorst","isPartOf":{"@id":"https:\/\/saksavorst.ee\/fi\/#website"},"primaryImageOfPage":{"@id":"https:\/\/saksavorst.ee\/fi\/tuote\/laakerinlehdet-lorbeerblatter-50g\/#primaryimage"},"image":{"@id":"https:\/\/saksavorst.ee\/fi\/tuote\/laakerinlehdet-lorbeerblatter-50g\/#primaryimage"},"thumbnailUrl":"https:\/\/saksavorst.ee\/wp-content\/uploads\/2014\/10\/Loorberilehed-LORBEERBLATTER-50g.png","datePublished":"2014-10-24T07:40:19+00:00","dateModified":"2025-07-17T11:50:16+00:00","breadcrumb":{"@id":"https:\/\/saksavorst.ee\/fi\/tuote\/laakerinlehdet-lorbeerblatter-50g\/#breadcrumb"},"inLanguage":"fi","potentialAction":[{"@type":"ReadAction","target":["https:\/\/saksavorst.ee\/fi\/tuote\/laakerinlehdet-lorbeerblatter-50g\/"]}]},{"@type":"ImageObject","inLanguage":"fi","@id":"https:\/\/saksavorst.ee\/fi\/tuote\/laakerinlehdet-lorbeerblatter-50g\/#primaryimage","url":"https:\/\/saksavorst.ee\/wp-content\/uploads\/2014\/10\/Loorberilehed-LORBEERBLATTER-50g.png","contentUrl":"https:\/\/saksavorst.ee\/wp-content\/uploads\/2014\/10\/Loorberilehed-LORBEERBLATTER-50g.png","width":800,"height":800},{"@type":"BreadcrumbList","@id":"https:\/\/saksavorst.ee\/fi\/tuote\/laakerinlehdet-lorbeerblatter-50g\/#breadcrumb","itemListElement":[{"@type":"ListItem","position":1,"name":"Home","item":"https:\/\/saksavorst.ee\/fi\/"},{"@type":"ListItem","position":2,"name":"Kauppa","item":"https:\/\/saksavorst.ee\/fi\/kauppa\/"},{"@type":"ListItem","position":3,"name":"Laakerinlehdet LORBEERBL\u00c4TTER 50g"}]},{"@type":"WebSite","@id":"https:\/\/saksavorst.ee\/fi\/#website","url":"https:\/\/saksavorst.ee\/fi\/","name":"Saksavorst","description":"Feel the taste of emotions","publisher":{"@id":"https:\/\/saksavorst.ee\/fi\/#organization"},"alternateName":"Veikand","potentialAction":[{"@type":"SearchAction","target":{"@type":"EntryPoint","urlTemplate":"https:\/\/saksavorst.ee\/fi\/?s={search_term_string}"},"query-input":{"@type":"PropertyValueSpecification","valueRequired":true,"valueName":"search_term_string"}}],"inLanguage":"fi"},{"@type":"Organization","@id":"https:\/\/saksavorst.ee\/fi\/#organization","name":"Saksavorst","alternateName":"Veikand","url":"https:\/\/saksavorst.ee\/fi\/","logo":{"@type":"ImageObject","inLanguage":"fi","@id":"https:\/\/saksavorst.ee\/fi\/#\/schema\/logo\/image\/","url":"https:\/\/saksavorst.ee\/wp-content\/uploads\/2023\/05\/veikand-logo.jpg","contentUrl":"https:\/\/saksavorst.ee\/wp-content\/uploads\/2023\/05\/veikand-logo.jpg","width":217,"height":217,"caption":"Saksavorst"},"image":{"@id":"https:\/\/saksavorst.ee\/fi\/#\/schema\/logo\/image\/"},"sameAs":["https:\/\/www.facebook.com\/Veikand"]}]}},"_links":{"self":[{"href":"https:\/\/saksavorst.ee\/fi\/wp-json\/wp\/v2\/product\/17872","targetHints":{"allow":["GET"]}}],"collection":[{"href":"https:\/\/saksavorst.ee\/fi\/wp-json\/wp\/v2\/product"}],"about":[{"href":"https:\/\/saksavorst.ee\/fi\/wp-json\/wp\/v2\/types\/product"}],"version-history":[{"count":1,"href":"https:\/\/saksavorst.ee\/fi\/wp-json\/wp\/v2\/product\/17872\/revisions"}],"predecessor-version":[{"id":44045,"href":"https:\/\/saksavorst.ee\/fi\/wp-json\/wp\/v2\/product\/17872\/revisions\/44045"}],"wp:featuredmedia":[{"embeddable":true,"href":"https:\/\/saksavorst.ee\/fi\/wp-json\/wp\/v2\/media\/23727"}],"wp:attachment":[{"href":"https:\/\/saksavorst.ee\/fi\/wp-json\/wp\/v2\/media?parent=17872"}],"wp:term":[{"taxonomy":"product_brand","embeddable":true,"href":"https:\/\/saksavorst.ee\/fi\/wp-json\/wp\/v2\/product_brand?post=17872"},{"taxonomy":"product_cat","embeddable":true,"href":"https:\/\/saksavorst.ee\/fi\/wp-json\/wp\/v2\/product_cat?post=17872"},{"taxonomy":"product_tag","embeddable":true,"href":"https:\/\/saksavorst.ee\/fi\/wp-json\/wp\/v2\/product_tag?post=17872"}],"curies":[{"name":"wp","href":"https:\/\/api.w.org\/{rel}","templated":true}]}}