{"id":17786,"date":"2014-04-29T13:33:55","date_gmt":"2014-04-29T11:33:55","guid":{"rendered":"https:\/\/saksavorst.ee\/product\/fibroosikuoren-nalofibrous-45-baknat\/"},"modified":"2025-09-19T13:56:40","modified_gmt":"2025-09-19T11:56:40","slug":"fibroosikuori-nalofibrous-45-baknat","status":"publish","type":"product","link":"https:\/\/saksavorst.ee\/fi\/tuote\/fibroosikuori-nalofibrous-45-baknat\/","title":{"rendered":"Fibroosikuori NaloFibrous 45 baknat"},"content":{"rendered":"<h4><strong>KUVAUS:<\/strong><\/h4>\n<p>M\u00e4\u00e4r\u00e4: 1 aaltomainen osa<\/p>\n<p>Pituus: 30 m<\/p>\n<p>Menekki: 30 metrist\u00e4 riitt\u00e4\u00e4 noin 36 kg:lle makkaraa<\/p>\n<p>S\u00e4ilytet\u00e4\u00e4n viile\u00e4ss\u00e4 (11-25 \u00b0C), kuivassa ja valolta suojattuna<\/p>\n<p>Parasta ennen: katso pakkauksesta (24 kk valmistuksesta)<\/p>\n<p>Valmistettu Saksassa<\/p>\n<p>Valmistaja: Kalle GmbH<\/p>\n<h4><strong>K\u00c4YTT\u00d6OHJE:<\/strong><\/h4>\n<p>Liotetaan ennen k\u00e4ytt\u00f6\u00e4 30\u02daC vedess\u00e4 45 minuuttia, kunnes kuori on joustava.<\/p>\n","protected":false},"excerpt":{"rendered":"<p>Savua l\u00e4p\u00e4isev\u00e4 musta fibroosikuori salamille sek\u00e4 kevytsavustetuille ja savustetuille makkaroille.<\/p>\n","protected":false},"featured_media":30281,"template":"","meta":{"_acf_changed":false},"product_brand":[],"product_cat":[241,243],"product_tag":[],"class_list":{"0":"post-17786","1":"product","2":"type-product","3":"status-publish","4":"has-post-thumbnail","6":"product_cat-makkaran-kuoret-ja-tarvikkeet","7":"product_cat-keinokuoret","9":"first","10":"outofstock","11":"taxable","12":"shipping-taxable","13":"purchasable","14":"product-type-simple"},"acf":[],"yoast_head":"<!-- This site is optimized with the Yoast SEO plugin v27.3 - https:\/\/yoast.com\/product\/yoast-seo-wordpress\/ -->\n<title>Fibroosikuori NaloFibrous 45 baknat - Saksavorst<\/title>\n<meta name=\"robots\" content=\"index, follow, max-snippet:-1, max-image-preview:large, max-video-preview:-1\" \/>\n<link rel=\"canonical\" href=\"https:\/\/saksavorst.ee\/fi\/tuote\/fibroosikuori-nalofibrous-45-baknat\/\" \/>\n<meta property=\"og:locale\" content=\"fi_FI\" \/>\n<meta property=\"og:type\" content=\"article\" \/>\n<meta property=\"og:title\" content=\"Fibroosikuori NaloFibrous 45 baknat - Saksavorst\" \/>\n<meta property=\"og:description\" content=\"Savua l\u00e4p\u00e4isev\u00e4 musta fibroosikuori salamille sek\u00e4 kevytsavustetuille ja savustetuille makkaroille.\" \/>\n<meta property=\"og:url\" content=\"https:\/\/saksavorst.ee\/fi\/tuote\/fibroosikuori-nalofibrous-45-baknat\/\" \/>\n<meta property=\"og:site_name\" content=\"Saksavorst\" \/>\n<meta property=\"article:publisher\" content=\"https:\/\/www.facebook.com\/Veikand\" \/>\n<meta property=\"article:modified_time\" content=\"2025-09-19T11:56:40+00:00\" \/>\n<meta property=\"og:image\" content=\"https:\/\/saksavorst.ee\/wp-content\/uploads\/2014\/04\/fibrooskest-nalofibrous-45-baknat-2.png\" \/>\n\t<meta property=\"og:image:width\" content=\"800\" \/>\n\t<meta property=\"og:image:height\" content=\"800\" \/>\n\t<meta property=\"og:image:type\" content=\"image\/png\" \/>\n<meta name=\"twitter:card\" content=\"summary_large_image\" \/>\n<meta name=\"twitter:label1\" content=\"Arvioitu lukuaika\" \/>\n\t<meta name=\"twitter:data1\" content=\"1 minuutti\" \/>\n<script type=\"application\/ld+json\" class=\"yoast-schema-graph\">{\"@context\":\"https:\\\/\\\/schema.org\",\"@graph\":[{\"@type\":\"WebPage\",\"@id\":\"https:\\\/\\\/saksavorst.ee\\\/fi\\\/tuote\\\/fibroosikuori-nalofibrous-45-baknat\\\/\",\"url\":\"https:\\\/\\\/saksavorst.ee\\\/fi\\\/tuote\\\/fibroosikuori-nalofibrous-45-baknat\\\/\",\"name\":\"Fibroosikuori NaloFibrous 45 baknat - Saksavorst\",\"isPartOf\":{\"@id\":\"https:\\\/\\\/saksavorst.ee\\\/fi\\\/#website\"},\"primaryImageOfPage\":{\"@id\":\"https:\\\/\\\/saksavorst.ee\\\/fi\\\/tuote\\\/fibroosikuori-nalofibrous-45-baknat\\\/#primaryimage\"},\"image\":{\"@id\":\"https:\\\/\\\/saksavorst.ee\\\/fi\\\/tuote\\\/fibroosikuori-nalofibrous-45-baknat\\\/#primaryimage\"},\"thumbnailUrl\":\"https:\\\/\\\/saksavorst.ee\\\/wp-content\\\/uploads\\\/2014\\\/04\\\/fibrooskest-nalofibrous-45-baknat-2.png\",\"datePublished\":\"2014-04-29T11:33:55+00:00\",\"dateModified\":\"2025-09-19T11:56:40+00:00\",\"breadcrumb\":{\"@id\":\"https:\\\/\\\/saksavorst.ee\\\/fi\\\/tuote\\\/fibroosikuori-nalofibrous-45-baknat\\\/#breadcrumb\"},\"inLanguage\":\"fi\",\"potentialAction\":[{\"@type\":\"ReadAction\",\"target\":[\"https:\\\/\\\/saksavorst.ee\\\/fi\\\/tuote\\\/fibroosikuori-nalofibrous-45-baknat\\\/\"]}]},{\"@type\":\"ImageObject\",\"inLanguage\":\"fi\",\"@id\":\"https:\\\/\\\/saksavorst.ee\\\/fi\\\/tuote\\\/fibroosikuori-nalofibrous-45-baknat\\\/#primaryimage\",\"url\":\"https:\\\/\\\/saksavorst.ee\\\/wp-content\\\/uploads\\\/2014\\\/04\\\/fibrooskest-nalofibrous-45-baknat-2.png\",\"contentUrl\":\"https:\\\/\\\/saksavorst.ee\\\/wp-content\\\/uploads\\\/2014\\\/04\\\/fibrooskest-nalofibrous-45-baknat-2.png\",\"width\":800,\"height\":800},{\"@type\":\"BreadcrumbList\",\"@id\":\"https:\\\/\\\/saksavorst.ee\\\/fi\\\/tuote\\\/fibroosikuori-nalofibrous-45-baknat\\\/#breadcrumb\",\"itemListElement\":[{\"@type\":\"ListItem\",\"position\":1,\"name\":\"Home\",\"item\":\"https:\\\/\\\/saksavorst.ee\\\/fi\\\/\"},{\"@type\":\"ListItem\",\"position\":2,\"name\":\"Kauppa\",\"item\":\"https:\\\/\\\/saksavorst.ee\\\/fi\\\/kauppa\\\/\"},{\"@type\":\"ListItem\",\"position\":3,\"name\":\"Keitti\u00f6veitsi 16.104.15 musta\",\"item\":\"https:\\\/\\\/saksavorst.ee\\\/fi\\\/tuote\\\/keittioveitsi-16-104-15-musta\\\/\"},{\"@type\":\"ListItem\",\"position\":4,\"name\":\"Fibroosikuori NaloFibrous 45 baknat\"}]},{\"@type\":\"WebSite\",\"@id\":\"https:\\\/\\\/saksavorst.ee\\\/fi\\\/#website\",\"url\":\"https:\\\/\\\/saksavorst.ee\\\/fi\\\/\",\"name\":\"Saksavorst\",\"description\":\"Feel the taste of emotions\",\"publisher\":{\"@id\":\"https:\\\/\\\/saksavorst.ee\\\/fi\\\/#organization\"},\"alternateName\":\"Veikand\",\"potentialAction\":[{\"@type\":\"SearchAction\",\"target\":{\"@type\":\"EntryPoint\",\"urlTemplate\":\"https:\\\/\\\/saksavorst.ee\\\/fi\\\/?s={search_term_string}\"},\"query-input\":{\"@type\":\"PropertyValueSpecification\",\"valueRequired\":true,\"valueName\":\"search_term_string\"}}],\"inLanguage\":\"fi\"},{\"@type\":\"Organization\",\"@id\":\"https:\\\/\\\/saksavorst.ee\\\/fi\\\/#organization\",\"name\":\"Saksavorst\",\"alternateName\":\"Veikand\",\"url\":\"https:\\\/\\\/saksavorst.ee\\\/fi\\\/\",\"logo\":{\"@type\":\"ImageObject\",\"inLanguage\":\"fi\",\"@id\":\"https:\\\/\\\/saksavorst.ee\\\/fi\\\/#\\\/schema\\\/logo\\\/image\\\/\",\"url\":\"https:\\\/\\\/saksavorst.ee\\\/wp-content\\\/uploads\\\/2023\\\/05\\\/veikand-logo.jpg\",\"contentUrl\":\"https:\\\/\\\/saksavorst.ee\\\/wp-content\\\/uploads\\\/2023\\\/05\\\/veikand-logo.jpg\",\"width\":217,\"height\":217,\"caption\":\"Saksavorst\"},\"image\":{\"@id\":\"https:\\\/\\\/saksavorst.ee\\\/fi\\\/#\\\/schema\\\/logo\\\/image\\\/\"},\"sameAs\":[\"https:\\\/\\\/www.facebook.com\\\/Veikand\"]}]}<\/script>\n<!-- \/ Yoast SEO plugin. -->","yoast_head_json":{"title":"Fibroosikuori NaloFibrous 45 baknat - Saksavorst","robots":{"index":"index","follow":"follow","max-snippet":"max-snippet:-1","max-image-preview":"max-image-preview:large","max-video-preview":"max-video-preview:-1"},"canonical":"https:\/\/saksavorst.ee\/fi\/tuote\/fibroosikuori-nalofibrous-45-baknat\/","og_locale":"fi_FI","og_type":"article","og_title":"Fibroosikuori NaloFibrous 45 baknat - Saksavorst","og_description":"Savua l\u00e4p\u00e4isev\u00e4 musta fibroosikuori salamille sek\u00e4 kevytsavustetuille ja savustetuille makkaroille.","og_url":"https:\/\/saksavorst.ee\/fi\/tuote\/fibroosikuori-nalofibrous-45-baknat\/","og_site_name":"Saksavorst","article_publisher":"https:\/\/www.facebook.com\/Veikand","article_modified_time":"2025-09-19T11:56:40+00:00","og_image":[{"width":800,"height":800,"url":"https:\/\/saksavorst.ee\/wp-content\/uploads\/2014\/04\/fibrooskest-nalofibrous-45-baknat-2.png","type":"image\/png"}],"twitter_card":"summary_large_image","twitter_misc":{"Arvioitu lukuaika":"1 minuutti"},"schema":{"@context":"https:\/\/schema.org","@graph":[{"@type":"WebPage","@id":"https:\/\/saksavorst.ee\/fi\/tuote\/fibroosikuori-nalofibrous-45-baknat\/","url":"https:\/\/saksavorst.ee\/fi\/tuote\/fibroosikuori-nalofibrous-45-baknat\/","name":"Fibroosikuori NaloFibrous 45 baknat - Saksavorst","isPartOf":{"@id":"https:\/\/saksavorst.ee\/fi\/#website"},"primaryImageOfPage":{"@id":"https:\/\/saksavorst.ee\/fi\/tuote\/fibroosikuori-nalofibrous-45-baknat\/#primaryimage"},"image":{"@id":"https:\/\/saksavorst.ee\/fi\/tuote\/fibroosikuori-nalofibrous-45-baknat\/#primaryimage"},"thumbnailUrl":"https:\/\/saksavorst.ee\/wp-content\/uploads\/2014\/04\/fibrooskest-nalofibrous-45-baknat-2.png","datePublished":"2014-04-29T11:33:55+00:00","dateModified":"2025-09-19T11:56:40+00:00","breadcrumb":{"@id":"https:\/\/saksavorst.ee\/fi\/tuote\/fibroosikuori-nalofibrous-45-baknat\/#breadcrumb"},"inLanguage":"fi","potentialAction":[{"@type":"ReadAction","target":["https:\/\/saksavorst.ee\/fi\/tuote\/fibroosikuori-nalofibrous-45-baknat\/"]}]},{"@type":"ImageObject","inLanguage":"fi","@id":"https:\/\/saksavorst.ee\/fi\/tuote\/fibroosikuori-nalofibrous-45-baknat\/#primaryimage","url":"https:\/\/saksavorst.ee\/wp-content\/uploads\/2014\/04\/fibrooskest-nalofibrous-45-baknat-2.png","contentUrl":"https:\/\/saksavorst.ee\/wp-content\/uploads\/2014\/04\/fibrooskest-nalofibrous-45-baknat-2.png","width":800,"height":800},{"@type":"BreadcrumbList","@id":"https:\/\/saksavorst.ee\/fi\/tuote\/fibroosikuori-nalofibrous-45-baknat\/#breadcrumb","itemListElement":[{"@type":"ListItem","position":1,"name":"Home","item":"https:\/\/saksavorst.ee\/fi\/"},{"@type":"ListItem","position":2,"name":"Kauppa","item":"https:\/\/saksavorst.ee\/fi\/kauppa\/"},{"@type":"ListItem","position":3,"name":"Keitti\u00f6veitsi 16.104.15 musta","item":"https:\/\/saksavorst.ee\/fi\/tuote\/keittioveitsi-16-104-15-musta\/"},{"@type":"ListItem","position":4,"name":"Fibroosikuori NaloFibrous 45 baknat"}]},{"@type":"WebSite","@id":"https:\/\/saksavorst.ee\/fi\/#website","url":"https:\/\/saksavorst.ee\/fi\/","name":"Saksavorst","description":"Feel the taste of emotions","publisher":{"@id":"https:\/\/saksavorst.ee\/fi\/#organization"},"alternateName":"Veikand","potentialAction":[{"@type":"SearchAction","target":{"@type":"EntryPoint","urlTemplate":"https:\/\/saksavorst.ee\/fi\/?s={search_term_string}"},"query-input":{"@type":"PropertyValueSpecification","valueRequired":true,"valueName":"search_term_string"}}],"inLanguage":"fi"},{"@type":"Organization","@id":"https:\/\/saksavorst.ee\/fi\/#organization","name":"Saksavorst","alternateName":"Veikand","url":"https:\/\/saksavorst.ee\/fi\/","logo":{"@type":"ImageObject","inLanguage":"fi","@id":"https:\/\/saksavorst.ee\/fi\/#\/schema\/logo\/image\/","url":"https:\/\/saksavorst.ee\/wp-content\/uploads\/2023\/05\/veikand-logo.jpg","contentUrl":"https:\/\/saksavorst.ee\/wp-content\/uploads\/2023\/05\/veikand-logo.jpg","width":217,"height":217,"caption":"Saksavorst"},"image":{"@id":"https:\/\/saksavorst.ee\/fi\/#\/schema\/logo\/image\/"},"sameAs":["https:\/\/www.facebook.com\/Veikand"]}]}},"_links":{"self":[{"href":"https:\/\/saksavorst.ee\/fi\/wp-json\/wp\/v2\/product\/17786","targetHints":{"allow":["GET"]}}],"collection":[{"href":"https:\/\/saksavorst.ee\/fi\/wp-json\/wp\/v2\/product"}],"about":[{"href":"https:\/\/saksavorst.ee\/fi\/wp-json\/wp\/v2\/types\/product"}],"version-history":[{"count":1,"href":"https:\/\/saksavorst.ee\/fi\/wp-json\/wp\/v2\/product\/17786\/revisions"}],"predecessor-version":[{"id":46113,"href":"https:\/\/saksavorst.ee\/fi\/wp-json\/wp\/v2\/product\/17786\/revisions\/46113"}],"wp:featuredmedia":[{"embeddable":true,"href":"https:\/\/saksavorst.ee\/fi\/wp-json\/wp\/v2\/media\/30281"}],"wp:attachment":[{"href":"https:\/\/saksavorst.ee\/fi\/wp-json\/wp\/v2\/media?parent=17786"}],"wp:term":[{"taxonomy":"product_brand","embeddable":true,"href":"https:\/\/saksavorst.ee\/fi\/wp-json\/wp\/v2\/product_brand?post=17786"},{"taxonomy":"product_cat","embeddable":true,"href":"https:\/\/saksavorst.ee\/fi\/wp-json\/wp\/v2\/product_cat?post=17786"},{"taxonomy":"product_tag","embeddable":true,"href":"https:\/\/saksavorst.ee\/fi\/wp-json\/wp\/v2\/product_tag?post=17786"}],"curies":[{"name":"wp","href":"https:\/\/api.w.org\/{rel}","templated":true}]}}