{"id":17681,"date":"2014-02-27T13:54:24","date_gmt":"2014-02-27T13:54:24","guid":{"rendered":"https:\/\/saksavorst.ee\/product\/kasikayttoinen-makkarapuristin-sv-5l\/"},"modified":"2026-04-06T13:23:21","modified_gmt":"2026-04-06T11:23:21","slug":"kasikayttoinen-makkarapuristin-sv-5l","status":"publish","type":"product","link":"https:\/\/saksavorst.ee\/fi\/tuote\/kasikayttoinen-makkarapuristin-sv-5l\/","title":{"rendered":"K\u00e4sik\u00e4ytt\u00f6inen makkarapuristin SV-5L"},"content":{"rendered":"<p>Ruostumaton ter\u00e4s<\/p>\n<p>Mukana 4 erikokoista ruostumatonta ter\u00e4sputkea: halkaisijat 16, 22, 32 ja 38 mm<\/p>\n<p>Sopii makkaran puristamiseen sek\u00e4 lampaan- ett\u00e4 siansuoliin<\/p>\n<p>S\u00e4ili\u00f6n koko: 5 L<\/p>\n<p>Ulkomitat P x L x K: 300 x 260 x 650 mm<\/p>\n<p>Paino: 10 kg<\/p>\n","protected":false},"excerpt":{"rendered":"<p>Sopii sek\u00e4 mets\u00e4st\u00e4jille ett\u00e4 kotik\u00e4ytt\u00f6\u00f6n.<\/p>\n","protected":false},"featured_media":24278,"template":"","meta":{"_acf_changed":false},"product_brand":[],"product_cat":[221,223,325],"product_tag":[],"class_list":{"0":"post-17681","1":"product","2":"type-product","3":"status-publish","4":"has-post-thumbnail","6":"product_cat-kaikki-tuotteet","7":"product_cat-makkarapuristimet","8":"product_cat-laitteet","9":"product_shipping_class-ei-mahdu-pakettiautomaattiin","11":"first","12":"instock","13":"sold-individually","14":"taxable","15":"shipping-taxable","16":"purchasable","17":"product-type-simple"},"acf":[],"yoast_head":"<!-- This site is optimized with the Yoast SEO plugin v27.3 - https:\/\/yoast.com\/product\/yoast-seo-wordpress\/ -->\n<title>K\u00e4sik\u00e4ytt\u00f6inen makkarapuristin SV-5L - Saksavorst<\/title>\n<meta name=\"robots\" content=\"index, follow, max-snippet:-1, max-image-preview:large, max-video-preview:-1\" \/>\n<link rel=\"canonical\" href=\"https:\/\/saksavorst.ee\/fi\/tuote\/kasikayttoinen-makkarapuristin-sv-5l\/\" \/>\n<meta property=\"og:locale\" content=\"fi_FI\" \/>\n<meta property=\"og:type\" content=\"article\" \/>\n<meta property=\"og:title\" content=\"K\u00e4sik\u00e4ytt\u00f6inen makkarapuristin SV-5L - Saksavorst\" \/>\n<meta property=\"og:description\" content=\"Sopii sek\u00e4 mets\u00e4st\u00e4jille ett\u00e4 kotik\u00e4ytt\u00f6\u00f6n.\" \/>\n<meta property=\"og:url\" content=\"https:\/\/saksavorst.ee\/fi\/tuote\/kasikayttoinen-makkarapuristin-sv-5l\/\" \/>\n<meta property=\"og:site_name\" content=\"Saksavorst\" \/>\n<meta property=\"article:publisher\" content=\"https:\/\/www.facebook.com\/Veikand\" \/>\n<meta property=\"article:modified_time\" content=\"2026-04-06T11:23:21+00:00\" \/>\n<meta property=\"og:image\" content=\"https:\/\/saksavorst.ee\/wp-content\/uploads\/2014\/02\/Kasivorstiprits-SV-5L-1.png\" \/>\n\t<meta property=\"og:image:width\" content=\"800\" \/>\n\t<meta property=\"og:image:height\" content=\"800\" \/>\n\t<meta property=\"og:image:type\" content=\"image\/png\" \/>\n<meta name=\"twitter:card\" content=\"summary_large_image\" \/>\n<meta name=\"twitter:label1\" content=\"Arvioitu lukuaika\" \/>\n\t<meta name=\"twitter:data1\" content=\"1 minuutti\" \/>\n<script type=\"application\/ld+json\" class=\"yoast-schema-graph\">{\"@context\":\"https:\\\/\\\/schema.org\",\"@graph\":[{\"@type\":\"WebPage\",\"@id\":\"https:\\\/\\\/saksavorst.ee\\\/fi\\\/tuote\\\/kasikayttoinen-makkarapuristin-sv-5l\\\/\",\"url\":\"https:\\\/\\\/saksavorst.ee\\\/fi\\\/tuote\\\/kasikayttoinen-makkarapuristin-sv-5l\\\/\",\"name\":\"K\u00e4sik\u00e4ytt\u00f6inen makkarapuristin SV-5L - Saksavorst\",\"isPartOf\":{\"@id\":\"https:\\\/\\\/saksavorst.ee\\\/fi\\\/#website\"},\"primaryImageOfPage\":{\"@id\":\"https:\\\/\\\/saksavorst.ee\\\/fi\\\/tuote\\\/kasikayttoinen-makkarapuristin-sv-5l\\\/#primaryimage\"},\"image\":{\"@id\":\"https:\\\/\\\/saksavorst.ee\\\/fi\\\/tuote\\\/kasikayttoinen-makkarapuristin-sv-5l\\\/#primaryimage\"},\"thumbnailUrl\":\"https:\\\/\\\/saksavorst.ee\\\/wp-content\\\/uploads\\\/2014\\\/02\\\/Kasivorstiprits-SV-5L-1.png\",\"datePublished\":\"2014-02-27T13:54:24+00:00\",\"dateModified\":\"2026-04-06T11:23:21+00:00\",\"breadcrumb\":{\"@id\":\"https:\\\/\\\/saksavorst.ee\\\/fi\\\/tuote\\\/kasikayttoinen-makkarapuristin-sv-5l\\\/#breadcrumb\"},\"inLanguage\":\"fi\",\"potentialAction\":[{\"@type\":\"ReadAction\",\"target\":[\"https:\\\/\\\/saksavorst.ee\\\/fi\\\/tuote\\\/kasikayttoinen-makkarapuristin-sv-5l\\\/\"]}]},{\"@type\":\"ImageObject\",\"inLanguage\":\"fi\",\"@id\":\"https:\\\/\\\/saksavorst.ee\\\/fi\\\/tuote\\\/kasikayttoinen-makkarapuristin-sv-5l\\\/#primaryimage\",\"url\":\"https:\\\/\\\/saksavorst.ee\\\/wp-content\\\/uploads\\\/2014\\\/02\\\/Kasivorstiprits-SV-5L-1.png\",\"contentUrl\":\"https:\\\/\\\/saksavorst.ee\\\/wp-content\\\/uploads\\\/2014\\\/02\\\/Kasivorstiprits-SV-5L-1.png\",\"width\":800,\"height\":800},{\"@type\":\"BreadcrumbList\",\"@id\":\"https:\\\/\\\/saksavorst.ee\\\/fi\\\/tuote\\\/kasikayttoinen-makkarapuristin-sv-5l\\\/#breadcrumb\",\"itemListElement\":[{\"@type\":\"ListItem\",\"position\":1,\"name\":\"Home\",\"item\":\"https:\\\/\\\/saksavorst.ee\\\/fi\\\/\"},{\"@type\":\"ListItem\",\"position\":2,\"name\":\"Kauppa\",\"item\":\"https:\\\/\\\/saksavorst.ee\\\/fi\\\/kauppa\\\/\"},{\"@type\":\"ListItem\",\"position\":3,\"name\":\"K\u00e4sik\u00e4ytt\u00f6inen makkarapuristin SV-5L\"}]},{\"@type\":\"WebSite\",\"@id\":\"https:\\\/\\\/saksavorst.ee\\\/fi\\\/#website\",\"url\":\"https:\\\/\\\/saksavorst.ee\\\/fi\\\/\",\"name\":\"Saksavorst\",\"description\":\"Feel the taste of emotions\",\"publisher\":{\"@id\":\"https:\\\/\\\/saksavorst.ee\\\/fi\\\/#organization\"},\"alternateName\":\"Veikand\",\"potentialAction\":[{\"@type\":\"SearchAction\",\"target\":{\"@type\":\"EntryPoint\",\"urlTemplate\":\"https:\\\/\\\/saksavorst.ee\\\/fi\\\/?s={search_term_string}\"},\"query-input\":{\"@type\":\"PropertyValueSpecification\",\"valueRequired\":true,\"valueName\":\"search_term_string\"}}],\"inLanguage\":\"fi\"},{\"@type\":\"Organization\",\"@id\":\"https:\\\/\\\/saksavorst.ee\\\/fi\\\/#organization\",\"name\":\"Saksavorst\",\"alternateName\":\"Veikand\",\"url\":\"https:\\\/\\\/saksavorst.ee\\\/fi\\\/\",\"logo\":{\"@type\":\"ImageObject\",\"inLanguage\":\"fi\",\"@id\":\"https:\\\/\\\/saksavorst.ee\\\/fi\\\/#\\\/schema\\\/logo\\\/image\\\/\",\"url\":\"https:\\\/\\\/saksavorst.ee\\\/wp-content\\\/uploads\\\/2023\\\/05\\\/veikand-logo.jpg\",\"contentUrl\":\"https:\\\/\\\/saksavorst.ee\\\/wp-content\\\/uploads\\\/2023\\\/05\\\/veikand-logo.jpg\",\"width\":217,\"height\":217,\"caption\":\"Saksavorst\"},\"image\":{\"@id\":\"https:\\\/\\\/saksavorst.ee\\\/fi\\\/#\\\/schema\\\/logo\\\/image\\\/\"},\"sameAs\":[\"https:\\\/\\\/www.facebook.com\\\/Veikand\"]}]}<\/script>\n<!-- \/ Yoast SEO plugin. -->","yoast_head_json":{"title":"K\u00e4sik\u00e4ytt\u00f6inen makkarapuristin SV-5L - Saksavorst","robots":{"index":"index","follow":"follow","max-snippet":"max-snippet:-1","max-image-preview":"max-image-preview:large","max-video-preview":"max-video-preview:-1"},"canonical":"https:\/\/saksavorst.ee\/fi\/tuote\/kasikayttoinen-makkarapuristin-sv-5l\/","og_locale":"fi_FI","og_type":"article","og_title":"K\u00e4sik\u00e4ytt\u00f6inen makkarapuristin SV-5L - Saksavorst","og_description":"Sopii sek\u00e4 mets\u00e4st\u00e4jille ett\u00e4 kotik\u00e4ytt\u00f6\u00f6n.","og_url":"https:\/\/saksavorst.ee\/fi\/tuote\/kasikayttoinen-makkarapuristin-sv-5l\/","og_site_name":"Saksavorst","article_publisher":"https:\/\/www.facebook.com\/Veikand","article_modified_time":"2026-04-06T11:23:21+00:00","og_image":[{"width":800,"height":800,"url":"https:\/\/saksavorst.ee\/wp-content\/uploads\/2014\/02\/Kasivorstiprits-SV-5L-1.png","type":"image\/png"}],"twitter_card":"summary_large_image","twitter_misc":{"Arvioitu lukuaika":"1 minuutti"},"schema":{"@context":"https:\/\/schema.org","@graph":[{"@type":"WebPage","@id":"https:\/\/saksavorst.ee\/fi\/tuote\/kasikayttoinen-makkarapuristin-sv-5l\/","url":"https:\/\/saksavorst.ee\/fi\/tuote\/kasikayttoinen-makkarapuristin-sv-5l\/","name":"K\u00e4sik\u00e4ytt\u00f6inen makkarapuristin SV-5L - Saksavorst","isPartOf":{"@id":"https:\/\/saksavorst.ee\/fi\/#website"},"primaryImageOfPage":{"@id":"https:\/\/saksavorst.ee\/fi\/tuote\/kasikayttoinen-makkarapuristin-sv-5l\/#primaryimage"},"image":{"@id":"https:\/\/saksavorst.ee\/fi\/tuote\/kasikayttoinen-makkarapuristin-sv-5l\/#primaryimage"},"thumbnailUrl":"https:\/\/saksavorst.ee\/wp-content\/uploads\/2014\/02\/Kasivorstiprits-SV-5L-1.png","datePublished":"2014-02-27T13:54:24+00:00","dateModified":"2026-04-06T11:23:21+00:00","breadcrumb":{"@id":"https:\/\/saksavorst.ee\/fi\/tuote\/kasikayttoinen-makkarapuristin-sv-5l\/#breadcrumb"},"inLanguage":"fi","potentialAction":[{"@type":"ReadAction","target":["https:\/\/saksavorst.ee\/fi\/tuote\/kasikayttoinen-makkarapuristin-sv-5l\/"]}]},{"@type":"ImageObject","inLanguage":"fi","@id":"https:\/\/saksavorst.ee\/fi\/tuote\/kasikayttoinen-makkarapuristin-sv-5l\/#primaryimage","url":"https:\/\/saksavorst.ee\/wp-content\/uploads\/2014\/02\/Kasivorstiprits-SV-5L-1.png","contentUrl":"https:\/\/saksavorst.ee\/wp-content\/uploads\/2014\/02\/Kasivorstiprits-SV-5L-1.png","width":800,"height":800},{"@type":"BreadcrumbList","@id":"https:\/\/saksavorst.ee\/fi\/tuote\/kasikayttoinen-makkarapuristin-sv-5l\/#breadcrumb","itemListElement":[{"@type":"ListItem","position":1,"name":"Home","item":"https:\/\/saksavorst.ee\/fi\/"},{"@type":"ListItem","position":2,"name":"Kauppa","item":"https:\/\/saksavorst.ee\/fi\/kauppa\/"},{"@type":"ListItem","position":3,"name":"K\u00e4sik\u00e4ytt\u00f6inen makkarapuristin SV-5L"}]},{"@type":"WebSite","@id":"https:\/\/saksavorst.ee\/fi\/#website","url":"https:\/\/saksavorst.ee\/fi\/","name":"Saksavorst","description":"Feel the taste of emotions","publisher":{"@id":"https:\/\/saksavorst.ee\/fi\/#organization"},"alternateName":"Veikand","potentialAction":[{"@type":"SearchAction","target":{"@type":"EntryPoint","urlTemplate":"https:\/\/saksavorst.ee\/fi\/?s={search_term_string}"},"query-input":{"@type":"PropertyValueSpecification","valueRequired":true,"valueName":"search_term_string"}}],"inLanguage":"fi"},{"@type":"Organization","@id":"https:\/\/saksavorst.ee\/fi\/#organization","name":"Saksavorst","alternateName":"Veikand","url":"https:\/\/saksavorst.ee\/fi\/","logo":{"@type":"ImageObject","inLanguage":"fi","@id":"https:\/\/saksavorst.ee\/fi\/#\/schema\/logo\/image\/","url":"https:\/\/saksavorst.ee\/wp-content\/uploads\/2023\/05\/veikand-logo.jpg","contentUrl":"https:\/\/saksavorst.ee\/wp-content\/uploads\/2023\/05\/veikand-logo.jpg","width":217,"height":217,"caption":"Saksavorst"},"image":{"@id":"https:\/\/saksavorst.ee\/fi\/#\/schema\/logo\/image\/"},"sameAs":["https:\/\/www.facebook.com\/Veikand"]}]}},"_links":{"self":[{"href":"https:\/\/saksavorst.ee\/fi\/wp-json\/wp\/v2\/product\/17681","targetHints":{"allow":["GET"]}}],"collection":[{"href":"https:\/\/saksavorst.ee\/fi\/wp-json\/wp\/v2\/product"}],"about":[{"href":"https:\/\/saksavorst.ee\/fi\/wp-json\/wp\/v2\/types\/product"}],"version-history":[{"count":1,"href":"https:\/\/saksavorst.ee\/fi\/wp-json\/wp\/v2\/product\/17681\/revisions"}],"predecessor-version":[{"id":46179,"href":"https:\/\/saksavorst.ee\/fi\/wp-json\/wp\/v2\/product\/17681\/revisions\/46179"}],"wp:featuredmedia":[{"embeddable":true,"href":"https:\/\/saksavorst.ee\/fi\/wp-json\/wp\/v2\/media\/24278"}],"wp:attachment":[{"href":"https:\/\/saksavorst.ee\/fi\/wp-json\/wp\/v2\/media?parent=17681"}],"wp:term":[{"taxonomy":"product_brand","embeddable":true,"href":"https:\/\/saksavorst.ee\/fi\/wp-json\/wp\/v2\/product_brand?post=17681"},{"taxonomy":"product_cat","embeddable":true,"href":"https:\/\/saksavorst.ee\/fi\/wp-json\/wp\/v2\/product_cat?post=17681"},{"taxonomy":"product_tag","embeddable":true,"href":"https:\/\/saksavorst.ee\/fi\/wp-json\/wp\/v2\/product_tag?post=17681"}],"curies":[{"name":"wp","href":"https:\/\/api.w.org\/{rel}","templated":true}]}}