{"id":19674,"date":"2023-01-12T12:30:06","date_gmt":"2023-01-12T12:30:06","guid":{"rendered":"https:\/\/saksavorst.ee\/tietosuojakaytanto\/"},"modified":"2023-03-23T12:08:33","modified_gmt":"2023-03-23T12:08:33","slug":"tietosuojakaytanto","status":"publish","type":"page","link":"https:\/\/saksavorst.ee\/fi\/tietosuojakaytanto\/","title":{"rendered":"Tietosuojak\u00e4yt\u00e4nt\u00f6"},"content":{"rendered":"\t\t<div data-elementor-type=\"wp-page\" data-elementor-id=\"19674\" class=\"elementor elementor-19674 elementor-8798\" data-elementor-post-type=\"page\">\n\t\t\t\t\t\t<section class=\"wd-negative-gap elementor-section elementor-top-section elementor-element elementor-element-2ed78808 wd-section-stretch elementor-section-boxed elementor-section-height-default elementor-section-height-default\" data-id=\"2ed78808\" data-element_type=\"section\" data-e-type=\"section\">\n\t\t\t\t\t\t<div class=\"elementor-container elementor-column-gap-default\">\n\t\t\t\t\t<div class=\"elementor-column elementor-col-100 elementor-top-column elementor-element elementor-element-432605d9\" data-id=\"432605d9\" data-element_type=\"column\" data-e-type=\"column\">\n\t\t\t<div class=\"elementor-widget-wrap elementor-element-populated\">\n\t\t\t\t\t\t<div class=\"elementor-element elementor-element-8aa9e64 elementor-invisible elementor-widget elementor-widget-heading\" data-id=\"8aa9e64\" data-element_type=\"widget\" data-e-type=\"widget\" data-settings=\"{&quot;_animation&quot;:&quot;fadeInUp&quot;}\" data-widget_type=\"heading.default\">\n\t\t\t\t<div class=\"elementor-widget-container\">\n\t\t\t\t\t<h1 class=\"elementor-heading-title elementor-size-default\">Tietosuojak\u00e4yt\u00e4nt\u00f6<\/h1>\t\t\t\t<\/div>\n\t\t\t\t<\/div>\n\t\t\t\t<div class=\"elementor-element elementor-element-6db45c8 color-scheme-inherit text-left elementor-invisible elementor-widget elementor-widget-text-editor\" data-id=\"6db45c8\" data-element_type=\"widget\" data-e-type=\"widget\" data-settings=\"{&quot;_animation&quot;:&quot;fadeIn&quot;}\" data-widget_type=\"text-editor.default\">\n\t\t\t\t<div class=\"elementor-widget-container\">\n\t\t\t\t\t\t\t\t\t<p>AS Veikand haluaa sinun olevan tietoinen siit\u00e4, miten me (AS Veikand) ker\u00e4\u00e4mme henkil\u00f6tietoja, k\u00e4yt\u00e4mme niit\u00e4 ja luovutamme niit\u00e4. T\u00e4m\u00e4n perusteella olemme laatineet t\u00e4m\u00e4n tietosuojak\u00e4yt\u00e4nn\u00f6n, jossa m\u00e4\u00e4ritell\u00e4\u00e4n periaatteet, jotka koskevat asiakastietojen ker\u00e4\u00e4mist\u00e4, k\u00e4ytt\u00f6\u00e4, julkaisemista, v\u00e4litt\u00e4mist\u00e4 ja siirt\u00e4mist\u00e4. Toimintamme on Euroopan unionin lains\u00e4\u00e4d\u00e4nn\u00f6n ja Viron tasavallan lakien mukaista.<\/p>\n\t\t\t\t\t\t\t\t<\/div>\n\t\t\t\t<\/div>\n\t\t\t\t\t<link rel=\"stylesheet\" id=\"wd-mod-animations-keyframes-css\" href=\"https:\/\/saksavorst.ee\/wp-content\/themes\/woodmart\/css\/parts\/mod-animations-keyframes.min.css?ver=8.4.1\" type=\"text\/css\" media=\"all\" \/> \t\t\t\t\t<div class=\"elementor-element elementor-element-f84ecc0 elementor-absolute elementor-invisible elementor-widget elementor-widget-image\" data-id=\"f84ecc0\" data-element_type=\"widget\" data-e-type=\"widget\" data-settings=\"{&quot;_position&quot;:&quot;absolute&quot;,&quot;_animation&quot;:&quot;fadeInRight&quot;}\" data-widget_type=\"image.default\">\n\t\t\t\t<div class=\"elementor-widget-container\">\n\t\t\t\t\t\t\t\t\t\t\t\t\t\t\t<img decoding=\"async\" width=\"154\" height=\"125\" src=\"https:\/\/saksavorst.ee\/wp-content\/uploads\/2023\/01\/Group-11.png\" class=\"attachment-large size-large wp-image-11989\" alt=\"\" srcset=\"https:\/\/saksavorst.ee\/wp-content\/uploads\/2023\/01\/Group-11.png 154w, https:\/\/saksavorst.ee\/wp-content\/uploads\/2023\/01\/Group-11-150x122.png 150w\" sizes=\"(max-width: 154px) 100vw, 154px\" \/>\t\t\t\t\t\t\t\t\t\t\t\t\t\t\t<\/div>\n\t\t\t\t<\/div>\n\t\t\t\t<div class=\"elementor-element elementor-element-031f9ab elementor-absolute elementor-invisible elementor-widget elementor-widget-image\" data-id=\"031f9ab\" data-element_type=\"widget\" data-e-type=\"widget\" data-settings=\"{&quot;_position&quot;:&quot;absolute&quot;,&quot;_animation&quot;:&quot;fadeInLeft&quot;}\" data-widget_type=\"image.default\">\n\t\t\t\t<div class=\"elementor-widget-container\">\n\t\t\t\t\t\t\t\t\t\t\t\t\t\t\t<img decoding=\"async\" width=\"88\" height=\"48\" src=\"https:\/\/saksavorst.ee\/wp-content\/uploads\/2023\/01\/Group-10.png\" class=\"attachment-large size-large wp-image-11986\" alt=\"\" \/>\t\t\t\t\t\t\t\t\t\t\t\t\t\t\t<\/div>\n\t\t\t\t<\/div>\n\t\t\t\t<div class=\"elementor-element elementor-element-e394c2d elementor-invisible elementor-widget elementor-widget-heading\" data-id=\"e394c2d\" data-element_type=\"widget\" data-e-type=\"widget\" data-settings=\"{&quot;_animation&quot;:&quot;fadeIn&quot;}\" data-widget_type=\"heading.default\">\n\t\t\t\t<div class=\"elementor-widget-container\">\n\t\t\t\t\t<h2 class=\"elementor-heading-title elementor-size-default\">Henkil\u00f6tietojen k\u00e4sittelij\u00e4<\/h2>\t\t\t\t<\/div>\n\t\t\t\t<\/div>\n\t\t\t\t<div class=\"elementor-element elementor-element-2cdc943a color-scheme-inherit text-left elementor-invisible elementor-widget elementor-widget-text-editor\" data-id=\"2cdc943a\" data-element_type=\"widget\" data-e-type=\"widget\" data-settings=\"{&quot;_animation&quot;:&quot;fadeIn&quot;}\" data-widget_type=\"text-editor.default\">\n\t\t\t\t<div class=\"elementor-widget-container\">\n\t\t\t\t\t\t\t\t\t<p>AS Veikand<br \/>V\u00e4lja 7, P\u00e4rnu 80010<br \/>S\u00e4hk\u00f6posti: veikand@veikand.ee<\/p>\n<p>AS Veikand on henkil\u00f6tietojen p\u00e4\u00e4k\u00e4sittelij\u00e4, AS Veikand v\u00e4litt\u00e4\u00e4 maksut tarvittavat henkil\u00f6tiedot valtuutetulle k\u00e4sittelij\u00e4lle Montonio Finance O\u00dc:lle ja PayPalille.<\/p>\n\t\t\t\t\t\t\t\t<\/div>\n\t\t\t\t<\/div>\n\t\t\t\t<div class=\"elementor-element elementor-element-a8c3f0d elementor-invisible elementor-widget elementor-widget-heading\" data-id=\"a8c3f0d\" data-element_type=\"widget\" data-e-type=\"widget\" data-settings=\"{&quot;_animation&quot;:&quot;fadeIn&quot;}\" data-widget_type=\"heading.default\">\n\t\t\t\t<div class=\"elementor-widget-container\">\n\t\t\t\t\t<h2 class=\"elementor-heading-title elementor-size-default\">Henkil\u00f6tietojen ker\u00e4\u00e4minen ja k\u00e4ytt\u00f6<\/h2>\t\t\t\t<\/div>\n\t\t\t\t<\/div>\n\t\t\t\t<div class=\"elementor-element elementor-element-5195426 color-scheme-inherit text-left elementor-invisible elementor-widget elementor-widget-text-editor\" data-id=\"5195426\" data-element_type=\"widget\" data-e-type=\"widget\" data-settings=\"{&quot;_animation&quot;:&quot;fadeIn&quot;}\" data-widget_type=\"text-editor.default\">\n\t\t\t\t<div class=\"elementor-widget-container\">\n\t\t\t\t\t\t\t\t\t<p>Henkil\u00f6tiedot ovat tietoja, joita AS Veikand ker\u00e4\u00e4 ja k\u00e4sittelee ostotilauksen tai sopimuksen perusteella asiakkaan kanssa tehdyn sopimuksen t\u00e4ytt\u00e4miseksi ja laillisten velvoitteidensa t\u00e4ytt\u00e4miseksi.<\/p>\n<p>Verkko-ostajien henkil\u00f6tietoja voidaan ker\u00e4t\u00e4 seuraavilla tavoilla:<br \/>&#8211; antamalla yhteystiedot (etu- ja sukunimi, postiosoite, puhelinnumero, s\u00e4hk\u00f6postiosoite, s\u00e4hk\u00f6postiosoite).<br \/>osoite);<br \/>&#8211; Pankkitilin numero;<br \/>&#8211; Kanta-asiakkaiden tilitiedoista.<\/p>\n\t\t\t\t\t\t\t\t<\/div>\n\t\t\t\t<\/div>\n\t\t\t\t<div class=\"elementor-element elementor-element-d46de8b elementor-invisible elementor-widget elementor-widget-heading\" data-id=\"d46de8b\" data-element_type=\"widget\" data-e-type=\"widget\" data-settings=\"{&quot;_animation&quot;:&quot;fadeIn&quot;}\" data-widget_type=\"heading.default\">\n\t\t\t\t<div class=\"elementor-widget-container\">\n\t\t\t\t\t<h2 class=\"elementor-heading-title elementor-size-default\">Ker\u00e4ttyjen henkil\u00f6tietojen k\u00e4ytt\u00f6 ja tallentaminen<\/h2>\t\t\t\t<\/div>\n\t\t\t\t<\/div>\n\t\t\t\t<div class=\"elementor-element elementor-element-133e470 color-scheme-inherit text-left elementor-invisible elementor-widget elementor-widget-text-editor\" data-id=\"133e470\" data-element_type=\"widget\" data-e-type=\"widget\" data-settings=\"{&quot;_animation&quot;:&quot;fadeIn&quot;}\" data-widget_type=\"text-editor.default\">\n\t\t\t\t<div class=\"elementor-widget-container\">\n\t\t\t\t\t\t\t\t\t<p>Ker\u00e4ttyj\u00e4 henkil\u00f6tietoja k\u00e4ytet\u00e4\u00e4n tavaroiden toimittamiseen asiakkaalle ja asiakkaan velvoitteiden t\u00e4ytt\u00e4miseen.<\/p>\n<p>Muihin tarkoituksiin k\u00e4yt\u00e4mme henkil\u00f6tietojasi vain, jos olet antanut siihen etuk\u00e4teen suostumuksesi.<\/p>\n<p>Hyv\u00e4ksym\u00e4ll\u00e4 yleiset ehdot ja k\u00e4ytt\u00f6ehdot asiakas antaa meille suostumuksensa tietojen automaattiseen k\u00e4sittelyyn. Voit aina peruuttaa suostumuksesi verkkosivujemme kautta tai tekem\u00e4ll\u00e4 kirjallisen hakemuksen. Suostumuksen hakemisella tai peruuttamisella ei saa olla taannehtivaa vaikutusta.<\/p>\n<p>AS Veikand voi luovuttaa k\u00e4ytt\u00e4ji\u00e4 koskevia tietoja kolmannelle osapuolelle, joka tarjoaa meille palveluita ja jolla on sopimusvelvollisuus pit\u00e4\u00e4 jaetut tiedot luottamuksellisina (lukuun ottamatta viranomaisia ja valtion virastoja), jotta voimme palvella asiakkaitamme paremmin.<\/p>\n<p>Kolmas osapuoli voi olla esimerkiksi kuljetuskumppanimme.<\/p>\n<p>Lis\u00e4ksi saatamme luovuttaa tietoja viranomaisille ja valtion virastoille (esim. poliisille, tuomioistuimille, h\u00e4lytyskeskukselle, tietosuojavaltuutetulle): luovutamme tietojasi vain, jos laki velvoittaa meit\u00e4 tekem\u00e4\u00e4n niin.<\/p>\n<p>S\u00e4ilyt\u00e4mme asiakkaan henkil\u00f6tietoja kanta-asiakassopimuksen p\u00e4\u00e4ttymiseen saakka. S\u00e4ilyt\u00e4mme tiedot, jotka meid\u00e4n on lains\u00e4\u00e4d\u00e4nn\u00f6n nojalla s\u00e4ilytett\u00e4v\u00e4 (esim. kirjanpitotiedot), lains\u00e4\u00e4d\u00e4nn\u00f6n vaatimusten mukaisesti.<\/p>\n\t\t\t\t\t\t\t\t<\/div>\n\t\t\t\t<\/div>\n\t\t\t\t<div class=\"elementor-element elementor-element-c5b3240 elementor-invisible elementor-widget elementor-widget-heading\" data-id=\"c5b3240\" data-element_type=\"widget\" data-e-type=\"widget\" data-settings=\"{&quot;_animation&quot;:&quot;fadeIn&quot;}\" data-widget_type=\"heading.default\">\n\t\t\t\t<div class=\"elementor-widget-container\">\n\t\t\t\t\t<h2 class=\"elementor-heading-title elementor-size-default\">Ker\u00e4ttyjen tietojen muuttaminen<\/h2>\t\t\t\t<\/div>\n\t\t\t\t<\/div>\n\t\t\t\t<div class=\"elementor-element elementor-element-f57c9c8 color-scheme-inherit text-left elementor-invisible elementor-widget elementor-widget-text-editor\" data-id=\"f57c9c8\" data-element_type=\"widget\" data-e-type=\"widget\" data-settings=\"{&quot;_animation&quot;:&quot;fadeIn&quot;}\" data-widget_type=\"text-editor.default\">\n\t\t\t\t<div class=\"elementor-widget-container\">\n\t\t\t\t\t\t\t\t\t<p>Asiakas voi tarkastella, muuttaa ja t\u00e4ydent\u00e4\u00e4 asiakkaan tunnistamista ja yhteydenottoa varten ker\u00e4ttyj\u00e4 henkil\u00f6tietoja verkkokauppamme &#8221;Oma tili&#8221; -alueella.<\/p>\n\t\t\t\t\t\t\t\t<\/div>\n\t\t\t\t<\/div>\n\t\t\t\t<div class=\"elementor-element elementor-element-ae4f28f elementor-invisible elementor-widget elementor-widget-heading\" data-id=\"ae4f28f\" data-element_type=\"widget\" data-e-type=\"widget\" data-settings=\"{&quot;_animation&quot;:&quot;fadeIn&quot;}\" data-widget_type=\"heading.default\">\n\t\t\t\t<div class=\"elementor-widget-container\">\n\t\t\t\t\t<h2 class=\"elementor-heading-title elementor-size-default\">Henkil\u00f6tietojen suojaaminen<\/h2>\t\t\t\t<\/div>\n\t\t\t\t<\/div>\n\t\t\t\t<div class=\"elementor-element elementor-element-4cb2543 color-scheme-inherit text-left elementor-invisible elementor-widget elementor-widget-text-editor\" data-id=\"4cb2543\" data-element_type=\"widget\" data-e-type=\"widget\" data-settings=\"{&quot;_animation&quot;:&quot;fadeIn&quot;}\" data-widget_type=\"text-editor.default\">\n\t\t\t\t<div class=\"elementor-widget-container\">\n\t\t\t\t\t\t\t\t\t<p>AS Veikand toteuttaa kaikki varotoimenpiteet (mukaan lukien hallinnolliset, tekniset ja fyysiset toimenpiteet) asiakkaan henkil\u00f6tietojen suojaamiseksi. Asiakastietoihin p\u00e4\u00e4sev\u00e4t k\u00e4siksi vain ne ty\u00f6ntekij\u00e4t, jotka tarvitsevat tietoja ty\u00f6teht\u00e4vien suorittamiseen (esimerkiksi tilausten t\u00e4ytt\u00e4miseen).<\/p>\n<p>Asiakkaalla on kaikki henkil\u00f6tietolaissa kuvatut oikeudet.<\/p>\n<p>Asiakkaalla on oikeus vaatia tietojensa k\u00e4sittelyn lopettamista, tietojen k\u00e4ytt\u00f6\u00e4 koskevia tietoja ja tietojen siirt\u00e4mist\u00e4 itselleen tai kolmannelle osapuolelle julkisesti saatavilla olevassa muodossa.<\/p>\n<p>K\u00e4sittelemme tietojenk\u00e4sittelyn lopettamispyynt\u00f6\u00e4 kannanottona kanta-asiakassopimuksen irtisanomiseen.<\/p>\n\t\t\t\t\t\t\t\t<\/div>\n\t\t\t\t<\/div>\n\t\t\t\t<div class=\"elementor-element elementor-element-2cc51f2 elementor-invisible elementor-widget elementor-widget-heading\" data-id=\"2cc51f2\" data-element_type=\"widget\" data-e-type=\"widget\" data-settings=\"{&quot;_animation&quot;:&quot;fadeIn&quot;}\" data-widget_type=\"heading.default\">\n\t\t\t\t<div class=\"elementor-widget-container\">\n\t\t\t\t\t<h2 class=\"elementor-heading-title elementor-size-default\">Turvallisuus<\/h2>\t\t\t\t<\/div>\n\t\t\t\t<\/div>\n\t\t\t\t<div class=\"elementor-element elementor-element-d301049 color-scheme-inherit text-left elementor-invisible elementor-widget elementor-widget-text-editor\" data-id=\"d301049\" data-element_type=\"widget\" data-e-type=\"widget\" data-settings=\"{&quot;_animation&quot;:&quot;fadeIn&quot;}\" data-widget_type=\"text-editor.default\">\n\t\t\t\t<div class=\"elementor-widget-container\">\n\t\t\t\t\t\t\t\t\t<p>Kaikki AS:n verkkokaupassa k\u00e4yneiden tai sielt\u00e4 ostaneiden asiakkaiden henkil\u00f6tiedot.<br \/>Veikandia k\u00e4sitell\u00e4\u00e4n luottamuksellisena tietona. Pankkien kanssa k\u00e4ytett\u00e4v\u00e4t salatut tiedonsiirtokanavat takaavat ostajan henkil\u00f6tietojen ja pankkitietojen turvallisuuden.<\/p>\n\t\t\t\t\t\t\t\t<\/div>\n\t\t\t\t<\/div>\n\t\t\t\t<div class=\"elementor-element elementor-element-261512e elementor-invisible elementor-widget elementor-widget-heading\" data-id=\"261512e\" data-element_type=\"widget\" data-e-type=\"widget\" data-settings=\"{&quot;_animation&quot;:&quot;fadeIn&quot;}\" data-widget_type=\"heading.default\">\n\t\t\t\t<div class=\"elementor-widget-container\">\n\t\t\t\t\t<h2 class=\"elementor-heading-title elementor-size-default\">Tietosuojak\u00e4yt\u00e4nn\u00f6n ehdot ja muutokset<\/h2>\t\t\t\t<\/div>\n\t\t\t\t<\/div>\n\t\t\t\t<div class=\"elementor-element elementor-element-8eec77c color-scheme-inherit text-left elementor-invisible elementor-widget elementor-widget-text-editor\" data-id=\"8eec77c\" data-element_type=\"widget\" data-e-type=\"widget\" data-settings=\"{&quot;_animation&quot;:&quot;fadeIn&quot;}\" data-widget_type=\"text-editor.default\">\n\t\t\t\t<div class=\"elementor-widget-container\">\n\t\t\t\t\t\t\t\t\t<p>K\u00e4ytt\u00e4m\u00e4ll\u00e4 verkkokauppaamme tai tulemalla kanta-asiakkaaksi olet lukenut ja hyv\u00e4ksynyt n\u00e4m\u00e4 periaatteet ja ehdot. Pid\u00e4t\u00e4mme oikeuden muuttaa tarvittaessa tietosuojak\u00e4yt\u00e4nn\u00f6n yleisi\u00e4 ehtoja ja ilmoittaa siit\u00e4 kaikille vakioasiakkaillemme, mutta teemme parhaamme pit\u00e4m\u00e4\u00e4n tietosuojak\u00e4yt\u00e4nt\u00f6mme ajan tasalla ja saatavilla verkkosivustollamme.<\/p>\n<p>Jos sinulla on kysymyksi\u00e4 tai huolenaiheita t\u00e4st\u00e4 tietosuojak\u00e4yt\u00e4nn\u00f6st\u00e4 tai tietojenk\u00e4sittelyst\u00e4, ota yhteytt\u00e4 osoitteeseen netipood@veikand.ee.<\/p>\n<p>Sinulla on aina oikeus k\u00e4\u00e4nty\u00e4 tietosuojavaltuutetun tai tuomioistuimen puoleen tietojesi suojaamiseksi. Tietosuojavaltuutettu on valtion virasto, joka my\u00f6s neuvoo tai auttaa sinua henkil\u00f6tietojen suojaan liittyviss\u00e4 kysymyksiss\u00e4.<\/p>\n\t\t\t\t\t\t\t\t<\/div>\n\t\t\t\t<\/div>\n\t\t\t\t\t<\/div>\n\t\t<\/div>\n\t\t\t\t\t<\/div>\n\t\t<\/section>\n\t\t\t\t<\/div>\n\t\t","protected":false},"excerpt":{"rendered":"<p>AS Veikand haluaa sinun olevan tietoinen siit\u00e4, miten me (AS Veikand) ker\u00e4\u00e4mme henkil\u00f6tietoja, k\u00e4yt\u00e4mme niit\u00e4 ja luovutamme niit\u00e4. T\u00e4m\u00e4n perusteella<\/p>\n","protected":false},"author":1,"featured_media":0,"parent":0,"menu_order":0,"comment_status":"closed","ping_status":"closed","template":"elementor_header_footer","meta":{"_acf_changed":false,"footnotes":""},"class_list":["post-19674","page","type-page","status-publish","hentry"],"acf":[],"yoast_head":"<!-- This site is optimized with the Yoast SEO plugin v27.3 - https:\/\/yoast.com\/product\/yoast-seo-wordpress\/ -->\n<title>Tietosuojak\u00e4yt\u00e4nt\u00f6 - Saksavorst<\/title>\n<meta name=\"robots\" content=\"index, follow, max-snippet:-1, max-image-preview:large, max-video-preview:-1\" \/>\n<link rel=\"canonical\" href=\"https:\/\/saksavorst.ee\/fi\/tietosuojakaytanto\/\" \/>\n<meta property=\"og:locale\" content=\"fi_FI\" \/>\n<meta property=\"og:type\" content=\"article\" \/>\n<meta property=\"og:title\" content=\"Tietosuojak\u00e4yt\u00e4nt\u00f6 - Saksavorst\" \/>\n<meta property=\"og:description\" content=\"AS Veikand haluaa sinun olevan tietoinen siit\u00e4, miten me (AS Veikand) ker\u00e4\u00e4mme henkil\u00f6tietoja, k\u00e4yt\u00e4mme niit\u00e4 ja luovutamme niit\u00e4. T\u00e4m\u00e4n perusteella\" \/>\n<meta property=\"og:url\" content=\"https:\/\/saksavorst.ee\/fi\/tietosuojakaytanto\/\" \/>\n<meta property=\"og:site_name\" content=\"Saksavorst\" \/>\n<meta property=\"article:publisher\" content=\"https:\/\/www.facebook.com\/Veikand\" \/>\n<meta property=\"article:modified_time\" content=\"2023-03-23T12:08:33+00:00\" \/>\n<meta property=\"og:image\" content=\"https:\/\/saksavorst.ee\/wp-content\/uploads\/2023\/01\/Group-11.png\" \/>\n\t<meta property=\"og:image:width\" content=\"154\" \/>\n\t<meta property=\"og:image:height\" content=\"125\" \/>\n\t<meta property=\"og:image:type\" content=\"image\/png\" \/>\n<meta name=\"twitter:card\" content=\"summary_large_image\" \/>\n<meta name=\"twitter:label1\" content=\"Arvioitu lukuaika\" \/>\n\t<meta name=\"twitter:data1\" content=\"3 minuuttia\" \/>\n<script type=\"application\/ld+json\" class=\"yoast-schema-graph\">{\"@context\":\"https:\\\/\\\/schema.org\",\"@graph\":[{\"@type\":\"WebPage\",\"@id\":\"https:\\\/\\\/saksavorst.ee\\\/fi\\\/tietosuojakaytanto\\\/\",\"url\":\"https:\\\/\\\/saksavorst.ee\\\/fi\\\/tietosuojakaytanto\\\/\",\"name\":\"Tietosuojak\u00e4yt\u00e4nt\u00f6 - Saksavorst\",\"isPartOf\":{\"@id\":\"https:\\\/\\\/saksavorst.ee\\\/fi\\\/#website\"},\"primaryImageOfPage\":{\"@id\":\"https:\\\/\\\/saksavorst.ee\\\/fi\\\/tietosuojakaytanto\\\/#primaryimage\"},\"image\":{\"@id\":\"https:\\\/\\\/saksavorst.ee\\\/fi\\\/tietosuojakaytanto\\\/#primaryimage\"},\"thumbnailUrl\":\"https:\\\/\\\/saksavorst.ee\\\/wp-content\\\/uploads\\\/2023\\\/01\\\/Group-11.png\",\"datePublished\":\"2023-01-12T12:30:06+00:00\",\"dateModified\":\"2023-03-23T12:08:33+00:00\",\"breadcrumb\":{\"@id\":\"https:\\\/\\\/saksavorst.ee\\\/fi\\\/tietosuojakaytanto\\\/#breadcrumb\"},\"inLanguage\":\"fi\",\"potentialAction\":[{\"@type\":\"ReadAction\",\"target\":[\"https:\\\/\\\/saksavorst.ee\\\/fi\\\/tietosuojakaytanto\\\/\"]}]},{\"@type\":\"ImageObject\",\"inLanguage\":\"fi\",\"@id\":\"https:\\\/\\\/saksavorst.ee\\\/fi\\\/tietosuojakaytanto\\\/#primaryimage\",\"url\":\"https:\\\/\\\/saksavorst.ee\\\/wp-content\\\/uploads\\\/2023\\\/01\\\/Group-11.png\",\"contentUrl\":\"https:\\\/\\\/saksavorst.ee\\\/wp-content\\\/uploads\\\/2023\\\/01\\\/Group-11.png\"},{\"@type\":\"BreadcrumbList\",\"@id\":\"https:\\\/\\\/saksavorst.ee\\\/fi\\\/tietosuojakaytanto\\\/#breadcrumb\",\"itemListElement\":[{\"@type\":\"ListItem\",\"position\":1,\"name\":\"Home\",\"item\":\"https:\\\/\\\/saksavorst.ee\\\/fi\\\/\"},{\"@type\":\"ListItem\",\"position\":2,\"name\":\"Tietosuojak\u00e4yt\u00e4nt\u00f6\"}]},{\"@type\":\"WebSite\",\"@id\":\"https:\\\/\\\/saksavorst.ee\\\/fi\\\/#website\",\"url\":\"https:\\\/\\\/saksavorst.ee\\\/fi\\\/\",\"name\":\"Saksavorst\",\"description\":\"Feel the taste of emotions\",\"publisher\":{\"@id\":\"https:\\\/\\\/saksavorst.ee\\\/fi\\\/#organization\"},\"alternateName\":\"Veikand\",\"potentialAction\":[{\"@type\":\"SearchAction\",\"target\":{\"@type\":\"EntryPoint\",\"urlTemplate\":\"https:\\\/\\\/saksavorst.ee\\\/fi\\\/?s={search_term_string}\"},\"query-input\":{\"@type\":\"PropertyValueSpecification\",\"valueRequired\":true,\"valueName\":\"search_term_string\"}}],\"inLanguage\":\"fi\"},{\"@type\":\"Organization\",\"@id\":\"https:\\\/\\\/saksavorst.ee\\\/fi\\\/#organization\",\"name\":\"Saksavorst\",\"alternateName\":\"Veikand\",\"url\":\"https:\\\/\\\/saksavorst.ee\\\/fi\\\/\",\"logo\":{\"@type\":\"ImageObject\",\"inLanguage\":\"fi\",\"@id\":\"https:\\\/\\\/saksavorst.ee\\\/fi\\\/#\\\/schema\\\/logo\\\/image\\\/\",\"url\":\"https:\\\/\\\/saksavorst.ee\\\/wp-content\\\/uploads\\\/2023\\\/05\\\/veikand-logo.jpg\",\"contentUrl\":\"https:\\\/\\\/saksavorst.ee\\\/wp-content\\\/uploads\\\/2023\\\/05\\\/veikand-logo.jpg\",\"width\":217,\"height\":217,\"caption\":\"Saksavorst\"},\"image\":{\"@id\":\"https:\\\/\\\/saksavorst.ee\\\/fi\\\/#\\\/schema\\\/logo\\\/image\\\/\"},\"sameAs\":[\"https:\\\/\\\/www.facebook.com\\\/Veikand\"]}]}<\/script>\n<!-- \/ Yoast SEO plugin. -->","yoast_head_json":{"title":"Tietosuojak\u00e4yt\u00e4nt\u00f6 - Saksavorst","robots":{"index":"index","follow":"follow","max-snippet":"max-snippet:-1","max-image-preview":"max-image-preview:large","max-video-preview":"max-video-preview:-1"},"canonical":"https:\/\/saksavorst.ee\/fi\/tietosuojakaytanto\/","og_locale":"fi_FI","og_type":"article","og_title":"Tietosuojak\u00e4yt\u00e4nt\u00f6 - Saksavorst","og_description":"AS Veikand haluaa sinun olevan tietoinen siit\u00e4, miten me (AS Veikand) ker\u00e4\u00e4mme henkil\u00f6tietoja, k\u00e4yt\u00e4mme niit\u00e4 ja luovutamme niit\u00e4. T\u00e4m\u00e4n perusteella","og_url":"https:\/\/saksavorst.ee\/fi\/tietosuojakaytanto\/","og_site_name":"Saksavorst","article_publisher":"https:\/\/www.facebook.com\/Veikand","article_modified_time":"2023-03-23T12:08:33+00:00","og_image":[{"width":154,"height":125,"url":"https:\/\/saksavorst.ee\/wp-content\/uploads\/2023\/01\/Group-11.png","type":"image\/png"}],"twitter_card":"summary_large_image","twitter_misc":{"Arvioitu lukuaika":"3 minuuttia"},"schema":{"@context":"https:\/\/schema.org","@graph":[{"@type":"WebPage","@id":"https:\/\/saksavorst.ee\/fi\/tietosuojakaytanto\/","url":"https:\/\/saksavorst.ee\/fi\/tietosuojakaytanto\/","name":"Tietosuojak\u00e4yt\u00e4nt\u00f6 - Saksavorst","isPartOf":{"@id":"https:\/\/saksavorst.ee\/fi\/#website"},"primaryImageOfPage":{"@id":"https:\/\/saksavorst.ee\/fi\/tietosuojakaytanto\/#primaryimage"},"image":{"@id":"https:\/\/saksavorst.ee\/fi\/tietosuojakaytanto\/#primaryimage"},"thumbnailUrl":"https:\/\/saksavorst.ee\/wp-content\/uploads\/2023\/01\/Group-11.png","datePublished":"2023-01-12T12:30:06+00:00","dateModified":"2023-03-23T12:08:33+00:00","breadcrumb":{"@id":"https:\/\/saksavorst.ee\/fi\/tietosuojakaytanto\/#breadcrumb"},"inLanguage":"fi","potentialAction":[{"@type":"ReadAction","target":["https:\/\/saksavorst.ee\/fi\/tietosuojakaytanto\/"]}]},{"@type":"ImageObject","inLanguage":"fi","@id":"https:\/\/saksavorst.ee\/fi\/tietosuojakaytanto\/#primaryimage","url":"https:\/\/saksavorst.ee\/wp-content\/uploads\/2023\/01\/Group-11.png","contentUrl":"https:\/\/saksavorst.ee\/wp-content\/uploads\/2023\/01\/Group-11.png"},{"@type":"BreadcrumbList","@id":"https:\/\/saksavorst.ee\/fi\/tietosuojakaytanto\/#breadcrumb","itemListElement":[{"@type":"ListItem","position":1,"name":"Home","item":"https:\/\/saksavorst.ee\/fi\/"},{"@type":"ListItem","position":2,"name":"Tietosuojak\u00e4yt\u00e4nt\u00f6"}]},{"@type":"WebSite","@id":"https:\/\/saksavorst.ee\/fi\/#website","url":"https:\/\/saksavorst.ee\/fi\/","name":"Saksavorst","description":"Feel the taste of emotions","publisher":{"@id":"https:\/\/saksavorst.ee\/fi\/#organization"},"alternateName":"Veikand","potentialAction":[{"@type":"SearchAction","target":{"@type":"EntryPoint","urlTemplate":"https:\/\/saksavorst.ee\/fi\/?s={search_term_string}"},"query-input":{"@type":"PropertyValueSpecification","valueRequired":true,"valueName":"search_term_string"}}],"inLanguage":"fi"},{"@type":"Organization","@id":"https:\/\/saksavorst.ee\/fi\/#organization","name":"Saksavorst","alternateName":"Veikand","url":"https:\/\/saksavorst.ee\/fi\/","logo":{"@type":"ImageObject","inLanguage":"fi","@id":"https:\/\/saksavorst.ee\/fi\/#\/schema\/logo\/image\/","url":"https:\/\/saksavorst.ee\/wp-content\/uploads\/2023\/05\/veikand-logo.jpg","contentUrl":"https:\/\/saksavorst.ee\/wp-content\/uploads\/2023\/05\/veikand-logo.jpg","width":217,"height":217,"caption":"Saksavorst"},"image":{"@id":"https:\/\/saksavorst.ee\/fi\/#\/schema\/logo\/image\/"},"sameAs":["https:\/\/www.facebook.com\/Veikand"]}]}},"_links":{"self":[{"href":"https:\/\/saksavorst.ee\/fi\/wp-json\/wp\/v2\/pages\/19674","targetHints":{"allow":["GET"]}}],"collection":[{"href":"https:\/\/saksavorst.ee\/fi\/wp-json\/wp\/v2\/pages"}],"about":[{"href":"https:\/\/saksavorst.ee\/fi\/wp-json\/wp\/v2\/types\/page"}],"author":[{"embeddable":true,"href":"https:\/\/saksavorst.ee\/fi\/wp-json\/wp\/v2\/users\/1"}],"replies":[{"embeddable":true,"href":"https:\/\/saksavorst.ee\/fi\/wp-json\/wp\/v2\/comments?post=19674"}],"version-history":[{"count":0,"href":"https:\/\/saksavorst.ee\/fi\/wp-json\/wp\/v2\/pages\/19674\/revisions"}],"wp:attachment":[{"href":"https:\/\/saksavorst.ee\/fi\/wp-json\/wp\/v2\/media?parent=19674"}],"curies":[{"name":"wp","href":"https:\/\/api.w.org\/{rel}","templated":true}]}}