{"id":19662,"date":"2023-02-13T13:46:35","date_gmt":"2023-02-13T13:46:35","guid":{"rendered":"https:\/\/saksavorst.ee\/sopimuksen-irtisanominen\/"},"modified":"2023-03-23T12:07:48","modified_gmt":"2023-03-23T12:07:48","slug":"sopimuksen-irtisanominen","status":"publish","type":"page","link":"https:\/\/saksavorst.ee\/fi\/sopimuksen-irtisanominen\/","title":{"rendered":"Sopimuksen irtisanominen"},"content":{"rendered":"\t\t<div data-elementor-type=\"wp-page\" data-elementor-id=\"19662\" class=\"elementor elementor-19662 elementor-10763\" data-elementor-post-type=\"page\">\n\t\t\t\t\t\t<section class=\"wd-negative-gap elementor-section elementor-top-section elementor-element elementor-element-2ed78808 wd-section-stretch elementor-section-boxed elementor-section-height-default elementor-section-height-default\" data-id=\"2ed78808\" data-element_type=\"section\" data-e-type=\"section\">\n\t\t\t\t\t\t<div class=\"elementor-container elementor-column-gap-default\">\n\t\t\t\t\t<div class=\"elementor-column elementor-col-100 elementor-top-column elementor-element elementor-element-432605d9\" data-id=\"432605d9\" data-element_type=\"column\" data-e-type=\"column\">\n\t\t\t<div class=\"elementor-widget-wrap elementor-element-populated\">\n\t\t\t\t\t\t<div class=\"elementor-element elementor-element-8aa9e64 elementor-invisible elementor-widget elementor-widget-heading\" data-id=\"8aa9e64\" data-element_type=\"widget\" data-e-type=\"widget\" data-settings=\"{&quot;_animation&quot;:&quot;fadeInUp&quot;}\" data-widget_type=\"heading.default\">\n\t\t\t\t<div class=\"elementor-widget-container\">\n\t\t\t\t\t<h1 class=\"elementor-heading-title elementor-size-default\">Sopimuksen irtisanominen<\/h1>\t\t\t\t<\/div>\n\t\t\t\t<\/div>\n\t\t\t\t<div class=\"elementor-element elementor-element-686862d elementor-absolute elementor-invisible elementor-widget elementor-widget-image\" data-id=\"686862d\" data-element_type=\"widget\" data-e-type=\"widget\" data-settings=\"{&quot;_position&quot;:&quot;absolute&quot;,&quot;_animation&quot;:&quot;fadeInRight&quot;}\" data-widget_type=\"image.default\">\n\t\t\t\t<div class=\"elementor-widget-container\">\n\t\t\t\t\t\t\t\t\t\t\t\t\t\t\t<img decoding=\"async\" width=\"154\" height=\"125\" src=\"https:\/\/saksavorst.ee\/wp-content\/uploads\/2023\/01\/Group-11.png\" class=\"attachment-large size-large wp-image-11989\" alt=\"\" srcset=\"https:\/\/saksavorst.ee\/wp-content\/uploads\/2023\/01\/Group-11.png 154w, https:\/\/saksavorst.ee\/wp-content\/uploads\/2023\/01\/Group-11-150x122.png 150w\" sizes=\"(max-width: 154px) 100vw, 154px\" \/>\t\t\t\t\t\t\t\t\t\t\t\t\t\t\t<\/div>\n\t\t\t\t<\/div>\n\t\t\t\t<div class=\"elementor-element elementor-element-0bcfe39 elementor-absolute elementor-invisible elementor-widget elementor-widget-image\" data-id=\"0bcfe39\" data-element_type=\"widget\" data-e-type=\"widget\" data-settings=\"{&quot;_position&quot;:&quot;absolute&quot;,&quot;_animation&quot;:&quot;fadeInLeft&quot;}\" data-widget_type=\"image.default\">\n\t\t\t\t<div class=\"elementor-widget-container\">\n\t\t\t\t\t\t\t\t\t\t\t\t\t\t\t<img decoding=\"async\" width=\"88\" height=\"48\" src=\"https:\/\/saksavorst.ee\/wp-content\/uploads\/2023\/01\/Group-10.png\" class=\"attachment-large size-large wp-image-11986\" alt=\"\" \/>\t\t\t\t\t\t\t\t\t\t\t\t\t\t\t<\/div>\n\t\t\t\t<\/div>\n\t\t\t\t<div class=\"elementor-element elementor-element-e394c2d elementor-invisible elementor-widget elementor-widget-heading\" data-id=\"e394c2d\" data-element_type=\"widget\" data-e-type=\"widget\" data-settings=\"{&quot;_animation&quot;:&quot;fadeIn&quot;}\" data-widget_type=\"heading.default\">\n\t\t\t\t<div class=\"elementor-widget-container\">\n\t\t\t\t\t<h2 class=\"elementor-heading-title elementor-size-default\">Kuluttajan opas et\u00e4sopimuksen irtisanomiseen\n<\/h2>\t\t\t\t<\/div>\n\t\t\t\t<\/div>\n\t\t\t\t<div class=\"elementor-element elementor-element-966dea9 elementor-widget-divider--view-line elementor-widget elementor-widget-divider\" data-id=\"966dea9\" data-element_type=\"widget\" data-e-type=\"widget\" data-widget_type=\"divider.default\">\n\t\t\t\t<div class=\"elementor-widget-container\">\n\t\t\t\t\t\t\t<div class=\"elementor-divider\">\n\t\t\t<span class=\"elementor-divider-separator\">\n\t\t\t\t\t\t<\/span>\n\t\t<\/div>\n\t\t\t\t\t\t<\/div>\n\t\t\t\t<\/div>\n\t\t\t\t<div class=\"elementor-element elementor-element-a8c3f0d elementor-invisible elementor-widget elementor-widget-heading\" data-id=\"a8c3f0d\" data-element_type=\"widget\" data-e-type=\"widget\" data-settings=\"{&quot;_animation&quot;:&quot;fadeIn&quot;}\" data-widget_type=\"heading.default\">\n\t\t\t\t<div class=\"elementor-widget-container\">\n\t\t\t\t\t<h3 class=\"elementor-heading-title elementor-size-default\">Oikeus peruuttaa\n<\/h3>\t\t\t\t<\/div>\n\t\t\t\t<\/div>\n\t\t\t\t<div class=\"elementor-element elementor-element-2cdc943a color-scheme-inherit text-left elementor-invisible elementor-widget elementor-widget-text-editor\" data-id=\"2cdc943a\" data-element_type=\"widget\" data-e-type=\"widget\" data-settings=\"{&quot;_animation&quot;:&quot;fadeIn&quot;}\" data-widget_type=\"text-editor.default\">\n\t\t\t\t<div class=\"elementor-widget-container\">\n\t\t\t\t\t\t\t\t\t<p>Sinulla on oikeus peruuttaa et\u00e4sopimus 14 p\u00e4iv\u00e4n kuluessa ilman syyt\u00e4. Peruuttamisaika p\u00e4\u00e4ttyy 14 p\u00e4iv\u00e4n kuluttua siit\u00e4 p\u00e4iv\u00e4st\u00e4, jona sin\u00e4 saat tavarat fyysisesti haltuusi tai jona kolmas osapuoli, joka ei ole rahdinkuljettaja ja jonka sin\u00e4 olet ilmoittanut, saa ne haltuunsa. K\u00e4ytt\u00e4\u00e4ksesi peruuttamisoikeuttasi sinun on ilmoitettava meille p\u00e4\u00e4t\u00f6ksest\u00e4si peruuttaa t\u00e4m\u00e4 sopimus selke\u00e4ll\u00e4 ilmoituksella (esim. postitse, faksilla tai s\u00e4hk\u00f6postitse l\u00e4hetetyll\u00e4 kirjeell\u00e4). Voit k\u00e4ytt\u00e4\u00e4 oheista peruutuslomakkeen mallia, mutta se ei ole pakollinen.<\/p>\n<p>Yhteystietomme:<\/p>\n<p>AS Veikand<br \/>Osoite: V\u00e4lja tn. 7, 80010 P\u00e4rnu<br \/>S\u00e4hk\u00f6posti: <a href=\"mailto:%20netipood@veikand.ee\">netipood@veikand.ee<\/a> tai <a href=\"mailto:%20veikand@veikand.ee\">veikand@veikand.ee<br \/><\/a>Puhelin: +372 44 64 930<\/p>\n<p>Peruutusajan noudattamiseksi riitt\u00e4\u00e4, ett\u00e4 l\u00e4het\u00e4t peruuttamisoikeuden k\u00e4ytt\u00e4mist\u00e4 koskevan viestisi ennen peruutusajan p\u00e4\u00e4ttymist\u00e4.<\/p>\n\t\t\t\t\t\t\t\t<\/div>\n\t\t\t\t<\/div>\n\t\t\t\t<div class=\"elementor-element elementor-element-d46de8b elementor-invisible elementor-widget elementor-widget-heading\" data-id=\"d46de8b\" data-element_type=\"widget\" data-e-type=\"widget\" data-settings=\"{&quot;_animation&quot;:&quot;fadeIn&quot;}\" data-widget_type=\"heading.default\">\n\t\t\t\t<div class=\"elementor-widget-container\">\n\t\t\t\t\t<h2 class=\"elementor-heading-title elementor-size-default\">Peruuttamisen vaikutukset\n<\/h2>\t\t\t\t<\/div>\n\t\t\t\t<\/div>\n\t\t\t\t<div class=\"elementor-element elementor-element-133e470 color-scheme-inherit text-left elementor-invisible elementor-widget elementor-widget-text-editor\" data-id=\"133e470\" data-element_type=\"widget\" data-e-type=\"widget\" data-settings=\"{&quot;_animation&quot;:&quot;fadeIn&quot;}\" data-widget_type=\"text-editor.default\">\n\t\t\t\t<div class=\"elementor-widget-container\">\n\t\t\t\t\t\t\t\t\t<p>Jos peruutat t\u00e4m\u00e4n sopimuksen, palautamme sinulle kaikki sinulta saadut maksut, mukaan lukien toimituskustannukset (lukuun ottamatta lis\u00e4kustannuksia, jotka aiheutuvat siit\u00e4, ett\u00e4 olet valinnut muun toimitustyypin kuin edullisimman tarjoamamme vakiotoimitustyypin). Voimme v\u00e4hent\u00e4\u00e4 toimitettujen tavaroiden arvonmenetyksen korvauksesta, jos menetys johtuu tarpeettomasta k\u00e4sittelyst\u00e4si. Maksamme korvauksen ilman aiheetonta viivytyst\u00e4 ja viimeist\u00e4\u00e4n 14 p\u00e4iv\u00e4n kuluessa siit\u00e4 p\u00e4iv\u00e4st\u00e4, jona saamme tiedon p\u00e4\u00e4t\u00f6ksest\u00e4si peruuttaa t\u00e4m\u00e4 sopimus. Korvaus suoritetaan k\u00e4ytt\u00e4m\u00e4ll\u00e4 samaa maksuv\u00e4linett\u00e4, jota k\u00e4ytit alkuper\u00e4isess\u00e4 maksutapahtumassa, ellet ole nimenomaisesti sopinut toisin; sinulle ei miss\u00e4\u00e4n tapauksessa aiheudu mit\u00e4\u00e4n kuluja korvauksen suorittamisesta.<\/p>\n<p>Voimme pid\u00e4tt\u00e4yty\u00e4 korvauksen maksamisesta, kunnes olemme vastaanottaneet tavarat takaisin tai kunnes olet toimittanut todisteet tavaroiden palauttamisesta, riippuen siit\u00e4, kumpi ajankohta on aikaisempi.<\/p>\n<p>Palautettujen tavaroiden on oltava t\u00e4ydellisi\u00e4 kaikkine osineen ja alkuper\u00e4ispakkauksessa.<\/p>\n<p>Sinun on palautettava tavarat tai luovutettava ne AS Veikandille ilman aiheetonta viivytyst\u00e4 ja joka tapauksessa viimeist\u00e4\u00e4n 14 p\u00e4iv\u00e4n kuluessa siit\u00e4 p\u00e4iv\u00e4st\u00e4, jona ilmoitit meille sopimuksen peruuttamisesta. M\u00e4\u00e4r\u00e4aika t\u00e4yttyy, jos l\u00e4het\u00e4t tavarat takaisin ennen 14 p\u00e4iv\u00e4n m\u00e4\u00e4r\u00e4ajan p\u00e4\u00e4ttymist\u00e4.<\/p>\n<p>Sinun on vastattava tavaroiden palauttamisesta aiheutuvista v\u00e4litt\u00f6mist\u00e4 kustannuksista.<\/p>\n<p>Olet vastuussa ainoastaan tavaran arvon alenemisesta, joka johtuu muusta kuin tavaran luonteen, ominaisuuksien ja toiminnan selvitt\u00e4miseksi tarvittavasta k\u00e4sittelyst\u00e4. Tuotteen luonteen, ominaisuuksien ja toimintojen tarkistamiseksi sit\u00e4 on k\u00e4sitelt\u00e4v\u00e4 ja k\u00e4ytett\u00e4v\u00e4 niin kuin sit\u00e4 normaalisti k\u00e4ytett\u00e4isiin myym\u00e4l\u00e4ss\u00e4.<\/p>\n<p>Meill\u00e4 on oikeus esitt\u00e4\u00e4 arvonalennuksesta johtuvat vaatimukset viimeist\u00e4\u00e4n kuukauden kuluessa siit\u00e4, kun<br \/>tuotteen palauttaminen.<\/p>\n<p>Peruuttamisoikeutta ei sovelleta sopimuksiin, jotka koskevat:<br \/>&#8211; Tuotteet, jotka eiv\u00e4t sovellu palautettaviksi terveys- tai hygieniasyist\u00e4, ja<br \/>kun tuote on avattu heti toimituksen j\u00e4lkeen<br \/>&#8211; muista laissa s\u00e4\u00e4detyist\u00e4 syist\u00e4<\/p>\n<p>Lataa: <span style=\"text-decoration: underline;\"><br \/>\n  <a href=\"\/wp-content\/uploads\/2023\/02\/Lepingust-taganemise-avaldus-ENG-1.pdf\">Sopimuksen irtisanominen<\/a><br \/>\n<\/span><\/p>\n\t\t\t\t\t\t\t\t<\/div>\n\t\t\t\t<\/div>\n\t\t\t\t\t<\/div>\n\t\t<\/div>\n\t\t\t\t\t<\/div>\n\t\t<\/section>\n\t\t\t\t<\/div>\n\t\t","protected":false},"excerpt":{"rendered":"<p>Kuluttajan opas et\u00e4sopimuksen irtisanomiseen Oikeus peruuttaa Sinulla on oikeus peruuttaa et\u00e4sopimus 14 p\u00e4iv\u00e4n kuluessa ilman syyt\u00e4. Peruuttamisaika p\u00e4\u00e4ttyy 14 p\u00e4iv\u00e4n<\/p>\n","protected":false},"author":1,"featured_media":0,"parent":0,"menu_order":0,"comment_status":"closed","ping_status":"closed","template":"elementor_header_footer","meta":{"_acf_changed":false,"footnotes":""},"class_list":["post-19662","page","type-page","status-publish","hentry"],"acf":[],"yoast_head":"<!-- This site is optimized with the Yoast SEO plugin v27.3 - https:\/\/yoast.com\/product\/yoast-seo-wordpress\/ -->\n<title>Sopimuksen irtisanominen - Saksavorst<\/title>\n<meta name=\"robots\" content=\"index, follow, max-snippet:-1, max-image-preview:large, max-video-preview:-1\" \/>\n<link rel=\"canonical\" href=\"https:\/\/saksavorst.ee\/fi\/sopimuksen-irtisanominen\/\" \/>\n<meta property=\"og:locale\" content=\"fi_FI\" \/>\n<meta property=\"og:type\" content=\"article\" \/>\n<meta property=\"og:title\" content=\"Sopimuksen irtisanominen - Saksavorst\" \/>\n<meta property=\"og:description\" content=\"Kuluttajan opas et\u00e4sopimuksen irtisanomiseen Oikeus peruuttaa Sinulla on oikeus peruuttaa et\u00e4sopimus 14 p\u00e4iv\u00e4n kuluessa ilman syyt\u00e4. Peruuttamisaika p\u00e4\u00e4ttyy 14 p\u00e4iv\u00e4n\" \/>\n<meta property=\"og:url\" content=\"https:\/\/saksavorst.ee\/fi\/sopimuksen-irtisanominen\/\" \/>\n<meta property=\"og:site_name\" content=\"Saksavorst\" \/>\n<meta property=\"article:publisher\" content=\"https:\/\/www.facebook.com\/Veikand\" \/>\n<meta property=\"article:modified_time\" content=\"2023-03-23T12:07:48+00:00\" \/>\n<meta property=\"og:image\" content=\"https:\/\/saksavorst.ee\/wp-content\/uploads\/2023\/01\/Group-11.png\" \/>\n\t<meta property=\"og:image:width\" content=\"154\" \/>\n\t<meta property=\"og:image:height\" content=\"125\" \/>\n\t<meta property=\"og:image:type\" content=\"image\/png\" \/>\n<meta name=\"twitter:card\" content=\"summary_large_image\" \/>\n<meta name=\"twitter:label1\" content=\"Arvioitu lukuaika\" \/>\n\t<meta name=\"twitter:data1\" content=\"2 minuuttia\" \/>\n<script type=\"application\/ld+json\" class=\"yoast-schema-graph\">{\"@context\":\"https:\\\/\\\/schema.org\",\"@graph\":[{\"@type\":\"WebPage\",\"@id\":\"https:\\\/\\\/saksavorst.ee\\\/fi\\\/sopimuksen-irtisanominen\\\/\",\"url\":\"https:\\\/\\\/saksavorst.ee\\\/fi\\\/sopimuksen-irtisanominen\\\/\",\"name\":\"Sopimuksen irtisanominen - Saksavorst\",\"isPartOf\":{\"@id\":\"https:\\\/\\\/saksavorst.ee\\\/fi\\\/#website\"},\"primaryImageOfPage\":{\"@id\":\"https:\\\/\\\/saksavorst.ee\\\/fi\\\/sopimuksen-irtisanominen\\\/#primaryimage\"},\"image\":{\"@id\":\"https:\\\/\\\/saksavorst.ee\\\/fi\\\/sopimuksen-irtisanominen\\\/#primaryimage\"},\"thumbnailUrl\":\"https:\\\/\\\/saksavorst.ee\\\/wp-content\\\/uploads\\\/2023\\\/01\\\/Group-11.png\",\"datePublished\":\"2023-02-13T13:46:35+00:00\",\"dateModified\":\"2023-03-23T12:07:48+00:00\",\"breadcrumb\":{\"@id\":\"https:\\\/\\\/saksavorst.ee\\\/fi\\\/sopimuksen-irtisanominen\\\/#breadcrumb\"},\"inLanguage\":\"fi\",\"potentialAction\":[{\"@type\":\"ReadAction\",\"target\":[\"https:\\\/\\\/saksavorst.ee\\\/fi\\\/sopimuksen-irtisanominen\\\/\"]}]},{\"@type\":\"ImageObject\",\"inLanguage\":\"fi\",\"@id\":\"https:\\\/\\\/saksavorst.ee\\\/fi\\\/sopimuksen-irtisanominen\\\/#primaryimage\",\"url\":\"https:\\\/\\\/saksavorst.ee\\\/wp-content\\\/uploads\\\/2023\\\/01\\\/Group-11.png\",\"contentUrl\":\"https:\\\/\\\/saksavorst.ee\\\/wp-content\\\/uploads\\\/2023\\\/01\\\/Group-11.png\"},{\"@type\":\"BreadcrumbList\",\"@id\":\"https:\\\/\\\/saksavorst.ee\\\/fi\\\/sopimuksen-irtisanominen\\\/#breadcrumb\",\"itemListElement\":[{\"@type\":\"ListItem\",\"position\":1,\"name\":\"Home\",\"item\":\"https:\\\/\\\/saksavorst.ee\\\/fi\\\/\"},{\"@type\":\"ListItem\",\"position\":2,\"name\":\"Sopimuksen irtisanominen\"}]},{\"@type\":\"WebSite\",\"@id\":\"https:\\\/\\\/saksavorst.ee\\\/fi\\\/#website\",\"url\":\"https:\\\/\\\/saksavorst.ee\\\/fi\\\/\",\"name\":\"Saksavorst\",\"description\":\"Feel the taste of emotions\",\"publisher\":{\"@id\":\"https:\\\/\\\/saksavorst.ee\\\/fi\\\/#organization\"},\"alternateName\":\"Veikand\",\"potentialAction\":[{\"@type\":\"SearchAction\",\"target\":{\"@type\":\"EntryPoint\",\"urlTemplate\":\"https:\\\/\\\/saksavorst.ee\\\/fi\\\/?s={search_term_string}\"},\"query-input\":{\"@type\":\"PropertyValueSpecification\",\"valueRequired\":true,\"valueName\":\"search_term_string\"}}],\"inLanguage\":\"fi\"},{\"@type\":\"Organization\",\"@id\":\"https:\\\/\\\/saksavorst.ee\\\/fi\\\/#organization\",\"name\":\"Saksavorst\",\"alternateName\":\"Veikand\",\"url\":\"https:\\\/\\\/saksavorst.ee\\\/fi\\\/\",\"logo\":{\"@type\":\"ImageObject\",\"inLanguage\":\"fi\",\"@id\":\"https:\\\/\\\/saksavorst.ee\\\/fi\\\/#\\\/schema\\\/logo\\\/image\\\/\",\"url\":\"https:\\\/\\\/saksavorst.ee\\\/wp-content\\\/uploads\\\/2023\\\/05\\\/veikand-logo.jpg\",\"contentUrl\":\"https:\\\/\\\/saksavorst.ee\\\/wp-content\\\/uploads\\\/2023\\\/05\\\/veikand-logo.jpg\",\"width\":217,\"height\":217,\"caption\":\"Saksavorst\"},\"image\":{\"@id\":\"https:\\\/\\\/saksavorst.ee\\\/fi\\\/#\\\/schema\\\/logo\\\/image\\\/\"},\"sameAs\":[\"https:\\\/\\\/www.facebook.com\\\/Veikand\"]}]}<\/script>\n<!-- \/ Yoast SEO plugin. -->","yoast_head_json":{"title":"Sopimuksen irtisanominen - Saksavorst","robots":{"index":"index","follow":"follow","max-snippet":"max-snippet:-1","max-image-preview":"max-image-preview:large","max-video-preview":"max-video-preview:-1"},"canonical":"https:\/\/saksavorst.ee\/fi\/sopimuksen-irtisanominen\/","og_locale":"fi_FI","og_type":"article","og_title":"Sopimuksen irtisanominen - Saksavorst","og_description":"Kuluttajan opas et\u00e4sopimuksen irtisanomiseen Oikeus peruuttaa Sinulla on oikeus peruuttaa et\u00e4sopimus 14 p\u00e4iv\u00e4n kuluessa ilman syyt\u00e4. Peruuttamisaika p\u00e4\u00e4ttyy 14 p\u00e4iv\u00e4n","og_url":"https:\/\/saksavorst.ee\/fi\/sopimuksen-irtisanominen\/","og_site_name":"Saksavorst","article_publisher":"https:\/\/www.facebook.com\/Veikand","article_modified_time":"2023-03-23T12:07:48+00:00","og_image":[{"width":154,"height":125,"url":"https:\/\/saksavorst.ee\/wp-content\/uploads\/2023\/01\/Group-11.png","type":"image\/png"}],"twitter_card":"summary_large_image","twitter_misc":{"Arvioitu lukuaika":"2 minuuttia"},"schema":{"@context":"https:\/\/schema.org","@graph":[{"@type":"WebPage","@id":"https:\/\/saksavorst.ee\/fi\/sopimuksen-irtisanominen\/","url":"https:\/\/saksavorst.ee\/fi\/sopimuksen-irtisanominen\/","name":"Sopimuksen irtisanominen - Saksavorst","isPartOf":{"@id":"https:\/\/saksavorst.ee\/fi\/#website"},"primaryImageOfPage":{"@id":"https:\/\/saksavorst.ee\/fi\/sopimuksen-irtisanominen\/#primaryimage"},"image":{"@id":"https:\/\/saksavorst.ee\/fi\/sopimuksen-irtisanominen\/#primaryimage"},"thumbnailUrl":"https:\/\/saksavorst.ee\/wp-content\/uploads\/2023\/01\/Group-11.png","datePublished":"2023-02-13T13:46:35+00:00","dateModified":"2023-03-23T12:07:48+00:00","breadcrumb":{"@id":"https:\/\/saksavorst.ee\/fi\/sopimuksen-irtisanominen\/#breadcrumb"},"inLanguage":"fi","potentialAction":[{"@type":"ReadAction","target":["https:\/\/saksavorst.ee\/fi\/sopimuksen-irtisanominen\/"]}]},{"@type":"ImageObject","inLanguage":"fi","@id":"https:\/\/saksavorst.ee\/fi\/sopimuksen-irtisanominen\/#primaryimage","url":"https:\/\/saksavorst.ee\/wp-content\/uploads\/2023\/01\/Group-11.png","contentUrl":"https:\/\/saksavorst.ee\/wp-content\/uploads\/2023\/01\/Group-11.png"},{"@type":"BreadcrumbList","@id":"https:\/\/saksavorst.ee\/fi\/sopimuksen-irtisanominen\/#breadcrumb","itemListElement":[{"@type":"ListItem","position":1,"name":"Home","item":"https:\/\/saksavorst.ee\/fi\/"},{"@type":"ListItem","position":2,"name":"Sopimuksen irtisanominen"}]},{"@type":"WebSite","@id":"https:\/\/saksavorst.ee\/fi\/#website","url":"https:\/\/saksavorst.ee\/fi\/","name":"Saksavorst","description":"Feel the taste of emotions","publisher":{"@id":"https:\/\/saksavorst.ee\/fi\/#organization"},"alternateName":"Veikand","potentialAction":[{"@type":"SearchAction","target":{"@type":"EntryPoint","urlTemplate":"https:\/\/saksavorst.ee\/fi\/?s={search_term_string}"},"query-input":{"@type":"PropertyValueSpecification","valueRequired":true,"valueName":"search_term_string"}}],"inLanguage":"fi"},{"@type":"Organization","@id":"https:\/\/saksavorst.ee\/fi\/#organization","name":"Saksavorst","alternateName":"Veikand","url":"https:\/\/saksavorst.ee\/fi\/","logo":{"@type":"ImageObject","inLanguage":"fi","@id":"https:\/\/saksavorst.ee\/fi\/#\/schema\/logo\/image\/","url":"https:\/\/saksavorst.ee\/wp-content\/uploads\/2023\/05\/veikand-logo.jpg","contentUrl":"https:\/\/saksavorst.ee\/wp-content\/uploads\/2023\/05\/veikand-logo.jpg","width":217,"height":217,"caption":"Saksavorst"},"image":{"@id":"https:\/\/saksavorst.ee\/fi\/#\/schema\/logo\/image\/"},"sameAs":["https:\/\/www.facebook.com\/Veikand"]}]}},"_links":{"self":[{"href":"https:\/\/saksavorst.ee\/fi\/wp-json\/wp\/v2\/pages\/19662","targetHints":{"allow":["GET"]}}],"collection":[{"href":"https:\/\/saksavorst.ee\/fi\/wp-json\/wp\/v2\/pages"}],"about":[{"href":"https:\/\/saksavorst.ee\/fi\/wp-json\/wp\/v2\/types\/page"}],"author":[{"embeddable":true,"href":"https:\/\/saksavorst.ee\/fi\/wp-json\/wp\/v2\/users\/1"}],"replies":[{"embeddable":true,"href":"https:\/\/saksavorst.ee\/fi\/wp-json\/wp\/v2\/comments?post=19662"}],"version-history":[{"count":0,"href":"https:\/\/saksavorst.ee\/fi\/wp-json\/wp\/v2\/pages\/19662\/revisions"}],"wp:attachment":[{"href":"https:\/\/saksavorst.ee\/fi\/wp-json\/wp\/v2\/media?parent=19662"}],"curies":[{"name":"wp","href":"https:\/\/api.w.org\/{rel}","templated":true}]}}