{"id":19598,"date":"2022-12-27T14:09:24","date_gmt":"2022-12-27T14:09:24","guid":{"rendered":"https:\/\/saksavorst.ee\/meidan-tarinamme\/"},"modified":"2023-09-20T13:37:49","modified_gmt":"2023-09-20T13:37:49","slug":"meidan-tarinamme","status":"publish","type":"page","link":"https:\/\/saksavorst.ee\/fi\/meidan-tarinamme\/","title":{"rendered":"Meid\u00e4n tarinamme"},"content":{"rendered":"\t\t<div data-elementor-type=\"wp-page\" data-elementor-id=\"19598\" class=\"elementor elementor-19598 elementor-8613\" data-elementor-post-type=\"page\">\n\t\t\t\t\t\t<section class=\"elementor-section elementor-top-section elementor-element elementor-element-eb19358 elementor-section-height-min-height wd-section-stretch elementor-section-boxed elementor-section-height-default elementor-section-items-middle\" data-id=\"eb19358\" data-element_type=\"section\" data-e-type=\"section\" data-settings=\"{&quot;background_background&quot;:&quot;video&quot;,&quot;background_video_link&quot;:&quot;\\\/wp-content\\\/uploads\\\/2022\\\/12\\\/pexels-miguel-a-padrinan-6772135.mp4&quot;,&quot;background_play_on_mobile&quot;:&quot;yes&quot;}\">\n\t\t\t\t\t\t\t\t<div class=\"elementor-background-video-container\">\n\t\t\t\t\t\t\t\t\t\t\t\t\t<video class=\"elementor-background-video-hosted\" role=\"presentation\" autoplay muted playsinline loop><\/video>\n\t\t\t\t\t\t\t\t\t\t\t<\/div>\n\t\t\t\t\t\t\t\t\t<div class=\"elementor-background-overlay\"><\/div>\n\t\t\t\t\t\t\t<div class=\"elementor-container elementor-column-gap-default\">\n\t\t\t\t\t<div class=\"elementor-column elementor-col-100 elementor-top-column elementor-element elementor-element-bdf22d0\" data-id=\"bdf22d0\" data-element_type=\"column\" data-e-type=\"column\">\n\t\t\t<div class=\"elementor-widget-wrap elementor-element-populated\">\n\t\t\t\t\t\t<div class=\"elementor-element elementor-element-b8ed43d elementor-invisible elementor-widget elementor-widget-heading\" data-id=\"b8ed43d\" data-element_type=\"widget\" data-e-type=\"widget\" data-settings=\"{&quot;_animation&quot;:&quot;fadeInUp&quot;}\" data-widget_type=\"heading.default\">\n\t\t\t\t<div class=\"elementor-widget-container\">\n\t\t\t\t\t<h2 class=\"elementor-heading-title elementor-size-default\">Meid\u00e4n tarinamme<\/h2>\t\t\t\t<\/div>\n\t\t\t\t<\/div>\n\t\t\t\t<div class=\"elementor-element elementor-element-ccc07b9 elementor-invisible elementor-widget elementor-widget-image\" data-id=\"ccc07b9\" data-element_type=\"widget\" data-e-type=\"widget\" data-settings=\"{&quot;_animation&quot;:&quot;fadeInDown&quot;}\" data-widget_type=\"image.default\">\n\t\t\t\t<div class=\"elementor-widget-container\">\n\t\t\t\t\t\t\t\t\t\t\t\t\t\t\t<img decoding=\"async\" width=\"1\" height=\"98\" src=\"https:\/\/saksavorst.ee\/wp-content\/uploads\/2022\/12\/Rectangle-Copy-4-1.svg\" class=\"attachment-large size-large wp-image-11764\" alt=\"\" \/>\t\t\t\t\t\t\t\t\t\t\t\t\t\t\t<\/div>\n\t\t\t\t<\/div>\n\t\t\t\t<div class=\"elementor-element elementor-element-51c970e elementor-invisible elementor-widget elementor-widget-image\" data-id=\"51c970e\" data-element_type=\"widget\" data-e-type=\"widget\" data-settings=\"{&quot;_animation&quot;:&quot;fadeIn&quot;}\" data-widget_type=\"image.default\">\n\t\t\t\t<div class=\"elementor-widget-container\">\n\t\t\t\t\t\t\t\t\t\t\t\t\t\t\t<img decoding=\"async\" width=\"1222\" height=\"550\" src=\"https:\/\/saksavorst.ee\/wp-content\/uploads\/2022\/12\/Rectangle-547-1.jpg\" class=\"attachment-large size-large wp-image-11827\" alt=\"\" srcset=\"https:\/\/saksavorst.ee\/wp-content\/uploads\/2022\/12\/Rectangle-547-1.jpg 1222w, https:\/\/saksavorst.ee\/wp-content\/uploads\/2022\/12\/Rectangle-547-1-430x194.jpg 430w, https:\/\/saksavorst.ee\/wp-content\/uploads\/2022\/12\/Rectangle-547-1-150x68.jpg 150w, https:\/\/saksavorst.ee\/wp-content\/uploads\/2022\/12\/Rectangle-547-1-700x315.jpg 700w, https:\/\/saksavorst.ee\/wp-content\/uploads\/2022\/12\/Rectangle-547-1-400x180.jpg 400w, https:\/\/saksavorst.ee\/wp-content\/uploads\/2022\/12\/Rectangle-547-1-768x346.jpg 768w, https:\/\/saksavorst.ee\/wp-content\/uploads\/2022\/12\/Rectangle-547-1-860x387.jpg 860w\" sizes=\"(max-width: 1222px) 100vw, 1222px\" \/>\t\t\t\t\t\t\t\t\t\t\t\t\t\t\t<\/div>\n\t\t\t\t<\/div>\n\t\t\t\t<section class=\"wd-negative-gap elementor-section elementor-inner-section elementor-element elementor-element-2191092 elementor-section-boxed elementor-section-height-default elementor-section-height-default\" data-id=\"2191092\" data-element_type=\"section\" data-e-type=\"section\">\n\t\t\t\t\t\t<div class=\"elementor-container elementor-column-gap-default\">\n\t\t\t\t\t<div class=\"elementor-column elementor-col-50 elementor-inner-column elementor-element elementor-element-13c0003\" data-id=\"13c0003\" data-element_type=\"column\" data-e-type=\"column\">\n\t\t\t<div class=\"elementor-widget-wrap elementor-element-populated\">\n\t\t\t\t\t\t<div class=\"elementor-element elementor-element-2b706cd color-scheme-inherit text-left elementor-invisible elementor-widget elementor-widget-text-editor\" data-id=\"2b706cd\" data-element_type=\"widget\" data-e-type=\"widget\" data-settings=\"{&quot;_animation&quot;:&quot;fadeIn&quot;}\" data-widget_type=\"text-editor.default\">\n\t\t\t\t<div class=\"elementor-widget-container\">\n\t\t\t\t\t\t\t\t\t<p>Yrityksemme on toimittanut materiaaleja, lis\u00e4aineita ja laitteita virolaiselle elintarviketeollisuudelle l\u00e4hes 20 vuoden ajan. Viime vuosina on lis\u00e4\u00e4ntynyt niiden kiinnostuneiden ihmisten m\u00e4\u00e4r\u00e4, jotka haluavat kokeilla leiv\u00e4n, juuston, jogurtin, verimakkaran jne. valmistusta kotona.<\/p>\n\t\t\t\t\t\t\t\t<\/div>\n\t\t\t\t<\/div>\n\t\t\t\t\t<\/div>\n\t\t<\/div>\n\t\t\t\t<div class=\"elementor-column elementor-col-50 elementor-inner-column elementor-element elementor-element-ebb1faf\" data-id=\"ebb1faf\" data-element_type=\"column\" data-e-type=\"column\">\n\t\t\t<div class=\"elementor-widget-wrap\">\n\t\t\t\t\t\t\t<\/div>\n\t\t<\/div>\n\t\t\t\t\t<\/div>\n\t\t<\/section>\n\t\t\t\t<section class=\"wd-negative-gap elementor-section elementor-inner-section elementor-element elementor-element-817a53f elementor-section-boxed elementor-section-height-default elementor-section-height-default\" data-id=\"817a53f\" data-element_type=\"section\" data-e-type=\"section\">\n\t\t\t\t\t\t<div class=\"elementor-container elementor-column-gap-default\">\n\t\t\t\t\t<div class=\"elementor-column elementor-col-50 elementor-inner-column elementor-element elementor-element-5b9aa0f\" data-id=\"5b9aa0f\" data-element_type=\"column\" data-e-type=\"column\">\n\t\t\t<div class=\"elementor-widget-wrap elementor-element-populated\">\n\t\t\t\t\t\t<div class=\"elementor-element elementor-element-a44b324 elementor-invisible elementor-widget elementor-widget-image\" data-id=\"a44b324\" data-element_type=\"widget\" data-e-type=\"widget\" data-settings=\"{&quot;_animation&quot;:&quot;fadeIn&quot;}\" data-widget_type=\"image.default\">\n\t\t\t\t<div class=\"elementor-widget-container\">\n\t\t\t\t\t\t\t\t\t\t\t\t\t\t\t<img decoding=\"async\" width=\"596\" height=\"394\" src=\"https:\/\/saksavorst.ee\/wp-content\/uploads\/2022\/12\/Rectangle-548-1.jpg\" class=\"attachment-large size-large wp-image-11830\" alt=\"\" srcset=\"https:\/\/saksavorst.ee\/wp-content\/uploads\/2022\/12\/Rectangle-548-1.jpg 596w, https:\/\/saksavorst.ee\/wp-content\/uploads\/2022\/12\/Rectangle-548-1-430x284.jpg 430w, https:\/\/saksavorst.ee\/wp-content\/uploads\/2022\/12\/Rectangle-548-1-150x99.jpg 150w, https:\/\/saksavorst.ee\/wp-content\/uploads\/2022\/12\/Rectangle-548-1-400x264.jpg 400w\" sizes=\"(max-width: 596px) 100vw, 596px\" \/>\t\t\t\t\t\t\t\t\t\t\t\t\t\t\t<\/div>\n\t\t\t\t<\/div>\n\t\t\t\t\t<\/div>\n\t\t<\/div>\n\t\t\t\t<div class=\"elementor-column elementor-col-50 elementor-inner-column elementor-element elementor-element-3d266cf\" data-id=\"3d266cf\" data-element_type=\"column\" data-e-type=\"column\">\n\t\t\t<div class=\"elementor-widget-wrap elementor-element-populated\">\n\t\t\t\t\t\t<div class=\"elementor-element elementor-element-1da3a54 color-scheme-inherit text-left elementor-invisible elementor-widget elementor-widget-text-editor\" data-id=\"1da3a54\" data-element_type=\"widget\" data-e-type=\"widget\" data-settings=\"{&quot;_animation&quot;:&quot;fadeIn&quot;}\" data-widget_type=\"text-editor.default\">\n\t\t\t\t<div class=\"elementor-widget-container\">\n\t\t\t\t\t\t\t\t\t<p>Koska nykyinen irtotavaravarastomme ei pystynyt palvelemaan n\u00e4it\u00e4 asiakkaita, p\u00e4\u00e4timme tarjota sopivia tuotteita verkkokaupan kautta. Nyt HoReCa-yritykset, maanviljelij\u00e4t, mets\u00e4st\u00e4j\u00e4t, koti\u00e4idit, harrastajakokit ja kaikki muutkin voivat ostaa tuotteitamme k\u00e4tev\u00e4sti. Voit edelleen saada teknist\u00e4 tukea, reseptej\u00e4, k\u00e4ytt\u00f6ohjeita ja suosituksia asiantuntijoiltamme, joiden yhteystiedot l\u00f6ytyv\u00e4t verkkosivustolta <span style=\"text-decoration: underline;\">www.veikand.ee<\/span>.<\/p>\n\t\t\t\t\t\t\t\t<\/div>\n\t\t\t\t<\/div>\n\t\t\t\t\t<\/div>\n\t\t<\/div>\n\t\t\t\t\t<\/div>\n\t\t<\/section>\n\t\t\t\t<section class=\"wd-negative-gap elementor-section elementor-inner-section elementor-element elementor-element-8f7875f elementor-reverse-tablet elementor-reverse-mobile elementor-section-boxed elementor-section-height-default elementor-section-height-default\" data-id=\"8f7875f\" data-element_type=\"section\" data-e-type=\"section\">\n\t\t\t\t\t\t<div class=\"elementor-container elementor-column-gap-default\">\n\t\t\t\t\t<div class=\"elementor-column elementor-col-50 elementor-inner-column elementor-element elementor-element-3e44963\" data-id=\"3e44963\" data-element_type=\"column\" data-e-type=\"column\">\n\t\t\t<div class=\"elementor-widget-wrap elementor-element-populated\">\n\t\t\t\t\t\t<div class=\"elementor-element elementor-element-e876d73 color-scheme-inherit text-left elementor-invisible elementor-widget elementor-widget-text-editor\" data-id=\"e876d73\" data-element_type=\"widget\" data-e-type=\"widget\" data-settings=\"{&quot;_animation&quot;:&quot;fadeIn&quot;}\" data-widget_type=\"text-editor.default\">\n\t\t\t\t<div class=\"elementor-widget-container\">\n\t\t\t\t\t\t\t\t\t<p>Ostokset verkkokaupassamme ovat turvallisia, kaikki myyt\u00e4v\u00e4t tuotteet ovat varastossa ja nopeasti saatavilla. Varastostamme, V\u00e4lja tn 7, P\u00e4rnu, voit noutaa tavarat heti maksun j\u00e4lkeen, jos haet ne itse. N\u00e4in s\u00e4\u00e4st\u00e4t my\u00f6s toimituskuluissa.<\/p>\n\t\t\t\t\t\t\t\t<\/div>\n\t\t\t\t<\/div>\n\t\t\t\t\t<\/div>\n\t\t<\/div>\n\t\t\t\t<div class=\"elementor-column elementor-col-50 elementor-inner-column elementor-element elementor-element-6acd73c\" data-id=\"6acd73c\" data-element_type=\"column\" data-e-type=\"column\">\n\t\t\t<div class=\"elementor-widget-wrap elementor-element-populated\">\n\t\t\t\t\t\t<div class=\"elementor-element elementor-element-4ba14f5 elementor-widget__width-initial elementor-invisible elementor-widget elementor-widget-image\" data-id=\"4ba14f5\" data-element_type=\"widget\" data-e-type=\"widget\" data-settings=\"{&quot;_animation&quot;:&quot;fadeIn&quot;}\" data-widget_type=\"image.default\">\n\t\t\t\t<div class=\"elementor-widget-container\">\n\t\t\t\t\t\t\t\t\t\t\t\t\t\t\t<img decoding=\"async\" width=\"204\" height=\"204\" src=\"https:\/\/saksavorst.ee\/wp-content\/uploads\/2022\/12\/Rectangle-550-2.jpg\" class=\"attachment-large size-large wp-image-11833\" alt=\"\" srcset=\"https:\/\/saksavorst.ee\/wp-content\/uploads\/2022\/12\/Rectangle-550-2.jpg 204w, https:\/\/saksavorst.ee\/wp-content\/uploads\/2022\/12\/Rectangle-550-2-150x150.jpg 150w\" sizes=\"(max-width: 204px) 100vw, 204px\" \/>\t\t\t\t\t\t\t\t\t\t\t\t\t\t\t<\/div>\n\t\t\t\t<\/div>\n\t\t\t\t<div class=\"elementor-element elementor-element-3487300 elementor-widget__width-initial elementor-invisible elementor-widget elementor-widget-image\" data-id=\"3487300\" data-element_type=\"widget\" data-e-type=\"widget\" data-settings=\"{&quot;_animation&quot;:&quot;fadeIn&quot;}\" data-widget_type=\"image.default\">\n\t\t\t\t<div class=\"elementor-widget-container\">\n\t\t\t\t\t\t\t\t\t\t\t\t\t\t\t<img decoding=\"async\" width=\"358\" height=\"358\" src=\"https:\/\/saksavorst.ee\/wp-content\/uploads\/2022\/12\/Rectangle-549-1.jpg\" class=\"attachment-large size-large wp-image-11836\" alt=\"\" srcset=\"https:\/\/saksavorst.ee\/wp-content\/uploads\/2022\/12\/Rectangle-549-1.jpg 358w, https:\/\/saksavorst.ee\/wp-content\/uploads\/2022\/12\/Rectangle-549-1-150x150.jpg 150w, https:\/\/saksavorst.ee\/wp-content\/uploads\/2022\/12\/Rectangle-549-1-300x300.jpg 300w\" sizes=\"(max-width: 358px) 100vw, 358px\" \/>\t\t\t\t\t\t\t\t\t\t\t\t\t\t\t<\/div>\n\t\t\t\t<\/div>\n\t\t\t\t\t<\/div>\n\t\t<\/div>\n\t\t\t\t\t<\/div>\n\t\t<\/section>\n\t\t\t\t\t<\/div>\n\t\t<\/div>\n\t\t\t\t\t<\/div>\n\t\t<\/section>\n\t\t\t\t<section class=\"elementor-section elementor-top-section elementor-element elementor-element-5a9d9ff wd-section-stretch elementor-section-height-min-height elementor-hidden-mobile elementor-section-boxed elementor-section-height-default elementor-section-items-middle\" data-id=\"5a9d9ff\" data-element_type=\"section\" data-e-type=\"section\" data-settings=\"{&quot;background_background&quot;:&quot;video&quot;,&quot;background_video_link&quot;:&quot;https:\\\/\\\/youtu.be\\\/Pb4AFTwSpG4&quot;}\">\n\t\t\t\t\t\t\t\t<div class=\"elementor-background-video-container elementor-hidden-mobile\">\n\t\t\t\t\t\t\t\t\t\t\t\t\t<div class=\"elementor-background-video-embed\" role=\"presentation\"><\/div>\n\t\t\t\t\t\t\t\t\t\t\t\t<\/div>\n\t\t\t\t\t\t\t\t\t<div class=\"elementor-background-overlay\"><\/div>\n\t\t\t\t\t\t\t<div class=\"elementor-container elementor-column-gap-default\">\n\t\t\t\t\t<div class=\"elementor-column elementor-col-50 elementor-top-column elementor-element elementor-element-af28ac3\" data-id=\"af28ac3\" data-element_type=\"column\" data-e-type=\"column\">\n\t\t\t<div class=\"elementor-widget-wrap\">\n\t\t\t\t\t\t\t<\/div>\n\t\t<\/div>\n\t\t\t\t<div class=\"elementor-column elementor-col-50 elementor-top-column elementor-element elementor-element-80d5b72\" data-id=\"80d5b72\" data-element_type=\"column\" data-e-type=\"column\">\n\t\t\t<div class=\"elementor-widget-wrap\">\n\t\t\t\t\t\t\t<\/div>\n\t\t<\/div>\n\t\t\t\t\t<\/div>\n\t\t<\/section>\n\t\t\t\t<\/div>\n\t\t","protected":false},"excerpt":{"rendered":"<p>Yrityksemme on toimittanut materiaaleja, lis\u00e4aineita ja laitteita virolaiselle elintarviketeollisuudelle l\u00e4hes 20 vuoden ajan. Viime vuosina on lis\u00e4\u00e4ntynyt niiden kiinnostuneiden ihmisten<\/p>\n","protected":false},"author":1,"featured_media":0,"parent":0,"menu_order":0,"comment_status":"closed","ping_status":"closed","template":"elementor_header_footer","meta":{"_acf_changed":false,"footnotes":""},"class_list":["post-19598","page","type-page","status-publish","hentry"],"acf":[],"yoast_head":"<!-- This site is optimized with the Yoast SEO plugin v27.3 - https:\/\/yoast.com\/product\/yoast-seo-wordpress\/ -->\n<title>Meid\u00e4n tarinamme - Saksavorst<\/title>\n<meta name=\"robots\" content=\"index, follow, max-snippet:-1, max-image-preview:large, max-video-preview:-1\" \/>\n<link rel=\"canonical\" href=\"https:\/\/saksavorst.ee\/fi\/meidan-tarinamme\/\" \/>\n<meta property=\"og:locale\" content=\"fi_FI\" \/>\n<meta property=\"og:type\" content=\"article\" \/>\n<meta property=\"og:title\" content=\"Meid\u00e4n tarinamme - Saksavorst\" \/>\n<meta property=\"og:description\" content=\"Yrityksemme on toimittanut materiaaleja, lis\u00e4aineita ja laitteita virolaiselle elintarviketeollisuudelle l\u00e4hes 20 vuoden ajan. Viime vuosina on lis\u00e4\u00e4ntynyt niiden kiinnostuneiden ihmisten\" \/>\n<meta property=\"og:url\" content=\"https:\/\/saksavorst.ee\/fi\/meidan-tarinamme\/\" \/>\n<meta property=\"og:site_name\" content=\"Saksavorst\" \/>\n<meta property=\"article:publisher\" content=\"https:\/\/www.facebook.com\/Veikand\" \/>\n<meta property=\"article:modified_time\" content=\"2023-09-20T13:37:49+00:00\" \/>\n<meta property=\"og:image\" content=\"https:\/\/saksavorst.ee\/wp-content\/uploads\/2022\/12\/Rectangle-Copy-4-1.svg\" \/>\n<meta name=\"twitter:card\" content=\"summary_large_image\" \/>\n<meta name=\"twitter:label1\" content=\"Arvioitu lukuaika\" \/>\n\t<meta name=\"twitter:data1\" content=\"2 minuuttia\" \/>\n<script type=\"application\/ld+json\" class=\"yoast-schema-graph\">{\"@context\":\"https:\\\/\\\/schema.org\",\"@graph\":[{\"@type\":\"WebPage\",\"@id\":\"https:\\\/\\\/saksavorst.ee\\\/fi\\\/meidan-tarinamme\\\/\",\"url\":\"https:\\\/\\\/saksavorst.ee\\\/fi\\\/meidan-tarinamme\\\/\",\"name\":\"Meid\u00e4n tarinamme - Saksavorst\",\"isPartOf\":{\"@id\":\"https:\\\/\\\/saksavorst.ee\\\/fi\\\/#website\"},\"primaryImageOfPage\":{\"@id\":\"https:\\\/\\\/saksavorst.ee\\\/fi\\\/meidan-tarinamme\\\/#primaryimage\"},\"image\":{\"@id\":\"https:\\\/\\\/saksavorst.ee\\\/fi\\\/meidan-tarinamme\\\/#primaryimage\"},\"thumbnailUrl\":\"https:\\\/\\\/saksavorst.ee\\\/wp-content\\\/uploads\\\/2022\\\/12\\\/Rectangle-Copy-4-1.svg\",\"datePublished\":\"2022-12-27T14:09:24+00:00\",\"dateModified\":\"2023-09-20T13:37:49+00:00\",\"breadcrumb\":{\"@id\":\"https:\\\/\\\/saksavorst.ee\\\/fi\\\/meidan-tarinamme\\\/#breadcrumb\"},\"inLanguage\":\"fi\",\"potentialAction\":[{\"@type\":\"ReadAction\",\"target\":[\"https:\\\/\\\/saksavorst.ee\\\/fi\\\/meidan-tarinamme\\\/\"]}]},{\"@type\":\"ImageObject\",\"inLanguage\":\"fi\",\"@id\":\"https:\\\/\\\/saksavorst.ee\\\/fi\\\/meidan-tarinamme\\\/#primaryimage\",\"url\":\"https:\\\/\\\/saksavorst.ee\\\/wp-content\\\/uploads\\\/2022\\\/12\\\/Rectangle-Copy-4-1.svg\",\"contentUrl\":\"https:\\\/\\\/saksavorst.ee\\\/wp-content\\\/uploads\\\/2022\\\/12\\\/Rectangle-Copy-4-1.svg\"},{\"@type\":\"BreadcrumbList\",\"@id\":\"https:\\\/\\\/saksavorst.ee\\\/fi\\\/meidan-tarinamme\\\/#breadcrumb\",\"itemListElement\":[{\"@type\":\"ListItem\",\"position\":1,\"name\":\"Home\",\"item\":\"https:\\\/\\\/saksavorst.ee\\\/fi\\\/\"},{\"@type\":\"ListItem\",\"position\":2,\"name\":\"Meid\u00e4n tarinamme\"}]},{\"@type\":\"WebSite\",\"@id\":\"https:\\\/\\\/saksavorst.ee\\\/fi\\\/#website\",\"url\":\"https:\\\/\\\/saksavorst.ee\\\/fi\\\/\",\"name\":\"Saksavorst\",\"description\":\"Feel the taste of emotions\",\"publisher\":{\"@id\":\"https:\\\/\\\/saksavorst.ee\\\/fi\\\/#organization\"},\"alternateName\":\"Veikand\",\"potentialAction\":[{\"@type\":\"SearchAction\",\"target\":{\"@type\":\"EntryPoint\",\"urlTemplate\":\"https:\\\/\\\/saksavorst.ee\\\/fi\\\/?s={search_term_string}\"},\"query-input\":{\"@type\":\"PropertyValueSpecification\",\"valueRequired\":true,\"valueName\":\"search_term_string\"}}],\"inLanguage\":\"fi\"},{\"@type\":\"Organization\",\"@id\":\"https:\\\/\\\/saksavorst.ee\\\/fi\\\/#organization\",\"name\":\"Saksavorst\",\"alternateName\":\"Veikand\",\"url\":\"https:\\\/\\\/saksavorst.ee\\\/fi\\\/\",\"logo\":{\"@type\":\"ImageObject\",\"inLanguage\":\"fi\",\"@id\":\"https:\\\/\\\/saksavorst.ee\\\/fi\\\/#\\\/schema\\\/logo\\\/image\\\/\",\"url\":\"https:\\\/\\\/saksavorst.ee\\\/wp-content\\\/uploads\\\/2023\\\/05\\\/veikand-logo.jpg\",\"contentUrl\":\"https:\\\/\\\/saksavorst.ee\\\/wp-content\\\/uploads\\\/2023\\\/05\\\/veikand-logo.jpg\",\"width\":217,\"height\":217,\"caption\":\"Saksavorst\"},\"image\":{\"@id\":\"https:\\\/\\\/saksavorst.ee\\\/fi\\\/#\\\/schema\\\/logo\\\/image\\\/\"},\"sameAs\":[\"https:\\\/\\\/www.facebook.com\\\/Veikand\"]}]}<\/script>\n<!-- \/ Yoast SEO plugin. -->","yoast_head_json":{"title":"Meid\u00e4n tarinamme - Saksavorst","robots":{"index":"index","follow":"follow","max-snippet":"max-snippet:-1","max-image-preview":"max-image-preview:large","max-video-preview":"max-video-preview:-1"},"canonical":"https:\/\/saksavorst.ee\/fi\/meidan-tarinamme\/","og_locale":"fi_FI","og_type":"article","og_title":"Meid\u00e4n tarinamme - Saksavorst","og_description":"Yrityksemme on toimittanut materiaaleja, lis\u00e4aineita ja laitteita virolaiselle elintarviketeollisuudelle l\u00e4hes 20 vuoden ajan. Viime vuosina on lis\u00e4\u00e4ntynyt niiden kiinnostuneiden ihmisten","og_url":"https:\/\/saksavorst.ee\/fi\/meidan-tarinamme\/","og_site_name":"Saksavorst","article_publisher":"https:\/\/www.facebook.com\/Veikand","article_modified_time":"2023-09-20T13:37:49+00:00","og_image":[{"url":"https:\/\/saksavorst.ee\/wp-content\/uploads\/2022\/12\/Rectangle-Copy-4-1.svg","type":"","width":"","height":""}],"twitter_card":"summary_large_image","twitter_misc":{"Arvioitu lukuaika":"2 minuuttia"},"schema":{"@context":"https:\/\/schema.org","@graph":[{"@type":"WebPage","@id":"https:\/\/saksavorst.ee\/fi\/meidan-tarinamme\/","url":"https:\/\/saksavorst.ee\/fi\/meidan-tarinamme\/","name":"Meid\u00e4n tarinamme - Saksavorst","isPartOf":{"@id":"https:\/\/saksavorst.ee\/fi\/#website"},"primaryImageOfPage":{"@id":"https:\/\/saksavorst.ee\/fi\/meidan-tarinamme\/#primaryimage"},"image":{"@id":"https:\/\/saksavorst.ee\/fi\/meidan-tarinamme\/#primaryimage"},"thumbnailUrl":"https:\/\/saksavorst.ee\/wp-content\/uploads\/2022\/12\/Rectangle-Copy-4-1.svg","datePublished":"2022-12-27T14:09:24+00:00","dateModified":"2023-09-20T13:37:49+00:00","breadcrumb":{"@id":"https:\/\/saksavorst.ee\/fi\/meidan-tarinamme\/#breadcrumb"},"inLanguage":"fi","potentialAction":[{"@type":"ReadAction","target":["https:\/\/saksavorst.ee\/fi\/meidan-tarinamme\/"]}]},{"@type":"ImageObject","inLanguage":"fi","@id":"https:\/\/saksavorst.ee\/fi\/meidan-tarinamme\/#primaryimage","url":"https:\/\/saksavorst.ee\/wp-content\/uploads\/2022\/12\/Rectangle-Copy-4-1.svg","contentUrl":"https:\/\/saksavorst.ee\/wp-content\/uploads\/2022\/12\/Rectangle-Copy-4-1.svg"},{"@type":"BreadcrumbList","@id":"https:\/\/saksavorst.ee\/fi\/meidan-tarinamme\/#breadcrumb","itemListElement":[{"@type":"ListItem","position":1,"name":"Home","item":"https:\/\/saksavorst.ee\/fi\/"},{"@type":"ListItem","position":2,"name":"Meid\u00e4n tarinamme"}]},{"@type":"WebSite","@id":"https:\/\/saksavorst.ee\/fi\/#website","url":"https:\/\/saksavorst.ee\/fi\/","name":"Saksavorst","description":"Feel the taste of emotions","publisher":{"@id":"https:\/\/saksavorst.ee\/fi\/#organization"},"alternateName":"Veikand","potentialAction":[{"@type":"SearchAction","target":{"@type":"EntryPoint","urlTemplate":"https:\/\/saksavorst.ee\/fi\/?s={search_term_string}"},"query-input":{"@type":"PropertyValueSpecification","valueRequired":true,"valueName":"search_term_string"}}],"inLanguage":"fi"},{"@type":"Organization","@id":"https:\/\/saksavorst.ee\/fi\/#organization","name":"Saksavorst","alternateName":"Veikand","url":"https:\/\/saksavorst.ee\/fi\/","logo":{"@type":"ImageObject","inLanguage":"fi","@id":"https:\/\/saksavorst.ee\/fi\/#\/schema\/logo\/image\/","url":"https:\/\/saksavorst.ee\/wp-content\/uploads\/2023\/05\/veikand-logo.jpg","contentUrl":"https:\/\/saksavorst.ee\/wp-content\/uploads\/2023\/05\/veikand-logo.jpg","width":217,"height":217,"caption":"Saksavorst"},"image":{"@id":"https:\/\/saksavorst.ee\/fi\/#\/schema\/logo\/image\/"},"sameAs":["https:\/\/www.facebook.com\/Veikand"]}]}},"_links":{"self":[{"href":"https:\/\/saksavorst.ee\/fi\/wp-json\/wp\/v2\/pages\/19598","targetHints":{"allow":["GET"]}}],"collection":[{"href":"https:\/\/saksavorst.ee\/fi\/wp-json\/wp\/v2\/pages"}],"about":[{"href":"https:\/\/saksavorst.ee\/fi\/wp-json\/wp\/v2\/types\/page"}],"author":[{"embeddable":true,"href":"https:\/\/saksavorst.ee\/fi\/wp-json\/wp\/v2\/users\/1"}],"replies":[{"embeddable":true,"href":"https:\/\/saksavorst.ee\/fi\/wp-json\/wp\/v2\/comments?post=19598"}],"version-history":[{"count":0,"href":"https:\/\/saksavorst.ee\/fi\/wp-json\/wp\/v2\/pages\/19598\/revisions"}],"wp:attachment":[{"href":"https:\/\/saksavorst.ee\/fi\/wp-json\/wp\/v2\/media?parent=19598"}],"curies":[{"name":"wp","href":"https:\/\/api.w.org\/{rel}","templated":true}]}}